{"id":111178,"date":"2025-05-29T12:21:48","date_gmt":"2025-05-29T10:21:48","guid":{"rendered":"https:\/\/abinox-chr-clim.com\/index.php\/product\/chiffons-non-tisses-tres-resistants-jantex-verts-lot-de-25\/"},"modified":"2026-04-14T11:14:30","modified_gmt":"2026-04-14T09:14:30","slug":"chiffons-non-tisses-tres-resistants-jantex-verts-lot-de-25","status":"publish","type":"product","link":"https:\/\/abinox-chr-clim.com\/index.php\/product\/chiffons-non-tisses-tres-resistants-jantex-verts-lot-de-25\/","title":{"rendered":"Chiffons non tiss\u00e9s tr\u00e8s r\u00e9sistants Jantex verts (lot de 25)"},"content":{"rendered":"<p>Am\u00e9liorez vos chiffons de nettoyage standard avec ces options robustes de Jantex. Leur couleur verte les rend id\u00e9ales pour un nettoyage cod\u00e9 par couleur, aidant \u00e0 \u00e9liminer la contamination crois\u00e9e et \u00e0 pr\u00e9venir la propagation des germes dans les diff\u00e9rentes zones de votre site. Ces chiffons poss\u00e8dent \u00e9galement des propri\u00e9t\u00e9s antibact\u00e9riennes, r\u00e9duisant consid\u00e9rablement la croissance des bact\u00e9ries sur le chiffon et garantissant que les bact\u00e9ries ne sont pas transf\u00e9r\u00e9es d&rsquo;une surface \u00e0 une autre pendant le nettoyage.Ce n&rsquo;est pas tout. Le mat\u00e9riau non tiss\u00e9 rend ces chiffons hautement absorbants, leur permettant d&rsquo;absorber rapidement et facilement les d\u00e9versements et de s&rsquo;attaquer aux salet\u00e9s. Ils sont \u00e9galement r\u00e9sistants \u00e0 la d\u00e9chirure, les rendant parfaits pour les zones tr\u00e8s sales. Avec 25 chiffons robustes Jantex par paquet, chaque achat offre une utilisation durable, vous assurant d&rsquo;avoir toujours des chiffons de nettoyage de qualit\u00e9 \u00e0 port\u00e9e de main lorsque vous en avez le plus besoin.<\/p>\n<p>\u2022 Chiffons de nettoyage robustes aux propri\u00e9t\u00e9s antibact\u00e9riennes<br \/>\u2022 Code couleur pour \u00e9viter la contamination crois\u00e9e<br \/>\u2022 Meilleure capacit\u00e9 d&rsquo;absorption, r\u00e9sistance \u00e0 la d\u00e9chirure par rapport aux chiffons de nettoyage standards<br \/>\u2022 Fabriqu\u00e9 \u00e0 partir d&rsquo;un m\u00e9lange de 30 % viscose et 70 % polyester.<br \/>\u2022 Taille du chiffon 490x380mm<\/p>\n<p><b><u>Caract\u00e9ristiques du produit :<\/u><\/b><br \/>\u2022 Lot : 25.0<br \/>\u2022 Dim. : 490(L) x 380(P) mm<br \/>\u2022 Couleur : Vert.<\/p>\n","protected":false},"excerpt":{"rendered":"<p>Lot de 25<\/p>\n","protected":false},"featured_media":106262,"comment_status":"open","ping_status":"closed","template":"","meta":[],"product_brand":[],"product_cat":[1230,1227,1297,1216],"product_tag":[],"class_list":{"0":"post-111178","1":"product","2":"type-product","3":"status-publish","4":"has-post-thumbnail","6":"product_cat-chiffons-et-eponges","7":"product_cat-nettoyage","8":"product_cat-non-palettisable","9":"product_cat-usage-unique-et-entretien","10":"product_shipping_class-free-shipping","12":"first","13":"outofstock","14":"featured","15":"taxable","16":"shipping-taxable","17":"purchasable","18":"product-type-simple"},"_links":{"self":[{"href":"https:\/\/abinox-chr-clim.com\/index.php\/wp-json\/wp\/v2\/product\/111178","targetHints":{"allow":["GET"]}}],"collection":[{"href":"https:\/\/abinox-chr-clim.com\/index.php\/wp-json\/wp\/v2\/product"}],"about":[{"href":"https:\/\/abinox-chr-clim.com\/index.php\/wp-json\/wp\/v2\/types\/product"}],"replies":[{"embeddable":true,"href":"https:\/\/abinox-chr-clim.com\/index.php\/wp-json\/wp\/v2\/comments?post=111178"}],"wp:featuredmedia":[{"embeddable":true,"href":"https:\/\/abinox-chr-clim.com\/index.php\/wp-json\/wp\/v2\/media\/106262"}],"wp:attachment":[{"href":"https:\/\/abinox-chr-clim.com\/index.php\/wp-json\/wp\/v2\/media?parent=111178"}],"wp:term":[{"taxonomy":"product_brand","embeddable":true,"href":"https:\/\/abinox-chr-clim.com\/index.php\/wp-json\/wp\/v2\/product_brand?post=111178"},{"taxonomy":"product_cat","embeddable":true,"href":"https:\/\/abinox-chr-clim.com\/index.php\/wp-json\/wp\/v2\/product_cat?post=111178"},{"taxonomy":"product_tag","embeddable":true,"href":"https:\/\/abinox-chr-clim.com\/index.php\/wp-json\/wp\/v2\/product_tag?post=111178"}],"curies":[{"name":"wp","href":"https:\/\/api.w.org\/{rel}","templated":true}]}}