{"id":111170,"date":"2025-05-29T12:21:31","date_gmt":"2025-05-29T10:21:31","guid":{"rendered":"https:\/\/abinox-chr-clim.com\/index.php\/product\/fourchettes-en-papier-fiesta-compostable-155-mm-lot-de-100\/"},"modified":"2026-04-24T11:02:55","modified_gmt":"2026-04-24T09:02:55","slug":"fourchettes-en-papier-fiesta-compostable-155-mm-lot-de-100","status":"publish","type":"product","link":"https:\/\/abinox-chr-clim.com\/index.php\/product\/fourchettes-en-papier-fiesta-compostable-155-mm-lot-de-100\/","title":{"rendered":"Fourchettes en papier Fiesta Compostable 155 mm (lot de 100)"},"content":{"rendered":"<p>Alternative id\u00e9ale aux couverts en plastique et en bois. Compostables industriellement. Livr\u00e9s dans une bo\u00eete distributrice avec couvercle perfor\u00e9 d\u00e9tachable.<\/p>\n<p>\u2022 Conditionn\u00e9 dans une bo\u00eete distributrice de 100 pi\u00e8ces<br \/>\u2022 155mm de longueur<br \/>\u2022 Certifi\u00e9 EN13432, compostable commercialement<br \/>\u2022 Excellente alternative aux couverts en plastique et en bois<\/p>\n<p><b><u>Caract\u00e9ristiques du produit :<\/u><\/b><br \/>\u2022 Lot : 100.0<br \/>\u2022 Mati\u00e8re : Papier<br \/>\u2022 Couleur : Blanc.<\/p>\n","protected":false},"excerpt":{"rendered":"<p>155(L)mm. Quantit\u00e9 par paquet : 100<\/p>\n","protected":false},"featured_media":108991,"comment_status":"open","ping_status":"closed","template":"","meta":[],"product_brand":[],"product_cat":[1297,1238,1216,1244],"product_tag":[],"class_list":{"0":"post-111170","1":"product","2":"type-product","3":"status-publish","4":"has-post-thumbnail","6":"product_cat-non-palettisable","7":"product_cat-produits-a-usage-unique","8":"product_cat-usage-unique-et-entretien","9":"product_cat-vaisselle-couverts-et-gobelets","10":"product_shipping_class-free-shipping","12":"first","13":"instock","14":"featured","15":"taxable","16":"shipping-taxable","17":"purchasable","18":"product-type-simple"},"_links":{"self":[{"href":"https:\/\/abinox-chr-clim.com\/index.php\/wp-json\/wp\/v2\/product\/111170","targetHints":{"allow":["GET"]}}],"collection":[{"href":"https:\/\/abinox-chr-clim.com\/index.php\/wp-json\/wp\/v2\/product"}],"about":[{"href":"https:\/\/abinox-chr-clim.com\/index.php\/wp-json\/wp\/v2\/types\/product"}],"replies":[{"embeddable":true,"href":"https:\/\/abinox-chr-clim.com\/index.php\/wp-json\/wp\/v2\/comments?post=111170"}],"wp:featuredmedia":[{"embeddable":true,"href":"https:\/\/abinox-chr-clim.com\/index.php\/wp-json\/wp\/v2\/media\/108991"}],"wp:attachment":[{"href":"https:\/\/abinox-chr-clim.com\/index.php\/wp-json\/wp\/v2\/media?parent=111170"}],"wp:term":[{"taxonomy":"product_brand","embeddable":true,"href":"https:\/\/abinox-chr-clim.com\/index.php\/wp-json\/wp\/v2\/product_brand?post=111170"},{"taxonomy":"product_cat","embeddable":true,"href":"https:\/\/abinox-chr-clim.com\/index.php\/wp-json\/wp\/v2\/product_cat?post=111170"},{"taxonomy":"product_tag","embeddable":true,"href":"https:\/\/abinox-chr-clim.com\/index.php\/wp-json\/wp\/v2\/product_tag?post=111170"}],"curies":[{"name":"wp","href":"https:\/\/api.w.org\/{rel}","templated":true}]}}