{"id":111168,"date":"2025-05-29T12:21:27","date_gmt":"2025-05-29T10:21:27","guid":{"rendered":"https:\/\/abinox-chr-clim.com\/index.php\/product\/brosse-et-support-wc-noir-jantex\/"},"modified":"2026-04-14T11:17:23","modified_gmt":"2026-04-14T09:17:23","slug":"brosse-et-support-wc-noir-jantex","status":"publish","type":"product","link":"https:\/\/abinox-chr-clim.com\/index.php\/product\/brosse-et-support-wc-noir-jantex\/","title":{"rendered":"Brosse et support WC noir Jantex"},"content":{"rendered":"<p>La t\u00eate ronde \u00e0 poils avec des poils en plastique facilite le nettoyage de la cuvette des toilettes, tout en vous permettant d&rsquo;atteindre des zones plus difficiles avec un minimum d&rsquo;effort.<\/p>\n<p>\u2022 Brosse et support inclus<br \/>\u2022 \u00c0 associer \u00e0 la poubelle 5L Jantex (Code HT480) pour un ensemble moderne salle de bain\/toilettes<br \/>\u2022 Les poils en plastique facilitent le nettoyage de la cuvette des toilettes<br \/>\u2022 La t\u00eate \u00e0 poils ronde permet d&rsquo;atteindre les zones difficiles d&rsquo;acc\u00e8s<\/p>\n<p><b><u>Caract\u00e9ristiques du produit :<\/u><\/b><br \/>\u2022 Mati\u00e8re : ABS<br \/>\u2022 Couleur : Noir.<\/p>\n","protected":false},"excerpt":{"rendered":"<p>Assortie \u00e0 la poubelle de salle de bain noire 5L Jantex (Code &#8211; HT480)<\/p>\n","protected":false},"featured_media":105702,"comment_status":"open","ping_status":"closed","template":"","meta":[],"product_brand":[],"product_cat":[1227,1297,1216],"product_tag":[],"class_list":{"0":"post-111168","1":"product","2":"type-product","3":"status-publish","4":"has-post-thumbnail","6":"product_cat-nettoyage","7":"product_cat-non-palettisable","8":"product_cat-usage-unique-et-entretien","9":"product_shipping_class-free-shipping","11":"first","12":"instock","13":"featured","14":"taxable","15":"shipping-taxable","16":"purchasable","17":"product-type-simple"},"_links":{"self":[{"href":"https:\/\/abinox-chr-clim.com\/index.php\/wp-json\/wp\/v2\/product\/111168","targetHints":{"allow":["GET"]}}],"collection":[{"href":"https:\/\/abinox-chr-clim.com\/index.php\/wp-json\/wp\/v2\/product"}],"about":[{"href":"https:\/\/abinox-chr-clim.com\/index.php\/wp-json\/wp\/v2\/types\/product"}],"replies":[{"embeddable":true,"href":"https:\/\/abinox-chr-clim.com\/index.php\/wp-json\/wp\/v2\/comments?post=111168"}],"wp:featuredmedia":[{"embeddable":true,"href":"https:\/\/abinox-chr-clim.com\/index.php\/wp-json\/wp\/v2\/media\/105702"}],"wp:attachment":[{"href":"https:\/\/abinox-chr-clim.com\/index.php\/wp-json\/wp\/v2\/media?parent=111168"}],"wp:term":[{"taxonomy":"product_brand","embeddable":true,"href":"https:\/\/abinox-chr-clim.com\/index.php\/wp-json\/wp\/v2\/product_brand?post=111168"},{"taxonomy":"product_cat","embeddable":true,"href":"https:\/\/abinox-chr-clim.com\/index.php\/wp-json\/wp\/v2\/product_cat?post=111168"},{"taxonomy":"product_tag","embeddable":true,"href":"https:\/\/abinox-chr-clim.com\/index.php\/wp-json\/wp\/v2\/product_tag?post=111168"}],"curies":[{"name":"wp","href":"https:\/\/api.w.org\/{rel}","templated":true}]}}