{"id":111165,"date":"2025-05-29T12:21:21","date_gmt":"2025-05-29T10:21:21","guid":{"rendered":"https:\/\/abinox-chr-clim.com\/index.php\/product\/poubelle-a-pedale-ronde-en-acier-brosse-jantex-3l\/"},"modified":"2026-04-15T10:46:19","modified_gmt":"2026-04-15T08:46:19","slug":"poubelle-a-pedale-ronde-en-acier-brosse-jantex-3l","status":"publish","type":"product","link":"https:\/\/abinox-chr-clim.com\/index.php\/product\/poubelle-a-pedale-ronde-en-acier-brosse-jantex-3l\/","title":{"rendered":"Poubelle \u00e0 p\u00e9dale ronde en acier bross\u00e9 Jantex 3L"},"content":{"rendered":"<p>Poubelle ronde \u00e9l\u00e9gante en acier bross\u00e9 avec p\u00e9dale de fermeture souple pour une \u00e9limination pratique et hygi\u00e9nique des d\u00e9chets. Id\u00e9ale pour les toilettes et les petits espaces.<\/p>\n<p>\u2022 Technologie antitraces de doigts, r\u00e9duit les marques de graisse au minimum et rend la poubelle plus facile \u00e0 nettoyer<br \/>\u2022 Couvercle \u00e0 fermeture douce actionn\u00e9 par p\u00e9dale<br \/>\u2022 Parfait non seulement pour les salles de bain mais aussi pour les bureaux, chambres d&rsquo;h\u00f4tel et espaces restreints<\/p>\n<p><b><u>Caract\u00e9ristiques du produit :<\/u><\/b><br \/>\u2022 Capacit\u00e9 : 3 L<br \/>\u2022 Dim. : 275(H) x 210(L) x 210(P) mm<br \/>\u2022 Mati\u00e8re : Acier<br \/>\u2022 Couleur : Argent.<\/p>\n","protected":false},"excerpt":{"rendered":"<p>275(H) x 210(\u00d8)mm<\/p>\n","protected":false},"featured_media":106795,"comment_status":"open","ping_status":"closed","template":"","meta":[],"product_brand":[],"product_cat":[1217,1297,1221,1216],"product_tag":[],"class_list":{"0":"post-111165","1":"product","2":"type-product","3":"status-publish","4":"has-post-thumbnail","6":"product_cat-collecte-des-dechets","7":"product_cat-non-palettisable","8":"product_cat-sacs-poubelle","9":"product_cat-usage-unique-et-entretien","10":"product_shipping_class-free-shipping","12":"first","13":"instock","14":"featured","15":"taxable","16":"shipping-taxable","17":"purchasable","18":"product-type-simple"},"_links":{"self":[{"href":"https:\/\/abinox-chr-clim.com\/index.php\/wp-json\/wp\/v2\/product\/111165","targetHints":{"allow":["GET"]}}],"collection":[{"href":"https:\/\/abinox-chr-clim.com\/index.php\/wp-json\/wp\/v2\/product"}],"about":[{"href":"https:\/\/abinox-chr-clim.com\/index.php\/wp-json\/wp\/v2\/types\/product"}],"replies":[{"embeddable":true,"href":"https:\/\/abinox-chr-clim.com\/index.php\/wp-json\/wp\/v2\/comments?post=111165"}],"wp:featuredmedia":[{"embeddable":true,"href":"https:\/\/abinox-chr-clim.com\/index.php\/wp-json\/wp\/v2\/media\/106795"}],"wp:attachment":[{"href":"https:\/\/abinox-chr-clim.com\/index.php\/wp-json\/wp\/v2\/media?parent=111165"}],"wp:term":[{"taxonomy":"product_brand","embeddable":true,"href":"https:\/\/abinox-chr-clim.com\/index.php\/wp-json\/wp\/v2\/product_brand?post=111165"},{"taxonomy":"product_cat","embeddable":true,"href":"https:\/\/abinox-chr-clim.com\/index.php\/wp-json\/wp\/v2\/product_cat?post=111165"},{"taxonomy":"product_tag","embeddable":true,"href":"https:\/\/abinox-chr-clim.com\/index.php\/wp-json\/wp\/v2\/product_tag?post=111165"}],"curies":[{"name":"wp","href":"https:\/\/api.w.org\/{rel}","templated":true}]}}