{"id":111162,"date":"2025-05-29T12:21:15","date_gmt":"2025-05-29T10:21:15","guid":{"rendered":"https:\/\/abinox-chr-clim.com\/index.php\/product\/poubelle-de-salle-de-bain-slim-jantex-blanche-5l\/"},"modified":"2026-04-15T10:46:16","modified_gmt":"2026-04-15T08:46:16","slug":"poubelle-de-salle-de-bain-slim-jantex-blanche-5l","status":"publish","type":"product","link":"https:\/\/abinox-chr-clim.com\/index.php\/product\/poubelle-de-salle-de-bain-slim-jantex-blanche-5l\/","title":{"rendered":"Poubelle de salle de bain slim Jantex blanche 5L"},"content":{"rendered":"<p>Poubelle \u00e0 p\u00e9dale pour salle de bains de 5 litres, id\u00e9ale pour les espaces restreints. Fonctionne \u00e0 l&rsquo;aide d&rsquo;une p\u00e9dale pour une \u00e9limination des d\u00e9chets hygi\u00e9nique sans les mains. Comprend un seau int\u00e9rieur pour faciliter le vidage.<\/p>\n<p>\u2022 Capacit\u00e9 de 5 litres &#8211; parfait pour les salles de bain, les chambres d&rsquo;h\u00f4tel et les bureaux<br \/>\u2022 Le design \u00e9troit rend cette poubelle id\u00e9ale pour \u00eatre utilis\u00e9e dans des espaces restreints<br \/>\u2022 Le fonctionnement \u00e0 p\u00e9dale signifie que vous n&rsquo;avez pas besoin de toucher la poubelle, augmentant ainsi les chances de garder vos espaces plus hygi\u00e9niques<br \/>\u2022 Le couvercle \u00e0 fermeture progressive assure une fermeture silencieuse et en douceur<\/p>\n<p><b><u>Caract\u00e9ristiques du produit :<\/u><\/b><br \/>\u2022 Dim. : 315(H) x 285(L) x 160(P)mm<br \/>\u2022 Mati\u00e8re : Acier rev\u00eatu de poudre<br \/>\u2022 Couleur : Blanc.<\/p>\n","protected":false},"excerpt":{"rendered":"<p>315(H)x285(L)x160(P)mm<\/p>\n","protected":false},"featured_media":105916,"comment_status":"open","ping_status":"closed","template":"","meta":[],"product_brand":[],"product_cat":[1217,1297,1221,1216],"product_tag":[],"class_list":{"0":"post-111162","1":"product","2":"type-product","3":"status-publish","4":"has-post-thumbnail","6":"product_cat-collecte-des-dechets","7":"product_cat-non-palettisable","8":"product_cat-sacs-poubelle","9":"product_cat-usage-unique-et-entretien","10":"product_shipping_class-free-shipping","12":"first","13":"instock","14":"featured","15":"taxable","16":"shipping-taxable","17":"purchasable","18":"product-type-simple"},"_links":{"self":[{"href":"https:\/\/abinox-chr-clim.com\/index.php\/wp-json\/wp\/v2\/product\/111162","targetHints":{"allow":["GET"]}}],"collection":[{"href":"https:\/\/abinox-chr-clim.com\/index.php\/wp-json\/wp\/v2\/product"}],"about":[{"href":"https:\/\/abinox-chr-clim.com\/index.php\/wp-json\/wp\/v2\/types\/product"}],"replies":[{"embeddable":true,"href":"https:\/\/abinox-chr-clim.com\/index.php\/wp-json\/wp\/v2\/comments?post=111162"}],"wp:featuredmedia":[{"embeddable":true,"href":"https:\/\/abinox-chr-clim.com\/index.php\/wp-json\/wp\/v2\/media\/105916"}],"wp:attachment":[{"href":"https:\/\/abinox-chr-clim.com\/index.php\/wp-json\/wp\/v2\/media?parent=111162"}],"wp:term":[{"taxonomy":"product_brand","embeddable":true,"href":"https:\/\/abinox-chr-clim.com\/index.php\/wp-json\/wp\/v2\/product_brand?post=111162"},{"taxonomy":"product_cat","embeddable":true,"href":"https:\/\/abinox-chr-clim.com\/index.php\/wp-json\/wp\/v2\/product_cat?post=111162"},{"taxonomy":"product_tag","embeddable":true,"href":"https:\/\/abinox-chr-clim.com\/index.php\/wp-json\/wp\/v2\/product_tag?post=111162"}],"curies":[{"name":"wp","href":"https:\/\/api.w.org\/{rel}","templated":true}]}}