{"id":111161,"date":"2025-05-29T12:21:13","date_gmt":"2025-05-29T10:21:13","guid":{"rendered":"https:\/\/abinox-chr-clim.com\/index.php\/product\/chariot-a-linge-jantex-avec-roues-350l\/"},"modified":"2026-04-15T10:52:55","modified_gmt":"2026-04-15T08:52:55","slug":"chariot-a-linge-jantex-avec-roues-350l","status":"publish","type":"product","link":"https:\/\/abinox-chr-clim.com\/index.php\/product\/chariot-a-linge-jantex-avec-roues-350l\/","title":{"rendered":"Chariot \u00e0 linge Jantex avec roues 350L"},"content":{"rendered":"<p>Bac \u00e0 linge Jantex 350L avec roues<\/p>\n<p>\u2022 Capacit\u00e9 de 350 litres id\u00e9ale pour g\u00e9rer de grandes charges de linge<br \/>\u2022 Design robuste mais l\u00e9ger pour une durabilit\u00e9 et maniabilit\u00e9 facile<br \/>\u2022 4 roulettes \u00e0 roulement doux avec freins pour un d\u00e9placement sans effort et une grande stabilit\u00e9<br \/>\u2022 Capacit\u00e9 de poids maximale de 100 kg<\/p>\n<p><b><u>Caract\u00e9ristiques du produit :<\/u><\/b><br \/>\u2022 Capacit\u00e9 : 350L<br \/>\u2022 Couleur : Beige.<\/p>\n","protected":false},"excerpt":{"rendered":"<p>Capacit\u00e9 : 350L<\/p>\n","protected":false},"featured_media":108988,"comment_status":"open","ping_status":"closed","template":"","meta":[],"product_brand":[],"product_cat":[1217,1297,1221,1216],"product_tag":[],"class_list":{"0":"post-111161","1":"product","2":"type-product","3":"status-publish","4":"has-post-thumbnail","6":"product_cat-collecte-des-dechets","7":"product_cat-non-palettisable","8":"product_cat-sacs-poubelle","9":"product_cat-usage-unique-et-entretien","10":"product_shipping_class-free-shipping","12":"first","13":"instock","14":"featured","15":"taxable","16":"shipping-taxable","17":"purchasable","18":"product-type-simple"},"_links":{"self":[{"href":"https:\/\/abinox-chr-clim.com\/index.php\/wp-json\/wp\/v2\/product\/111161","targetHints":{"allow":["GET"]}}],"collection":[{"href":"https:\/\/abinox-chr-clim.com\/index.php\/wp-json\/wp\/v2\/product"}],"about":[{"href":"https:\/\/abinox-chr-clim.com\/index.php\/wp-json\/wp\/v2\/types\/product"}],"replies":[{"embeddable":true,"href":"https:\/\/abinox-chr-clim.com\/index.php\/wp-json\/wp\/v2\/comments?post=111161"}],"wp:featuredmedia":[{"embeddable":true,"href":"https:\/\/abinox-chr-clim.com\/index.php\/wp-json\/wp\/v2\/media\/108988"}],"wp:attachment":[{"href":"https:\/\/abinox-chr-clim.com\/index.php\/wp-json\/wp\/v2\/media?parent=111161"}],"wp:term":[{"taxonomy":"product_brand","embeddable":true,"href":"https:\/\/abinox-chr-clim.com\/index.php\/wp-json\/wp\/v2\/product_brand?post=111161"},{"taxonomy":"product_cat","embeddable":true,"href":"https:\/\/abinox-chr-clim.com\/index.php\/wp-json\/wp\/v2\/product_cat?post=111161"},{"taxonomy":"product_tag","embeddable":true,"href":"https:\/\/abinox-chr-clim.com\/index.php\/wp-json\/wp\/v2\/product_tag?post=111161"}],"curies":[{"name":"wp","href":"https:\/\/api.w.org\/{rel}","templated":true}]}}