{"id":111154,"date":"2025-05-29T12:21:00","date_gmt":"2025-05-29T10:21:00","guid":{"rendered":"https:\/\/abinox-chr-clim.com\/index.php\/product\/poubelle-en-d-en-acier-brosse-bolero-avec-couvercle-ouvert-86l\/"},"modified":"2026-04-15T10:46:16","modified_gmt":"2026-04-15T08:46:16","slug":"poubelle-en-d-en-acier-brosse-bolero-avec-couvercle-ouvert-86l","status":"publish","type":"product","link":"https:\/\/abinox-chr-clim.com\/index.php\/product\/poubelle-en-d-en-acier-brosse-bolero-avec-couvercle-ouvert-86l\/","title":{"rendered":"Poubelle en D en acier bross\u00e9 Bolero avec couvercle ouvert 86L"},"content":{"rendered":"<p>La poubelle de forme &lsquo;D&rsquo; de Bolero est id\u00e9ale pour les cuisines, r\u00e9ceptions et halls d&rsquo;entr\u00e9e. Son couvercle ouvert garantit une utilisation sans contact pour une meilleure hygi\u00e8ne, tandis que la technologie anti-empreintes digitales r\u00e9duit les besoins de nettoyage. La forme en &lsquo;D&rsquo; qui permet de la placer contre les murs, optimise l&rsquo;espace au sol.<\/p>\n<p>\u2022 Technologie antitraces, minimise les marques de graisse et facilite le nettoyage de la poubelle<br \/>\u2022 Le design avec couvercle ouvert \u00e9limine les points de contact<br \/>\u2022 La conception en forme de &lsquo;D&rsquo; permet \u00e0 la poubelle de se placer contre des murs ou d&rsquo;autres surfaces planes<\/p>\n<p><b><u>Caract\u00e9ristiques du produit :<\/u><\/b><br \/>\u2022 Capacit\u00e9 : 86 L<br \/>\u2022 Dim. : 875(H) x 550(L) x 350(P) mm<br \/>\u2022 Mati\u00e8re : Acier<br \/>\u2022 Couleur : Argent.<\/p>\n","protected":false},"excerpt":{"rendered":"<p>Capacit\u00e9 : 86L<\/p>\n","protected":false},"featured_media":107210,"comment_status":"open","ping_status":"closed","template":"","meta":[],"product_brand":[],"product_cat":[1217,1297,1221,1216],"product_tag":[],"class_list":{"0":"post-111154","1":"product","2":"type-product","3":"status-publish","4":"has-post-thumbnail","6":"product_cat-collecte-des-dechets","7":"product_cat-non-palettisable","8":"product_cat-sacs-poubelle","9":"product_cat-usage-unique-et-entretien","10":"product_shipping_class-free-shipping","12":"first","13":"instock","14":"featured","15":"taxable","16":"shipping-taxable","17":"purchasable","18":"product-type-simple"},"_links":{"self":[{"href":"https:\/\/abinox-chr-clim.com\/index.php\/wp-json\/wp\/v2\/product\/111154","targetHints":{"allow":["GET"]}}],"collection":[{"href":"https:\/\/abinox-chr-clim.com\/index.php\/wp-json\/wp\/v2\/product"}],"about":[{"href":"https:\/\/abinox-chr-clim.com\/index.php\/wp-json\/wp\/v2\/types\/product"}],"replies":[{"embeddable":true,"href":"https:\/\/abinox-chr-clim.com\/index.php\/wp-json\/wp\/v2\/comments?post=111154"}],"wp:featuredmedia":[{"embeddable":true,"href":"https:\/\/abinox-chr-clim.com\/index.php\/wp-json\/wp\/v2\/media\/107210"}],"wp:attachment":[{"href":"https:\/\/abinox-chr-clim.com\/index.php\/wp-json\/wp\/v2\/media?parent=111154"}],"wp:term":[{"taxonomy":"product_brand","embeddable":true,"href":"https:\/\/abinox-chr-clim.com\/index.php\/wp-json\/wp\/v2\/product_brand?post=111154"},{"taxonomy":"product_cat","embeddable":true,"href":"https:\/\/abinox-chr-clim.com\/index.php\/wp-json\/wp\/v2\/product_cat?post=111154"},{"taxonomy":"product_tag","embeddable":true,"href":"https:\/\/abinox-chr-clim.com\/index.php\/wp-json\/wp\/v2\/product_tag?post=111154"}],"curies":[{"name":"wp","href":"https:\/\/api.w.org\/{rel}","templated":true}]}}