{"id":111152,"date":"2025-05-29T12:20:55","date_gmt":"2025-05-29T10:20:55","guid":{"rendered":"https:\/\/abinox-chr-clim.com\/index.php\/product\/poubelle-en-acier-brosse-bolero-avec-couvercle-basculant-70l\/"},"modified":"2026-04-15T10:46:14","modified_gmt":"2026-04-15T08:46:14","slug":"poubelle-en-acier-brosse-bolero-avec-couvercle-basculant-70l","status":"publish","type":"product","link":"https:\/\/abinox-chr-clim.com\/index.php\/product\/poubelle-en-acier-brosse-bolero-avec-couvercle-basculant-70l\/","title":{"rendered":"Poubelle en acier bross\u00e9 Bolero avec couvercle basculant 70L"},"content":{"rendered":"<p>Poubelle en acier bross\u00e9 offrant une grande capacit\u00e9 de stockage de 70 litres et comprenant un bac int\u00e9rieur en plastique pour une \u00e9limination facile et hygi\u00e9nique des d\u00e9chets.<\/p>\n<p>\u2022 Technologie antitraces, r\u00e9duit les marques de graisse au minimum et rend la poubelle plus facile \u00e0 nettoyer<br \/>\u2022 Grande capacit\u00e9 de 70L<br \/>\u2022 Le couvercle \u00e0 bascule garde le contenu prot\u00e9g\u00e9<br \/>\u2022 Le bac int\u00e9rieur se retire facilement pour l&rsquo;\u00e9limination des d\u00e9chets et le remplacement des sacs<\/p>\n<p><b><u>Caract\u00e9ristiques du produit :<\/u><\/b><br \/>\u2022 Capacit\u00e9 : 70 L<br \/>\u2022 Dim. : 695(H) x 445(L) x 445(P) mm<br \/>\u2022 Mati\u00e8re : Acier<br \/>\u2022 Couleur : Argent.<\/p>\n","protected":false},"excerpt":{"rendered":"<p>695(H)x445(\u00d8)mm<\/p>\n","protected":false},"featured_media":108982,"comment_status":"open","ping_status":"closed","template":"","meta":[],"product_brand":[],"product_cat":[1217,1297,1221,1216],"product_tag":[],"class_list":{"0":"post-111152","1":"product","2":"type-product","3":"status-publish","4":"has-post-thumbnail","6":"product_cat-collecte-des-dechets","7":"product_cat-non-palettisable","8":"product_cat-sacs-poubelle","9":"product_cat-usage-unique-et-entretien","10":"product_shipping_class-free-shipping","12":"first","13":"outofstock","14":"featured","15":"taxable","16":"shipping-taxable","17":"purchasable","18":"product-type-simple"},"_links":{"self":[{"href":"https:\/\/abinox-chr-clim.com\/index.php\/wp-json\/wp\/v2\/product\/111152","targetHints":{"allow":["GET"]}}],"collection":[{"href":"https:\/\/abinox-chr-clim.com\/index.php\/wp-json\/wp\/v2\/product"}],"about":[{"href":"https:\/\/abinox-chr-clim.com\/index.php\/wp-json\/wp\/v2\/types\/product"}],"replies":[{"embeddable":true,"href":"https:\/\/abinox-chr-clim.com\/index.php\/wp-json\/wp\/v2\/comments?post=111152"}],"wp:featuredmedia":[{"embeddable":true,"href":"https:\/\/abinox-chr-clim.com\/index.php\/wp-json\/wp\/v2\/media\/108982"}],"wp:attachment":[{"href":"https:\/\/abinox-chr-clim.com\/index.php\/wp-json\/wp\/v2\/media?parent=111152"}],"wp:term":[{"taxonomy":"product_brand","embeddable":true,"href":"https:\/\/abinox-chr-clim.com\/index.php\/wp-json\/wp\/v2\/product_brand?post=111152"},{"taxonomy":"product_cat","embeddable":true,"href":"https:\/\/abinox-chr-clim.com\/index.php\/wp-json\/wp\/v2\/product_cat?post=111152"},{"taxonomy":"product_tag","embeddable":true,"href":"https:\/\/abinox-chr-clim.com\/index.php\/wp-json\/wp\/v2\/product_tag?post=111152"}],"curies":[{"name":"wp","href":"https:\/\/api.w.org\/{rel}","templated":true}]}}