{"id":111150,"date":"2025-05-29T12:20:52","date_gmt":"2025-05-29T10:20:52","guid":{"rendered":"https:\/\/abinox-chr-clim.com\/index.php\/product\/gaufrier-belge-rond-simple-buffalo\/"},"modified":"2026-04-14T11:33:04","modified_gmt":"2026-04-14T09:33:04","slug":"gaufrier-belge-rond-simple-buffalo","status":"publish","type":"product","link":"https:\/\/abinox-chr-clim.com\/index.php\/product\/gaufrier-belge-rond-simple-buffalo\/","title":{"rendered":"Gaufrier belge rond simple Buffalo"},"content":{"rendered":"<p>Des gaufriers professionnels pr\u00e9cis et puissants, dot\u00e9s d&rsquo;une conception intelligente qui permet de capturer et de nettoyer l&rsquo;exc\u00e9dent de p\u00e2te.<\/p>\n<p>\u2022 Bo\u00eetier en inox facile \u00e0 nettoyer et robuste<br \/>\u2022 Plaques en aluminium moul\u00e9 antiadh\u00e9sif de qualit\u00e9 sup\u00e9rieure<br \/>\u2022 Plage de r\u00e9glage de la temp\u00e9rature : 50-250\u00b0C<br \/>\u2022 Commandes et minuterie ind\u00e9pendantes<br \/>\u2022 Production maximale : jusqu&rsquo;\u00e0 30 gaufres par heure<br \/>\u2022 Conception antigaspillage &#8211; le canal circulaire antiadh\u00e9sif retient l&rsquo;exc\u00e9dent de p\u00e2te<br \/>\u2022 Poign\u00e9e en bak\u00e9lite durable<\/p>\n<p><b><u>Caract\u00e9ristiques du produit :<\/u><\/b><br \/>\u2022 Dim. : 198(H) x 240(L) x 290(P) mm<br \/>\u2022 Mati\u00e8re : Inox et aluminium<br \/>\u2022 Voltage : 220-240V<br \/>\u2022 Poids : 5,1 kg<br \/>\u2022 Couleur : Argent.<\/p>\n","protected":false},"excerpt":{"rendered":"<p>1kW. Produit jusqu&rsquo;\u00e0 30 gaufres de 180mm de diam\u00e8tre par heure<\/p>\n","protected":false},"featured_media":107674,"comment_status":"open","ping_status":"closed","template":"","meta":[],"product_brand":[],"product_cat":[1277,1297],"product_tag":[],"class_list":{"0":"post-111150","1":"product","2":"type-product","3":"status-publish","4":"has-post-thumbnail","6":"product_cat-divers-principal","7":"product_cat-non-palettisable","8":"product_shipping_class-free-shipping","10":"first","11":"instock","12":"featured","13":"taxable","14":"shipping-taxable","15":"purchasable","16":"product-type-simple"},"_links":{"self":[{"href":"https:\/\/abinox-chr-clim.com\/index.php\/wp-json\/wp\/v2\/product\/111150","targetHints":{"allow":["GET"]}}],"collection":[{"href":"https:\/\/abinox-chr-clim.com\/index.php\/wp-json\/wp\/v2\/product"}],"about":[{"href":"https:\/\/abinox-chr-clim.com\/index.php\/wp-json\/wp\/v2\/types\/product"}],"replies":[{"embeddable":true,"href":"https:\/\/abinox-chr-clim.com\/index.php\/wp-json\/wp\/v2\/comments?post=111150"}],"wp:featuredmedia":[{"embeddable":true,"href":"https:\/\/abinox-chr-clim.com\/index.php\/wp-json\/wp\/v2\/media\/107674"}],"wp:attachment":[{"href":"https:\/\/abinox-chr-clim.com\/index.php\/wp-json\/wp\/v2\/media?parent=111150"}],"wp:term":[{"taxonomy":"product_brand","embeddable":true,"href":"https:\/\/abinox-chr-clim.com\/index.php\/wp-json\/wp\/v2\/product_brand?post=111150"},{"taxonomy":"product_cat","embeddable":true,"href":"https:\/\/abinox-chr-clim.com\/index.php\/wp-json\/wp\/v2\/product_cat?post=111150"},{"taxonomy":"product_tag","embeddable":true,"href":"https:\/\/abinox-chr-clim.com\/index.php\/wp-json\/wp\/v2\/product_tag?post=111150"}],"curies":[{"name":"wp","href":"https:\/\/api.w.org\/{rel}","templated":true}]}}