{"id":111149,"date":"2025-05-29T12:20:50","date_gmt":"2025-05-29T10:20:50","guid":{"rendered":"https:\/\/abinox-chr-clim.com\/index.php\/product\/serviettes-dejeuner-2-plis-nisbets-essentials-blanches-pliees-en-4-lot-de-50\/"},"modified":"2026-04-14T11:28:00","modified_gmt":"2026-04-14T09:28:00","slug":"serviettes-dejeuner-2-plis-nisbets-essentials-blanches-pliees-en-4-lot-de-50","status":"publish","type":"product","link":"https:\/\/abinox-chr-clim.com\/index.php\/product\/serviettes-dejeuner-2-plis-nisbets-essentials-blanches-pliees-en-4-lot-de-50\/","title":{"rendered":"Serviettes d\u00e9jeuner 2 plis Nisbets Essentials blanches pli\u00e9es en 4 (lot de 50)"},"content":{"rendered":"<p>Compl\u00e9tez votre table avec les serviettes Nisbets Essentials. Douces et absorbantes, ces serviettes offrent une solution pratique pour tout environnement de restauration.<\/p>\n<p>\u2022 Construction double \u00e9paisseur pour un nettoyage facile des \u00e9claboussures de nourriture et de liquide<br \/>\u2022 Pliage 1\/4 pour une utilisation rapide directement depuis l&#8217;emballage<br \/>\u2022 L&#8217;emballage sert \u00e9galement de distributeur pour plus de commodit\u00e9<br \/>\u2022 Couleur blanche classique ajoute une touche sophistiqu\u00e9e \u00e0 tout d\u00e9cor<\/p>\n<p><b><u>Caract\u00e9ristiques du produit :<\/u><\/b><br \/>\u2022 Lot : 50.0<br \/>\u2022 Dim. : 300(L) x 270(P)mm.<\/p>\n","protected":false},"excerpt":{"rendered":"<p>300(L)x270(P)mm. Quantit\u00e9: 50<\/p>\n","protected":false},"featured_media":108981,"comment_status":"open","ping_status":"closed","template":"","meta":[],"product_brand":[],"product_cat":[1277,1297],"product_tag":[],"class_list":{"0":"post-111149","1":"product","2":"type-product","3":"status-publish","4":"has-post-thumbnail","6":"product_cat-divers-principal","7":"product_cat-non-palettisable","8":"product_shipping_class-free-shipping","10":"first","11":"instock","12":"featured","13":"taxable","14":"shipping-taxable","15":"purchasable","16":"product-type-simple"},"_links":{"self":[{"href":"https:\/\/abinox-chr-clim.com\/index.php\/wp-json\/wp\/v2\/product\/111149","targetHints":{"allow":["GET"]}}],"collection":[{"href":"https:\/\/abinox-chr-clim.com\/index.php\/wp-json\/wp\/v2\/product"}],"about":[{"href":"https:\/\/abinox-chr-clim.com\/index.php\/wp-json\/wp\/v2\/types\/product"}],"replies":[{"embeddable":true,"href":"https:\/\/abinox-chr-clim.com\/index.php\/wp-json\/wp\/v2\/comments?post=111149"}],"wp:featuredmedia":[{"embeddable":true,"href":"https:\/\/abinox-chr-clim.com\/index.php\/wp-json\/wp\/v2\/media\/108981"}],"wp:attachment":[{"href":"https:\/\/abinox-chr-clim.com\/index.php\/wp-json\/wp\/v2\/media?parent=111149"}],"wp:term":[{"taxonomy":"product_brand","embeddable":true,"href":"https:\/\/abinox-chr-clim.com\/index.php\/wp-json\/wp\/v2\/product_brand?post=111149"},{"taxonomy":"product_cat","embeddable":true,"href":"https:\/\/abinox-chr-clim.com\/index.php\/wp-json\/wp\/v2\/product_cat?post=111149"},{"taxonomy":"product_tag","embeddable":true,"href":"https:\/\/abinox-chr-clim.com\/index.php\/wp-json\/wp\/v2\/product_tag?post=111149"}],"curies":[{"name":"wp","href":"https:\/\/api.w.org\/{rel}","templated":true}]}}