{"id":111148,"date":"2025-05-29T12:20:48","date_gmt":"2025-05-29T10:20:48","guid":{"rendered":"https:\/\/abinox-chr-clim.com\/index.php\/product\/pailles-en-papier-fiesta-compostable-flocon-de-neige-210mm-lot-de-250\/"},"modified":"2026-04-14T11:25:52","modified_gmt":"2026-04-14T09:25:52","slug":"pailles-en-papier-fiesta-compostable-flocon-de-neige-210mm-lot-de-250","status":"publish","type":"product","link":"https:\/\/abinox-chr-clim.com\/index.php\/product\/pailles-en-papier-fiesta-compostable-flocon-de-neige-210mm-lot-de-250\/","title":{"rendered":"Pailles en papier Fiesta Compostable flocon de neige 210mm (lot de 250)"},"content":{"rendered":"<p>Avec un design amusant de flocons de neige, ces pailles en papier compostables de Fiesta ajoutent une touche festive \u00e0 votre service de boissons. Fabriqu\u00e9es en papier avec des encres et colles de qualit\u00e9 alimentaire, les pailles peuvent \u00eatre compost\u00e9es commercialement en 12 semaines apr\u00e8s utilisation, conform\u00e9ment aux normes EN13432. Cela vous aide, vous et vos clients, \u00e0 lutter contre la pollution plastique et \u00e0 d\u00e9tourner les d\u00e9chets des d\u00e9charges, les transformant en compost riche en nutriments pour faire pousser des plantes. De plus, le design en papier \u00e0 3 couches garantit que les pailles r\u00e9sistent plus longtemps au ramollissement, laissant \u00e0 vos clients tout le temps de profiter de leurs boissons froides.<\/p>\n<p>\u2022 Design festif de flocon de neige<br \/>\u2022 Papier 3 plis extra-r\u00e9sistant<br \/>\u2022 Compostable industriellement<br \/>\u2022 Parfait pour siroter des boissons froides, des cocktails, des smoothies et des milkshakes \u00e9pais<br \/>\u2022 Le papier est conforme \u00e0 la norme EN 13432<\/p>\n<p><b><u>Caract\u00e9ristiques du produit :<\/u><\/b><br \/>\u2022 Lot : 250.0<br \/>\u2022 Dim. : 210<br \/>\u2022 Mati\u00e8re : Papier.<\/p>\n","protected":false},"excerpt":{"rendered":"<p>Longueur 210mm. Quantit\u00e9 du paquet : 250<\/p>\n","protected":false},"featured_media":107673,"comment_status":"open","ping_status":"closed","template":"","meta":[],"product_brand":[],"product_cat":[1277,1297],"product_tag":[],"class_list":{"0":"post-111148","1":"product","2":"type-product","3":"status-publish","4":"has-post-thumbnail","6":"product_cat-divers-principal","7":"product_cat-non-palettisable","8":"product_shipping_class-free-shipping","10":"first","11":"outofstock","12":"featured","13":"taxable","14":"shipping-taxable","15":"purchasable","16":"product-type-simple"},"_links":{"self":[{"href":"https:\/\/abinox-chr-clim.com\/index.php\/wp-json\/wp\/v2\/product\/111148","targetHints":{"allow":["GET"]}}],"collection":[{"href":"https:\/\/abinox-chr-clim.com\/index.php\/wp-json\/wp\/v2\/product"}],"about":[{"href":"https:\/\/abinox-chr-clim.com\/index.php\/wp-json\/wp\/v2\/types\/product"}],"replies":[{"embeddable":true,"href":"https:\/\/abinox-chr-clim.com\/index.php\/wp-json\/wp\/v2\/comments?post=111148"}],"wp:featuredmedia":[{"embeddable":true,"href":"https:\/\/abinox-chr-clim.com\/index.php\/wp-json\/wp\/v2\/media\/107673"}],"wp:attachment":[{"href":"https:\/\/abinox-chr-clim.com\/index.php\/wp-json\/wp\/v2\/media?parent=111148"}],"wp:term":[{"taxonomy":"product_brand","embeddable":true,"href":"https:\/\/abinox-chr-clim.com\/index.php\/wp-json\/wp\/v2\/product_brand?post=111148"},{"taxonomy":"product_cat","embeddable":true,"href":"https:\/\/abinox-chr-clim.com\/index.php\/wp-json\/wp\/v2\/product_cat?post=111148"},{"taxonomy":"product_tag","embeddable":true,"href":"https:\/\/abinox-chr-clim.com\/index.php\/wp-json\/wp\/v2\/product_tag?post=111148"}],"curies":[{"name":"wp","href":"https:\/\/api.w.org\/{rel}","templated":true}]}}