{"id":111146,"date":"2025-05-29T12:20:44","date_gmt":"2025-05-29T10:20:44","guid":{"rendered":"https:\/\/abinox-chr-clim.com\/index.php\/product\/refrigerateur-de-lait-bravilor-sprso-110ml-pour-hs895\/"},"modified":"2026-04-13T07:58:40","modified_gmt":"2026-04-13T05:58:40","slug":"refrigerateur-de-lait-bravilor-sprso-110ml-pour-hs895","status":"publish","type":"product","link":"https:\/\/abinox-chr-clim.com\/index.php\/product\/refrigerateur-de-lait-bravilor-sprso-110ml-pour-hs895\/","title":{"rendered":"R\u00e9frig\u00e9rateur de lait Bravilor SPRSO 110ml pour HS895"},"content":{"rendered":"<p>Pour vous adonner \u00e0 une gamme de sp\u00e9cialit\u00e9s de caf\u00e9 avec du lait fra\u00eechement \u00e9mulsionn\u00e9, envisagez d&rsquo;ajouter le refroidisseur de lait Sprso optionnel. Bien que le Sprso soit compatible avec divers refroidisseurs de lait, Bravilor Bonamat recommande ce refroidisseur de lait thermo\u00e9lectrique autonome pour sa fiabilit\u00e9 et ses performances, r\u00e9pondant \u00e0 nos normes de qualit\u00e9 strictes.Compact et pratique pour une utilisation sur table, ce refroidisseur refroidit le lait \u00e0 des temp\u00e9ratures comprises entre +1\u00b0C et +7\u00b0C (selon les conditions ambiantes).Inclus dans le package : verre \u00e0 lait de 1 litre, tube \u00e0 lait de 20 cm et adaptateur de montage mural.<\/p>\n<p>\u2022 Appareil compact con\u00e7u pour \u00eatre compatible avec la machine \u00e0 expresso HS895.<br \/>\u2022 Livr\u00e9 avec un flacon \u00e0 lait de 1 litre, un tuyau \u00e0 lait de 20 cm et une prise-adaptateur murale.<br \/>\u2022 Entr\u00e9e d&rsquo;alimentation : 100-240 V~ 50\/60 Hz 18 W<br \/>\u2022 Capacit\u00e9 de 110 ml <\/p>\n","protected":false},"excerpt":{"rendered":"<p>Refroidisseur de lait SPRSO<\/p>\n","protected":false},"featured_media":107209,"comment_status":"open","ping_status":"closed","template":"","meta":[],"product_brand":[],"product_cat":[1141,1297,1106,1140],"product_tag":[],"class_list":{"0":"post-111146","1":"product","2":"type-product","3":"status-publish","4":"has-post-thumbnail","6":"product_cat-distributeurs-de-boissons-service-boissons","7":"product_cat-non-palettisable","8":"product_cat-restaurant-bar-et-hotel","9":"product_cat-service-boissons","10":"product_shipping_class-free-shipping","12":"first","13":"outofstock","14":"featured","15":"taxable","16":"shipping-taxable","17":"purchasable","18":"product-type-simple"},"_links":{"self":[{"href":"https:\/\/abinox-chr-clim.com\/index.php\/wp-json\/wp\/v2\/product\/111146","targetHints":{"allow":["GET"]}}],"collection":[{"href":"https:\/\/abinox-chr-clim.com\/index.php\/wp-json\/wp\/v2\/product"}],"about":[{"href":"https:\/\/abinox-chr-clim.com\/index.php\/wp-json\/wp\/v2\/types\/product"}],"replies":[{"embeddable":true,"href":"https:\/\/abinox-chr-clim.com\/index.php\/wp-json\/wp\/v2\/comments?post=111146"}],"wp:featuredmedia":[{"embeddable":true,"href":"https:\/\/abinox-chr-clim.com\/index.php\/wp-json\/wp\/v2\/media\/107209"}],"wp:attachment":[{"href":"https:\/\/abinox-chr-clim.com\/index.php\/wp-json\/wp\/v2\/media?parent=111146"}],"wp:term":[{"taxonomy":"product_brand","embeddable":true,"href":"https:\/\/abinox-chr-clim.com\/index.php\/wp-json\/wp\/v2\/product_brand?post=111146"},{"taxonomy":"product_cat","embeddable":true,"href":"https:\/\/abinox-chr-clim.com\/index.php\/wp-json\/wp\/v2\/product_cat?post=111146"},{"taxonomy":"product_tag","embeddable":true,"href":"https:\/\/abinox-chr-clim.com\/index.php\/wp-json\/wp\/v2\/product_tag?post=111146"}],"curies":[{"name":"wp","href":"https:\/\/api.w.org\/{rel}","templated":true}]}}