{"id":111132,"date":"2025-05-29T12:20:06","date_gmt":"2025-05-29T10:20:06","guid":{"rendered":"https:\/\/abinox-chr-clim.com\/index.php\/product\/chiffons-non-tisses-jantex-rouges-lot-de-50\/"},"modified":"2026-04-14T11:41:19","modified_gmt":"2026-04-14T09:41:19","slug":"chiffons-non-tisses-jantex-rouges-lot-de-50","status":"publish","type":"product","link":"https:\/\/abinox-chr-clim.com\/index.php\/product\/chiffons-non-tisses-jantex-rouges-lot-de-50\/","title":{"rendered":"Chiffons non tiss\u00e9s Jantex rouges (lot de 50)"},"content":{"rendered":"<p>Les chiffons de nettoyage non tiss\u00e9s Jantex sont absorbants et r\u00e9sistants, parfaits pour toutes les t\u00e2ches de nettoyage. Disponibles en plusieurs couleurs pour un nettoyage efficace \u00e0 code couleur afin de r\u00e9duire la contamination crois\u00e9e et am\u00e9liorer l&rsquo;hygi\u00e8ne.<\/p>\n<p>\u2022 Chiffons de nettoyage non tiss\u00e9s tr\u00e8s absorbants et durables<br \/>\u2022 Le code couleur aide \u00e0 pr\u00e9venir la contamination crois\u00e9e et \u00e0 am\u00e9liorer l&rsquo;hygi\u00e8ne<br \/>\u2022 Id\u00e9al pour une grande vari\u00e9t\u00e9 de t\u00e2ches de nettoyage<br \/>\u2022 Fabriqu\u00e9 \u00e0 partir d&rsquo;un m\u00e9lange de 40% viscose et 60% polyester<br \/>\u2022 \u00c9galement disponible en jaune (HS595), bleu (HS597) et vert (HS596)<\/p>\n<p><b><u>Caract\u00e9ristiques du produit :<\/u><\/b><br \/>\u2022 Lot : 50.0<br \/>\u2022 Dim. : 600(H) x 300(L) x 330(P) mm<br \/>\u2022 Poids : 475 g<br \/>\u2022 Couleur : Rouge.<\/p>\n","protected":false},"excerpt":{"rendered":"<p>600(L)x300(P)mm. Quantit\u00e9 du paquet : 50<\/p>\n","protected":false},"featured_media":108974,"comment_status":"open","ping_status":"closed","template":"","meta":[],"product_brand":[],"product_cat":[1230,1227,1297,1216],"product_tag":[],"class_list":{"0":"post-111132","1":"product","2":"type-product","3":"status-publish","4":"has-post-thumbnail","6":"product_cat-chiffons-et-eponges","7":"product_cat-nettoyage","8":"product_cat-non-palettisable","9":"product_cat-usage-unique-et-entretien","10":"product_shipping_class-free-shipping","12":"first","13":"instock","14":"featured","15":"taxable","16":"shipping-taxable","17":"purchasable","18":"product-type-simple"},"_links":{"self":[{"href":"https:\/\/abinox-chr-clim.com\/index.php\/wp-json\/wp\/v2\/product\/111132","targetHints":{"allow":["GET"]}}],"collection":[{"href":"https:\/\/abinox-chr-clim.com\/index.php\/wp-json\/wp\/v2\/product"}],"about":[{"href":"https:\/\/abinox-chr-clim.com\/index.php\/wp-json\/wp\/v2\/types\/product"}],"replies":[{"embeddable":true,"href":"https:\/\/abinox-chr-clim.com\/index.php\/wp-json\/wp\/v2\/comments?post=111132"}],"wp:featuredmedia":[{"embeddable":true,"href":"https:\/\/abinox-chr-clim.com\/index.php\/wp-json\/wp\/v2\/media\/108974"}],"wp:attachment":[{"href":"https:\/\/abinox-chr-clim.com\/index.php\/wp-json\/wp\/v2\/media?parent=111132"}],"wp:term":[{"taxonomy":"product_brand","embeddable":true,"href":"https:\/\/abinox-chr-clim.com\/index.php\/wp-json\/wp\/v2\/product_brand?post=111132"},{"taxonomy":"product_cat","embeddable":true,"href":"https:\/\/abinox-chr-clim.com\/index.php\/wp-json\/wp\/v2\/product_cat?post=111132"},{"taxonomy":"product_tag","embeddable":true,"href":"https:\/\/abinox-chr-clim.com\/index.php\/wp-json\/wp\/v2\/product_tag?post=111132"}],"curies":[{"name":"wp","href":"https:\/\/api.w.org\/{rel}","templated":true}]}}