{"id":111119,"date":"2025-05-29T12:19:40","date_gmt":"2025-05-29T10:19:40","guid":{"rendered":"https:\/\/abinox-chr-clim.com\/index.php\/product\/rouleau-a-croissants-en-inox-poignee-bois-gobel-louis-tellier-510x95x95mm\/"},"modified":"2026-04-24T11:02:50","modified_gmt":"2026-04-24T09:02:50","slug":"rouleau-a-croissants-en-inox-poignee-bois-gobel-louis-tellier-510x95x95mm","status":"publish","type":"product","link":"https:\/\/abinox-chr-clim.com\/index.php\/product\/rouleau-a-croissants-en-inox-poignee-bois-gobel-louis-tellier-510x95x95mm\/","title":{"rendered":"Rouleau \u00e0 croissants en inox poign\u00e9e bois Gobel Louis Tellier 510x95x95mm"},"content":{"rendered":"<p>Pr\u00e9parez vos croissants en toute simplicit\u00e9, gr\u00e2ce au coupe-croissants de Gobel. Apr\u00e8s avoir pr\u00e9par\u00e9 et \u00e9tal\u00e9 votre p\u00e2te, utilisez simplement le coupe-croissants pour obtenir des coupes r\u00e9guli\u00e8res &#8211; pr\u00eates \u00e0 \u00eatre pli\u00e9es. Les poign\u00e9es ergonomiques assurent non seulement une utilisation confortable, mais gardent \u00e9galement les mains \u00e0 l&rsquo;\u00e9cart des lames tranchantes.<\/p>\n<p>\u2022 Coupe des triangles de p\u00e2te r\u00e9guliers<br \/>\u2022 Les lames de coupe tranchantes assurent une coupe uniforme et constante<br \/>\u2022 Les poign\u00e9es ergonomiques sont confortables \u00e0 utiliser<br \/>\u2022 Les poign\u00e9es gardent \u00e9galement les mains \u00e9loign\u00e9es des lames de coupe<br \/>\u2022 Les lames en acier inoxydable sont tr\u00e8s durables et faciles \u00e0 nettoyer<\/p>\n<p><b><u>Caract\u00e9ristiques du produit :<\/u><\/b><br \/>\u2022 Mati\u00e8re : Inox et bois<br \/>\u2022 Poids : 470 g<br \/>\u2022 Couleur : Marron.<\/p>\n","protected":false},"excerpt":{"rendered":"<p>510(H) x 95(L) x 95(P)mm<\/p>\n","protected":false},"featured_media":108969,"comment_status":"open","ping_status":"closed","template":"","meta":[],"product_brand":[],"product_cat":[1064,1297,1087,1093],"product_tag":[],"class_list":{"0":"post-111119","1":"product","2":"type-product","3":"status-publish","4":"has-post-thumbnail","6":"product_cat-cuisine","7":"product_cat-non-palettisable","8":"product_cat-patisserie","9":"product_cat-ustensiles","10":"product_shipping_class-free-shipping","12":"first","13":"outofstock","14":"featured","15":"taxable","16":"shipping-taxable","17":"purchasable","18":"product-type-simple"},"_links":{"self":[{"href":"https:\/\/abinox-chr-clim.com\/index.php\/wp-json\/wp\/v2\/product\/111119","targetHints":{"allow":["GET"]}}],"collection":[{"href":"https:\/\/abinox-chr-clim.com\/index.php\/wp-json\/wp\/v2\/product"}],"about":[{"href":"https:\/\/abinox-chr-clim.com\/index.php\/wp-json\/wp\/v2\/types\/product"}],"replies":[{"embeddable":true,"href":"https:\/\/abinox-chr-clim.com\/index.php\/wp-json\/wp\/v2\/comments?post=111119"}],"wp:featuredmedia":[{"embeddable":true,"href":"https:\/\/abinox-chr-clim.com\/index.php\/wp-json\/wp\/v2\/media\/108969"}],"wp:attachment":[{"href":"https:\/\/abinox-chr-clim.com\/index.php\/wp-json\/wp\/v2\/media?parent=111119"}],"wp:term":[{"taxonomy":"product_brand","embeddable":true,"href":"https:\/\/abinox-chr-clim.com\/index.php\/wp-json\/wp\/v2\/product_brand?post=111119"},{"taxonomy":"product_cat","embeddable":true,"href":"https:\/\/abinox-chr-clim.com\/index.php\/wp-json\/wp\/v2\/product_cat?post=111119"},{"taxonomy":"product_tag","embeddable":true,"href":"https:\/\/abinox-chr-clim.com\/index.php\/wp-json\/wp\/v2\/product_tag?post=111119"}],"curies":[{"name":"wp","href":"https:\/\/api.w.org\/{rel}","templated":true}]}}