{"id":111117,"date":"2025-05-29T12:19:35","date_gmt":"2025-05-29T10:19:35","guid":{"rendered":"https:\/\/abinox-chr-clim.com\/index.php\/product\/chinois-mailles-fines-gobel-louis-tellier-200mm\/"},"modified":"2026-04-15T10:44:09","modified_gmt":"2026-04-15T08:44:09","slug":"chinois-mailles-fines-gobel-louis-tellier-200mm","status":"publish","type":"product","link":"https:\/\/abinox-chr-clim.com\/index.php\/product\/chinois-mailles-fines-gobel-louis-tellier-200mm\/","title":{"rendered":"Chinois mailles fines Gobel Louis Tellier 200mm"},"content":{"rendered":"<p>Le tamis fin de Gobel est l&rsquo;outil professionnel essentiel pour filtrer toutes les pr\u00e9parations (bouillons, coulis, sauces, etc). Gr\u00e2ce \u00e0 la maille finement tiss\u00e9e, le tamis ne laisse passer que le liquide et les petites particules. Cela garantit des r\u00e9sultats constants \u00e0 chaque utilisation. De plus, le mat\u00e9riau en acier inoxydable offre une excellente durabilit\u00e9 &#8211; assurant que le tamis Gobel est pr\u00eat \u00e0 \u00eatre utilis\u00e9 pendant des ann\u00e9es.<\/p>\n<p>\u2022 Vous permet de filtrer les sauces, bouillons, sirops et plus encore<br \/>\u2022 Les doubles coutures fixent le tissu au corps<br \/>\u2022 L&rsquo;acier inoxydable de qualit\u00e9 304 est tr\u00e8s durable et facile \u00e0 nettoyer<br \/>\u2022 Grande ouverture pour verser facilement<br \/>\u2022 Les mailles fines emp\u00eachent les grumeaux<\/p>\n<p><b><u>Caract\u00e9ristiques du produit :<\/u><\/b><br \/>\u2022 Couleur : Argent.<\/p>\n","protected":false},"excerpt":{"rendered":"<p>445(H) x 202(L) x 220(P)mm<\/p>\n","protected":false},"featured_media":106254,"comment_status":"open","ping_status":"closed","template":"","meta":[],"product_brand":[],"product_cat":[1064,1297,1098,1104],"product_tag":[],"class_list":{"0":"post-111117","1":"product","2":"type-product","3":"status-publish","4":"has-post-thumbnail","6":"product_cat-cuisine","7":"product_cat-non-palettisable","8":"product_cat-ustensiles-cuisine","9":"product_cat-ustensiles-de-cuisine","10":"product_shipping_class-free-shipping","12":"first","13":"outofstock","14":"featured","15":"taxable","16":"shipping-taxable","17":"purchasable","18":"product-type-simple"},"_links":{"self":[{"href":"https:\/\/abinox-chr-clim.com\/index.php\/wp-json\/wp\/v2\/product\/111117","targetHints":{"allow":["GET"]}}],"collection":[{"href":"https:\/\/abinox-chr-clim.com\/index.php\/wp-json\/wp\/v2\/product"}],"about":[{"href":"https:\/\/abinox-chr-clim.com\/index.php\/wp-json\/wp\/v2\/types\/product"}],"replies":[{"embeddable":true,"href":"https:\/\/abinox-chr-clim.com\/index.php\/wp-json\/wp\/v2\/comments?post=111117"}],"wp:featuredmedia":[{"embeddable":true,"href":"https:\/\/abinox-chr-clim.com\/index.php\/wp-json\/wp\/v2\/media\/106254"}],"wp:attachment":[{"href":"https:\/\/abinox-chr-clim.com\/index.php\/wp-json\/wp\/v2\/media?parent=111117"}],"wp:term":[{"taxonomy":"product_brand","embeddable":true,"href":"https:\/\/abinox-chr-clim.com\/index.php\/wp-json\/wp\/v2\/product_brand?post=111117"},{"taxonomy":"product_cat","embeddable":true,"href":"https:\/\/abinox-chr-clim.com\/index.php\/wp-json\/wp\/v2\/product_cat?post=111117"},{"taxonomy":"product_tag","embeddable":true,"href":"https:\/\/abinox-chr-clim.com\/index.php\/wp-json\/wp\/v2\/product_tag?post=111117"}],"curies":[{"name":"wp","href":"https:\/\/api.w.org\/{rel}","templated":true}]}}