{"id":111055,"date":"2025-05-29T12:17:21","date_gmt":"2025-05-29T10:17:21","guid":{"rendered":"https:\/\/abinox-chr-clim.com\/index.php\/product\/trousse-xl-de-premiers-soins-pour-la-restauration-detectaplast\/"},"modified":"2026-04-13T07:57:01","modified_gmt":"2026-04-13T05:57:01","slug":"trousse-xl-de-premiers-soins-pour-la-restauration-detectaplast","status":"publish","type":"product","link":"https:\/\/abinox-chr-clim.com\/index.php\/product\/trousse-xl-de-premiers-soins-pour-la-restauration-detectaplast\/","title":{"rendered":"Trousse XL de premiers soins pour la restauration Detectaplast"},"content":{"rendered":"<p>Detectaplast propose une gamme de trousses et bo\u00eetes de premiers secours sp\u00e9cialement adapt\u00e9es \u00e0 l&rsquo;industrie alimentaire et la restauration. Les trousses de premiers secours contiennent tout ce dont vous avez besoin pour fournir les premiers secours dans les restaurants, l&rsquo;industrie alimentaire, les ateliers de pr\u00e9paration, les ateliers de restauration, les chocolateries, etc.<\/p>\n<p>\u2022 Assortiment de bandages \u00e9lastiques &#8211; 10 pansements 19x38mm &#8211; 30 pansements 25x72mm &#8211; 20 pansements 50x72mm &#8211; 10 pansements bout des doigts<br \/>\u2022 10 pansements pour articulations &#8211; 50 pansements extra longs 180&#215;20 &#8211; 1 rouleau de pansements 6cmx1m &#8211; 1 spray nettoyant &#8211; 20 compresses 5x5cm &#8211; 3 pansements \u00e9lastiques 6cmx4m<br \/>\u2022 3 pansements \u00e9lastiques 8cmx4m &#8211; 3 pansements rapides 6cmx4m &#8211; 3 pansements 8cmx4m &#8211; 1 ruban bleu 2,5cmx5m &#8211; 2 bandages triangulaires &#8211; 1 bande autocollante 5cmx4,5m<br \/>\u2022 1 cr\u00e8me Flamma &#8211; 10 pansements hydrogels &#8211; 1 compresse froide instantan\u00e9e &#8211; 1 collyre 100 ml<br \/>\u2022 4 gants bleus &#8211; 1 couverture de secours &#8211; 1 masque respiratoire &#8211; 1 paire de ciseaux \u00e0 pansement<br \/>\u2022 5 prot\u00e8ge-doigts en textile &#8211; 5 prot\u00e8ge-doigts en caoutchouc<\/p>\n<p><b><u>Caract\u00e9ristiques du produit :<\/u><\/b><br \/>\u2022 Dim. : 220(H) x 12(L) mm<br \/>\u2022 Mati\u00e8re : Plastique<br \/>\u2022 Poids : 1,095 kg.<\/p>\n","protected":false},"excerpt":{"rendered":"<p>Format XL<\/p>\n","protected":false},"featured_media":108942,"comment_status":"open","ping_status":"closed","template":"","meta":[],"product_brand":[],"product_cat":[1234,1297,1233,1216],"product_tag":[],"class_list":{"0":"post-111055","1":"product","2":"type-product","3":"status-publish","4":"has-post-thumbnail","6":"product_cat-bandages-et-pansements","7":"product_cat-non-palettisable","8":"product_cat-premiers-soins","9":"product_cat-usage-unique-et-entretien","10":"product_shipping_class-free-shipping","12":"first","13":"instock","14":"featured","15":"taxable","16":"shipping-taxable","17":"purchasable","18":"product-type-simple"},"_links":{"self":[{"href":"https:\/\/abinox-chr-clim.com\/index.php\/wp-json\/wp\/v2\/product\/111055","targetHints":{"allow":["GET"]}}],"collection":[{"href":"https:\/\/abinox-chr-clim.com\/index.php\/wp-json\/wp\/v2\/product"}],"about":[{"href":"https:\/\/abinox-chr-clim.com\/index.php\/wp-json\/wp\/v2\/types\/product"}],"replies":[{"embeddable":true,"href":"https:\/\/abinox-chr-clim.com\/index.php\/wp-json\/wp\/v2\/comments?post=111055"}],"wp:featuredmedia":[{"embeddable":true,"href":"https:\/\/abinox-chr-clim.com\/index.php\/wp-json\/wp\/v2\/media\/108942"}],"wp:attachment":[{"href":"https:\/\/abinox-chr-clim.com\/index.php\/wp-json\/wp\/v2\/media?parent=111055"}],"wp:term":[{"taxonomy":"product_brand","embeddable":true,"href":"https:\/\/abinox-chr-clim.com\/index.php\/wp-json\/wp\/v2\/product_brand?post=111055"},{"taxonomy":"product_cat","embeddable":true,"href":"https:\/\/abinox-chr-clim.com\/index.php\/wp-json\/wp\/v2\/product_cat?post=111055"},{"taxonomy":"product_tag","embeddable":true,"href":"https:\/\/abinox-chr-clim.com\/index.php\/wp-json\/wp\/v2\/product_tag?post=111055"}],"curies":[{"name":"wp","href":"https:\/\/api.w.org\/{rel}","templated":true}]}}