{"id":111053,"date":"2025-05-29T12:17:17","date_gmt":"2025-05-29T10:17:17","guid":{"rendered":"https:\/\/abinox-chr-clim.com\/index.php\/product\/kit-de-soin-des-brulures-detectaplast\/"},"modified":"2026-04-13T07:56:59","modified_gmt":"2026-04-13T05:56:59","slug":"kit-de-soin-des-brulures-detectaplast","status":"publish","type":"product","link":"https:\/\/abinox-chr-clim.com\/index.php\/product\/kit-de-soin-des-brulures-detectaplast\/","title":{"rendered":"Kit de soin des br\u00fblures Detectaplast"},"content":{"rendered":"<p>Le kit de soins pour br\u00fblures Detectaplast est une trousse de premiers secours compl\u00e8te pour les br\u00fblures ! Ce kit comprend de l&rsquo;hydrogel et plusieurs compresses pour br\u00fblures contenant un gel hydrosoluble (hydrogel) qui enl\u00e8ve la chaleur d&rsquo;une br\u00fblure tout en soulageant la douleur, en rafra\u00eechissant la peau et en la prot\u00e9geant de la contamination par l&rsquo;air. Appliquer le gel de soins pour br\u00fblures Detectaplast d\u00e8s que possible emp\u00eache la chaleur de p\u00e9n\u00e9trer plus profond\u00e9ment dans la peau. Le gel est constitu\u00e9 \u00e0 90 % d&rsquo;eau purifi\u00e9e et a le m\u00eame effet rafra\u00eechissant que l&rsquo;eau, mais \u00e9tant \u00e9pais, il reste sur la br\u00fblure et s&rsquo;\u00e9vapore tr\u00e8s lentement. Le gel de soins pour br\u00fblures Detectaplast est compl\u00e8tement soluble dans l&rsquo;eau. Le gel r\u00e9siduel sur une br\u00fblure est \u00e9limin\u00e9 au contact de l&rsquo;eau. Le gel de soins pour br\u00fblures Detectaplast est st\u00e9rilis\u00e9 par Gamma et a une dur\u00e9e de conservation de cinq ans.<\/p>\n<p>\u2022 1 gel de soin des br\u00fblures 118 ml<br \/>\u2022 3 compresses de soin des br\u00fblures 10 x 10 cm<br \/>\u2022 1 compresse de soin des br\u00fblures 20 x 20 cm<br \/>\u2022 6 gants en nitrile non poudr\u00e9s<br \/>\u2022 4 bandage \u00e9lastique 8 cm x 4 m<br \/>\u2022 1 paire de ciseaux<\/p>\n<p><b><u>Caract\u00e9ristiques du produit :<\/u><\/b><br \/>\u2022 Dim. : 225(H) x 10(L) mm<br \/>\u2022 Mati\u00e8re : Plastique<br \/>\u2022 Poids : 524 g.<\/p>\n","protected":false},"excerpt":{"rendered":"<p>Kit complet<\/p>\n","protected":false},"featured_media":106243,"comment_status":"open","ping_status":"closed","template":"","meta":[],"product_brand":[],"product_cat":[1234,1297,1233,1216],"product_tag":[],"class_list":{"0":"post-111053","1":"product","2":"type-product","3":"status-publish","4":"has-post-thumbnail","6":"product_cat-bandages-et-pansements","7":"product_cat-non-palettisable","8":"product_cat-premiers-soins","9":"product_cat-usage-unique-et-entretien","10":"product_shipping_class-free-shipping","12":"first","13":"instock","14":"featured","15":"taxable","16":"shipping-taxable","17":"purchasable","18":"product-type-simple"},"_links":{"self":[{"href":"https:\/\/abinox-chr-clim.com\/index.php\/wp-json\/wp\/v2\/product\/111053","targetHints":{"allow":["GET"]}}],"collection":[{"href":"https:\/\/abinox-chr-clim.com\/index.php\/wp-json\/wp\/v2\/product"}],"about":[{"href":"https:\/\/abinox-chr-clim.com\/index.php\/wp-json\/wp\/v2\/types\/product"}],"replies":[{"embeddable":true,"href":"https:\/\/abinox-chr-clim.com\/index.php\/wp-json\/wp\/v2\/comments?post=111053"}],"wp:featuredmedia":[{"embeddable":true,"href":"https:\/\/abinox-chr-clim.com\/index.php\/wp-json\/wp\/v2\/media\/106243"}],"wp:attachment":[{"href":"https:\/\/abinox-chr-clim.com\/index.php\/wp-json\/wp\/v2\/media?parent=111053"}],"wp:term":[{"taxonomy":"product_brand","embeddable":true,"href":"https:\/\/abinox-chr-clim.com\/index.php\/wp-json\/wp\/v2\/product_brand?post=111053"},{"taxonomy":"product_cat","embeddable":true,"href":"https:\/\/abinox-chr-clim.com\/index.php\/wp-json\/wp\/v2\/product_cat?post=111053"},{"taxonomy":"product_tag","embeddable":true,"href":"https:\/\/abinox-chr-clim.com\/index.php\/wp-json\/wp\/v2\/product_tag?post=111053"}],"curies":[{"name":"wp","href":"https:\/\/api.w.org\/{rel}","templated":true}]}}