{"id":111050,"date":"2025-05-29T12:17:11","date_gmt":"2025-05-29T10:17:11","guid":{"rendered":"https:\/\/abinox-chr-clim.com\/index.php\/product\/saupoudreuse-vogue-530ml\/"},"modified":"2026-03-16T12:59:47","modified_gmt":"2026-03-16T11:59:47","slug":"saupoudreuse-vogue-530ml","status":"publish","type":"product","link":"https:\/\/abinox-chr-clim.com\/index.php\/product\/saupoudreuse-vogue-530ml\/","title":{"rendered":"Saupoudreuse Vogue 530ml"},"content":{"rendered":"<p>Que vous secouiez de la farine, du sucre glace, du cacao en poudre ou des \u00e9pices en poudre, le tamis Vogue est une excellente option pour un usage commercial quotidien.Fabriqu\u00e9 en acier inoxydable solide, le tamis Vogue est tr\u00e8s durable et con\u00e7u pour les espaces professionnels. Avec une grande capacit\u00e9 de 530ml, vous avez toujours suffisamment d&rsquo;ingr\u00e9dients \u00e0 saupoudrer, tandis que le design en forme de champignon du dessus aide \u00e0 pr\u00e9venir les blocages et \u00e0 am\u00e9liorer la prise en main pendant l&rsquo;utilisation. Si n\u00e9cessaire, le tamis est facile \u00e0 nettoyer et passe au lave-vaisselle.<\/p>\n<p>\u2022 Id\u00e9al pour tamiser la farine, le sucre glace, le cacao en poudre et les \u00e9pices en poudre pour une utilisation polyvalente<br \/>\u2022 Compatible lave-vaisselle et facile \u00e0 nettoyer<br \/>\u2022 Trous 1,8mm<br \/>\u2022 La forme en champignon de la saupoudreuse permet une manipulation facile et une utilisation pr\u00e9cise<br \/>\u2022 Acier inoxydable &#8211; robuste et durable<\/p>\n<p><b><u>Caract\u00e9ristiques du produit :<\/u><\/b><br \/>\u2022 Couleur : Argent.<\/p>\n","protected":false},"excerpt":{"rendered":"<p>Capacit\u00e9 : 530ml. Acier inoxydable<\/p>\n","protected":false},"featured_media":108940,"comment_status":"open","ping_status":"closed","template":"","meta":[],"product_brand":[],"product_cat":[1277,1297],"product_tag":[],"class_list":{"0":"post-111050","1":"product","2":"type-product","3":"status-publish","4":"has-post-thumbnail","6":"product_cat-divers-principal","7":"product_cat-non-palettisable","8":"product_shipping_class-free-shipping","10":"first","11":"outofstock","12":"featured","13":"taxable","14":"shipping-taxable","15":"purchasable","16":"product-type-simple"},"_links":{"self":[{"href":"https:\/\/abinox-chr-clim.com\/index.php\/wp-json\/wp\/v2\/product\/111050","targetHints":{"allow":["GET"]}}],"collection":[{"href":"https:\/\/abinox-chr-clim.com\/index.php\/wp-json\/wp\/v2\/product"}],"about":[{"href":"https:\/\/abinox-chr-clim.com\/index.php\/wp-json\/wp\/v2\/types\/product"}],"replies":[{"embeddable":true,"href":"https:\/\/abinox-chr-clim.com\/index.php\/wp-json\/wp\/v2\/comments?post=111050"}],"wp:featuredmedia":[{"embeddable":true,"href":"https:\/\/abinox-chr-clim.com\/index.php\/wp-json\/wp\/v2\/media\/108940"}],"wp:attachment":[{"href":"https:\/\/abinox-chr-clim.com\/index.php\/wp-json\/wp\/v2\/media?parent=111050"}],"wp:term":[{"taxonomy":"product_brand","embeddable":true,"href":"https:\/\/abinox-chr-clim.com\/index.php\/wp-json\/wp\/v2\/product_brand?post=111050"},{"taxonomy":"product_cat","embeddable":true,"href":"https:\/\/abinox-chr-clim.com\/index.php\/wp-json\/wp\/v2\/product_cat?post=111050"},{"taxonomy":"product_tag","embeddable":true,"href":"https:\/\/abinox-chr-clim.com\/index.php\/wp-json\/wp\/v2\/product_tag?post=111050"}],"curies":[{"name":"wp","href":"https:\/\/api.w.org\/{rel}","templated":true}]}}