{"id":111049,"date":"2025-05-29T12:17:09","date_gmt":"2025-05-29T10:17:09","guid":{"rendered":"https:\/\/abinox-chr-clim.com\/index.php\/product\/rouleau-a-beurre-vogue\/"},"modified":"2026-04-14T11:29:32","modified_gmt":"2026-04-14T09:29:32","slug":"rouleau-a-beurre-vogue","status":"publish","type":"product","link":"https:\/\/abinox-chr-clim.com\/index.php\/product\/rouleau-a-beurre-vogue\/","title":{"rendered":"Rouleau \u00e0 beurre Vogue"},"content":{"rendered":"<p>Acc\u00e9l\u00e9rez votre beurrage avec le rouleau \u00e0 beurre Vogue. Con\u00e7u pour un usage commercial, le rouleau \u00e0 beurre est un v\u00e9ritable gain de temps pour toute cuisine, rendant le processus de beurrage rapide, efficace et sans d\u00e9sordre.Fabriqu\u00e9 en acier inoxydable, le rouleau \u00e0 beurre Vogue est tr\u00e8s durable et poss\u00e8de un rouleau perfor\u00e9 pour une application de beurre efficace et uniforme.<\/p>\n<p>\u2022 Id\u00e9al pour beurrer rapidement et facilement le pain<br \/>\u2022 Faites chauffer le beurre rapidement pour une application facile<br \/>\u2022 Application \u00e0 rouleau perfor\u00e9 &#8211; facile \u00e0 nettoyer<br \/>\u2022 Bac GN 1\/6<br \/>\u2022 Id\u00e9al pour la restauration int\u00e9rieure et la cuisine ext\u00e9rieure, c&rsquo;est-\u00e0-dire \u00e9v\u00e9nements\/barbecues<br \/>\u2022 Aide \u00e0 r\u00e9duire le gaspillage et le d\u00e9sordre et \u00e0 \u00e9taler le beurre plus uniform\u00e9ment<\/p>\n<p><b><u>Caract\u00e9ristiques du produit :<\/u><\/b><br \/>\u2022 Couleur : Argent.<\/p>\n","protected":false},"excerpt":{"rendered":"<p>Acier inoxydable. Largeur : 337 mm<\/p>\n","protected":false},"featured_media":108939,"comment_status":"open","ping_status":"closed","template":"","meta":[],"product_brand":[],"product_cat":[1277,1297],"product_tag":[],"class_list":{"0":"post-111049","1":"product","2":"type-product","3":"status-publish","4":"has-post-thumbnail","6":"product_cat-divers-principal","7":"product_cat-non-palettisable","8":"product_shipping_class-free-shipping","10":"first","11":"instock","12":"featured","13":"taxable","14":"shipping-taxable","15":"purchasable","16":"product-type-simple"},"_links":{"self":[{"href":"https:\/\/abinox-chr-clim.com\/index.php\/wp-json\/wp\/v2\/product\/111049","targetHints":{"allow":["GET"]}}],"collection":[{"href":"https:\/\/abinox-chr-clim.com\/index.php\/wp-json\/wp\/v2\/product"}],"about":[{"href":"https:\/\/abinox-chr-clim.com\/index.php\/wp-json\/wp\/v2\/types\/product"}],"replies":[{"embeddable":true,"href":"https:\/\/abinox-chr-clim.com\/index.php\/wp-json\/wp\/v2\/comments?post=111049"}],"wp:featuredmedia":[{"embeddable":true,"href":"https:\/\/abinox-chr-clim.com\/index.php\/wp-json\/wp\/v2\/media\/108939"}],"wp:attachment":[{"href":"https:\/\/abinox-chr-clim.com\/index.php\/wp-json\/wp\/v2\/media?parent=111049"}],"wp:term":[{"taxonomy":"product_brand","embeddable":true,"href":"https:\/\/abinox-chr-clim.com\/index.php\/wp-json\/wp\/v2\/product_brand?post=111049"},{"taxonomy":"product_cat","embeddable":true,"href":"https:\/\/abinox-chr-clim.com\/index.php\/wp-json\/wp\/v2\/product_cat?post=111049"},{"taxonomy":"product_tag","embeddable":true,"href":"https:\/\/abinox-chr-clim.com\/index.php\/wp-json\/wp\/v2\/product_tag?post=111049"}],"curies":[{"name":"wp","href":"https:\/\/api.w.org\/{rel}","templated":true}]}}