{"id":111048,"date":"2025-05-29T12:17:07","date_gmt":"2025-05-29T10:17:07","guid":{"rendered":"https:\/\/abinox-chr-clim.com\/index.php\/product\/coffre-fort-dhotel-bolero-noir-200x310x200mm\/"},"modified":"2026-04-14T11:27:59","modified_gmt":"2026-04-14T09:27:59","slug":"coffre-fort-dhotel-bolero-noir-200x310x200mm","status":"publish","type":"product","link":"https:\/\/abinox-chr-clim.com\/index.php\/product\/coffre-fort-dhotel-bolero-noir-200x310x200mm\/","title":{"rendered":"Coffre-fort d&rsquo;h\u00f4tel Bolero noir 200x310x200mm"},"content":{"rendered":"<p>Le coffre-fort de chambre d&rsquo;h\u00f4tel de Bolero offre aux clients un endroit s\u00fbr pour ranger leurs effets personnels. Le clavier frontal facile \u00e0 utiliser permet aux utilisateurs de d\u00e9finir un code invit\u00e9 personnalis\u00e9 de 3 \u00e0 6 chiffres, tandis que la doublure en tapis doux prot\u00e8ge les objets de valeur. Peut \u00eatre fix\u00e9 au mur ou au sol (fixations fournies).<\/p>\n<p>\u2022 Solution de stockage s\u00e9curis\u00e9e pour les effets personnels des clients de l&rsquo;h\u00f4tel<br \/>\u2022 Clavier frontal facile \u00e0 utiliser avec code invit\u00e9 personnalis\u00e9 de 3 \u00e0 6 chiffres<br \/>\u2022 Rev\u00eatement en moquette douce pour prot\u00e8ger les objets de valeur des rayures<br \/>\u2022 Construction durable et m\u00e9canisme de verrouillage<br \/>\u2022 Avertissement de batterie faible<br \/>\u2022 Inclut 2 cl\u00e9s de d\u00e9rogation pour l&rsquo;accessibilit\u00e9<br \/>\u2022 Peut \u00eatre fix\u00e9 au mur ou sur une surface plane (fixations fournies)<br \/>\u2022 N\u00e9cessite 4 piles AAA 1,5V (non incluses) &#8211; rendant le coffre-fort flexible en termes de positionnement<\/p>\n<p><b><u>Caract\u00e9ristiques du produit :<\/u><\/b><br \/>\u2022 Dim. : 200(H) x 310(L) x 200(P)mm<br \/>\u2022 Mati\u00e8re : Acier<br \/>\u2022 Poids : 3,75 kg<br \/>\u2022 Couleur : Noir.<\/p>\n","protected":false},"excerpt":{"rendered":"<p>200(H)x310(L)x200(P)mm<\/p>\n","protected":false},"featured_media":108938,"comment_status":"open","ping_status":"closed","template":"","meta":[],"product_brand":[],"product_cat":[1277,1297],"product_tag":[],"class_list":{"0":"post-111048","1":"product","2":"type-product","3":"status-publish","4":"has-post-thumbnail","6":"product_cat-divers-principal","7":"product_cat-non-palettisable","8":"product_shipping_class-free-shipping","10":"first","11":"instock","12":"featured","13":"taxable","14":"shipping-taxable","15":"purchasable","16":"product-type-simple"},"_links":{"self":[{"href":"https:\/\/abinox-chr-clim.com\/index.php\/wp-json\/wp\/v2\/product\/111048","targetHints":{"allow":["GET"]}}],"collection":[{"href":"https:\/\/abinox-chr-clim.com\/index.php\/wp-json\/wp\/v2\/product"}],"about":[{"href":"https:\/\/abinox-chr-clim.com\/index.php\/wp-json\/wp\/v2\/types\/product"}],"replies":[{"embeddable":true,"href":"https:\/\/abinox-chr-clim.com\/index.php\/wp-json\/wp\/v2\/comments?post=111048"}],"wp:featuredmedia":[{"embeddable":true,"href":"https:\/\/abinox-chr-clim.com\/index.php\/wp-json\/wp\/v2\/media\/108938"}],"wp:attachment":[{"href":"https:\/\/abinox-chr-clim.com\/index.php\/wp-json\/wp\/v2\/media?parent=111048"}],"wp:term":[{"taxonomy":"product_brand","embeddable":true,"href":"https:\/\/abinox-chr-clim.com\/index.php\/wp-json\/wp\/v2\/product_brand?post=111048"},{"taxonomy":"product_cat","embeddable":true,"href":"https:\/\/abinox-chr-clim.com\/index.php\/wp-json\/wp\/v2\/product_cat?post=111048"},{"taxonomy":"product_tag","embeddable":true,"href":"https:\/\/abinox-chr-clim.com\/index.php\/wp-json\/wp\/v2\/product_tag?post=111048"}],"curies":[{"name":"wp","href":"https:\/\/api.w.org\/{rel}","templated":true}]}}