{"id":111046,"date":"2025-05-29T12:17:03","date_gmt":"2025-05-29T10:17:03","guid":{"rendered":"https:\/\/abinox-chr-clim.com\/index.php\/product\/verres-long-drink-en-cristal-olympia-verona-415ml-lot-de-6\/"},"modified":"2026-04-24T11:31:31","modified_gmt":"2026-04-24T09:31:31","slug":"verres-long-drink-en-cristal-olympia-verona-415ml-lot-de-6","status":"publish","type":"product","link":"https:\/\/abinox-chr-clim.com\/index.php\/product\/verres-long-drink-en-cristal-olympia-verona-415ml-lot-de-6\/","title":{"rendered":"Verres Long Drink en cristal Olympia Verona 415ml (lot de 6)"},"content":{"rendered":"<p>Les gobelets Verona Olympia sont fabriqu\u00e9s \u00e0 partir d&rsquo;une seule pi\u00e8ce de cristal, ce qui les rend incroyablement durables et transparents. Leur forme incurv\u00e9e permet une prise en main confortable. Ils peuvent \u00eatre lav\u00e9s au lave-verres.<\/p>\n<p>\u2022 Le design \u00e9l\u00e9gant ajoute une touche de style \u00e0 tout service en salle<br \/>\u2022 Le design l\u00e9g\u00e8rement incurv\u00e9 offre une prise en main confortable<br \/>\u2022 Une base \u00e9paisse et stable assure \u00e9quilibre et stabilit\u00e9<br \/>\u2022 Compatible lave-vaisselle pour un nettoyage facile<br \/>\u2022 Poids 274g<\/p>\n<p><b><u>Caract\u00e9ristiques du produit :<\/u><\/b><br \/>\u2022 Lot : 6.0<br \/>\u2022 Capacit\u00e9 : 41,5 cl<br \/>\u2022 Dim. : 143(H) x 71(\u00d8) mm<br \/>\u2022 Mati\u00e8re : Verre en cristal<br \/>\u2022 Poids : 274 g.<\/p>\n","protected":false},"excerpt":{"rendered":"<p>415ml. Quantit\u00e9: 6<\/p>\n","protected":false},"featured_media":105696,"comment_status":"open","ping_status":"closed","template":"","meta":[],"product_brand":[],"product_cat":[1023,1055,1297,1051],"product_tag":[],"class_list":{"0":"post-111046","1":"product","2":"type-product","3":"status-publish","4":"has-post-thumbnail","6":"product_cat-art-de-la-table","7":"product_cat-chopes-et-gobelets","8":"product_cat-non-palettisable","9":"product_cat-verrerie","10":"product_shipping_class-free-shipping","12":"first","13":"instock","14":"featured","15":"taxable","16":"shipping-taxable","17":"purchasable","18":"product-type-simple"},"_links":{"self":[{"href":"https:\/\/abinox-chr-clim.com\/index.php\/wp-json\/wp\/v2\/product\/111046","targetHints":{"allow":["GET"]}}],"collection":[{"href":"https:\/\/abinox-chr-clim.com\/index.php\/wp-json\/wp\/v2\/product"}],"about":[{"href":"https:\/\/abinox-chr-clim.com\/index.php\/wp-json\/wp\/v2\/types\/product"}],"replies":[{"embeddable":true,"href":"https:\/\/abinox-chr-clim.com\/index.php\/wp-json\/wp\/v2\/comments?post=111046"}],"wp:featuredmedia":[{"embeddable":true,"href":"https:\/\/abinox-chr-clim.com\/index.php\/wp-json\/wp\/v2\/media\/105696"}],"wp:attachment":[{"href":"https:\/\/abinox-chr-clim.com\/index.php\/wp-json\/wp\/v2\/media?parent=111046"}],"wp:term":[{"taxonomy":"product_brand","embeddable":true,"href":"https:\/\/abinox-chr-clim.com\/index.php\/wp-json\/wp\/v2\/product_brand?post=111046"},{"taxonomy":"product_cat","embeddable":true,"href":"https:\/\/abinox-chr-clim.com\/index.php\/wp-json\/wp\/v2\/product_cat?post=111046"},{"taxonomy":"product_tag","embeddable":true,"href":"https:\/\/abinox-chr-clim.com\/index.php\/wp-json\/wp\/v2\/product_tag?post=111046"}],"curies":[{"name":"wp","href":"https:\/\/api.w.org\/{rel}","templated":true}]}}