{"id":111043,"date":"2025-05-29T12:16:57","date_gmt":"2025-05-29T10:16:57","guid":{"rendered":"https:\/\/abinox-chr-clim.com\/index.php\/product\/presse-agrumes-caterlite\/"},"modified":"2026-04-15T10:53:42","modified_gmt":"2026-04-15T08:53:42","slug":"presse-agrumes-caterlite","status":"publish","type":"product","link":"https:\/\/abinox-chr-clim.com\/index.php\/product\/presse-agrumes-caterlite\/","title":{"rendered":"Presse-agrumes Caterlite"},"content":{"rendered":"<p>Machine \u00e0 haut rendement qui extrait le jus de la plupart des types de fruits, l\u00e9gumes et l\u00e9gumes-feuilles pour donner un jus de haute qualit\u00e9 et nutritif. Le processus de pressage cr\u00e9e moins de chaleur qu&rsquo;un extracteur centrifuge et pr\u00e9serve les enzymes naturelles, r\u00e9duit la s\u00e9paration et produit un jus qui reste frais plus longtemps.<\/p>\n<p>\u2022 Bo\u00eetier en acier inoxydable<br \/>\u2022 Levier de presse en aluminium moul\u00e9 sous pression pour une utilisation facile<br \/>\u2022 Filtre en acier inoxydable<br \/>\u2022 Bec antigoutte<br \/>\u2022 Pieds antid\u00e9rapants pour la s\u00e9curit\u00e9<br \/>\u2022 Comprend deux accessoires pour diff\u00e9rents types de fruits<br \/>\u2022 Parfait pour presser des oranges, citrons, citrons verts et pamplemousses<\/p>\n<p><b><u>Caract\u00e9ristiques du produit :<\/u><\/b><br \/>\u2022 Dim. : 290(H) x 172<br \/>\u2022 Mati\u00e8re : Inox<br \/>\u2022 Voltage : 220-240V<br \/>\u2022 Poids : 2,21 kg<br \/>\u2022 Couleur : Argent.<\/p>\n","protected":false},"excerpt":{"rendered":"<p>160W<\/p>\n","protected":false},"featured_media":108936,"comment_status":"open","ping_status":"closed","template":"","meta":[],"product_brand":[],"product_cat":[1064,1297,1098,1104],"product_tag":[],"class_list":{"0":"post-111043","1":"product","2":"type-product","3":"status-publish","4":"has-post-thumbnail","6":"product_cat-cuisine","7":"product_cat-non-palettisable","8":"product_cat-ustensiles-cuisine","9":"product_cat-ustensiles-de-cuisine","10":"product_shipping_class-free-shipping","12":"first","13":"instock","14":"featured","15":"taxable","16":"shipping-taxable","17":"purchasable","18":"product-type-simple"},"_links":{"self":[{"href":"https:\/\/abinox-chr-clim.com\/index.php\/wp-json\/wp\/v2\/product\/111043","targetHints":{"allow":["GET"]}}],"collection":[{"href":"https:\/\/abinox-chr-clim.com\/index.php\/wp-json\/wp\/v2\/product"}],"about":[{"href":"https:\/\/abinox-chr-clim.com\/index.php\/wp-json\/wp\/v2\/types\/product"}],"replies":[{"embeddable":true,"href":"https:\/\/abinox-chr-clim.com\/index.php\/wp-json\/wp\/v2\/comments?post=111043"}],"wp:featuredmedia":[{"embeddable":true,"href":"https:\/\/abinox-chr-clim.com\/index.php\/wp-json\/wp\/v2\/media\/108936"}],"wp:attachment":[{"href":"https:\/\/abinox-chr-clim.com\/index.php\/wp-json\/wp\/v2\/media?parent=111043"}],"wp:term":[{"taxonomy":"product_brand","embeddable":true,"href":"https:\/\/abinox-chr-clim.com\/index.php\/wp-json\/wp\/v2\/product_brand?post=111043"},{"taxonomy":"product_cat","embeddable":true,"href":"https:\/\/abinox-chr-clim.com\/index.php\/wp-json\/wp\/v2\/product_cat?post=111043"},{"taxonomy":"product_tag","embeddable":true,"href":"https:\/\/abinox-chr-clim.com\/index.php\/wp-json\/wp\/v2\/product_tag?post=111043"}],"curies":[{"name":"wp","href":"https:\/\/api.w.org\/{rel}","templated":true}]}}