{"id":111041,"date":"2025-05-29T12:16:52","date_gmt":"2025-05-29T10:16:52","guid":{"rendered":"https:\/\/abinox-chr-clim.com\/index.php\/product\/bols-a-oreilles-olympia-fusion-250ml-lot-de-6\/"},"modified":"2026-04-14T11:25:50","modified_gmt":"2026-04-14T09:25:50","slug":"bols-a-oreilles-olympia-fusion-250ml-lot-de-6","status":"publish","type":"product","link":"https:\/\/abinox-chr-clim.com\/index.php\/product\/bols-a-oreilles-olympia-fusion-250ml-lot-de-6\/","title":{"rendered":"Bols \u00e0 oreilles Olympia Fusion 250ml (lot de 6)"},"content":{"rendered":"<p>Bol \u00e0 oreilles de 250 ml avec un vernis r\u00e9actif fonc\u00e9. Fabriqu\u00e9 en gr\u00e8s, il passe au micro-ondes, au four et au lave-vaisselle. Le pied non \u00e9maill\u00e9 \u00e9vite de glisser.<br \/>\u2022 Fini avec un vernis r\u00e9actif fonc\u00e9, chaque pi\u00e8ce est unique<br \/>\u2022 Fournit un arri\u00e8re-plan saisissant pour vos cr\u00e9ations culinaires<br \/>\u2022 Le pied non \u00e9maill\u00e9 garantit la stabilit\u00e9 pendant le service<br \/>\u2022 Compatible micro-ondes et four<\/p>\n<p><b><u>Caract\u00e9ristiques du produit :<\/u><\/b><br \/>\u2022 Lot : 6.0<br \/>\u2022 Couleur : Noir.<\/p>\n","protected":false},"excerpt":{"rendered":"<p>250ml. 130(L)x105(P)x50(H)mm. Lot de 6<\/p>\n","protected":false},"featured_media":108935,"comment_status":"open","ping_status":"closed","template":"","meta":[],"product_brand":[],"product_cat":[1277,1297],"product_tag":[],"class_list":{"0":"post-111041","1":"product","2":"type-product","3":"status-publish","4":"has-post-thumbnail","6":"product_cat-divers-principal","7":"product_cat-non-palettisable","8":"product_shipping_class-free-shipping","10":"first","11":"instock","12":"featured","13":"taxable","14":"shipping-taxable","15":"purchasable","16":"product-type-simple"},"_links":{"self":[{"href":"https:\/\/abinox-chr-clim.com\/index.php\/wp-json\/wp\/v2\/product\/111041","targetHints":{"allow":["GET"]}}],"collection":[{"href":"https:\/\/abinox-chr-clim.com\/index.php\/wp-json\/wp\/v2\/product"}],"about":[{"href":"https:\/\/abinox-chr-clim.com\/index.php\/wp-json\/wp\/v2\/types\/product"}],"replies":[{"embeddable":true,"href":"https:\/\/abinox-chr-clim.com\/index.php\/wp-json\/wp\/v2\/comments?post=111041"}],"wp:featuredmedia":[{"embeddable":true,"href":"https:\/\/abinox-chr-clim.com\/index.php\/wp-json\/wp\/v2\/media\/108935"}],"wp:attachment":[{"href":"https:\/\/abinox-chr-clim.com\/index.php\/wp-json\/wp\/v2\/media?parent=111041"}],"wp:term":[{"taxonomy":"product_brand","embeddable":true,"href":"https:\/\/abinox-chr-clim.com\/index.php\/wp-json\/wp\/v2\/product_brand?post=111041"},{"taxonomy":"product_cat","embeddable":true,"href":"https:\/\/abinox-chr-clim.com\/index.php\/wp-json\/wp\/v2\/product_cat?post=111041"},{"taxonomy":"product_tag","embeddable":true,"href":"https:\/\/abinox-chr-clim.com\/index.php\/wp-json\/wp\/v2\/product_tag?post=111041"}],"curies":[{"name":"wp","href":"https:\/\/api.w.org\/{rel}","templated":true}]}}