{"id":111038,"date":"2025-05-29T12:16:47","date_gmt":"2025-05-29T10:16:47","guid":{"rendered":"https:\/\/abinox-chr-clim.com\/index.php\/product\/distributeur-de-boissons-en-polypropylene-noir-olympia-12l\/"},"modified":"2026-04-14T11:25:45","modified_gmt":"2026-04-14T09:25:45","slug":"distributeur-de-boissons-en-polypropylene-noir-olympia-12l","status":"publish","type":"product","link":"https:\/\/abinox-chr-clim.com\/index.php\/product\/distributeur-de-boissons-en-polypropylene-noir-olympia-12l\/","title":{"rendered":"Distributeur de boissons en polypropyl\u00e8ne noir Olympia 12L"},"content":{"rendered":"<p>Ce distributeur de boissons Olympia permet de servir les boissons fra\u00eeches pendant toute la dur\u00e9e du service. Avec un r\u00e9servoir en plastique transparent pour une identification rapide, le distributeur est parfait pour les buffets de petit d\u00e9jeuner. Corps en plastique r\u00e9sistant au lave-vaisselle.<\/p>\n<p>\u2022 Facile \u00e0 utiliser pendant les p\u00e9riodes de travail charg\u00e9es<br \/>\u2022 Rapide et facile \u00e0 remplir<br \/>\u2022 Id\u00e9al pour une utilisation lors de buffets de petit-d\u00e9jeuner<br \/>\u2022 R\u00e9servoir en plastique transparent pour une identification rapide<\/p>\n<p><b><u>Caract\u00e9ristiques du produit :<\/u><\/b><br \/>\u2022 Capacit\u00e9 : 12 L<br \/>\u2022 Dim. : 202(H) x 525(L) mm<br \/>\u2022 Mati\u00e8re : Polypropyl\u00e8ne<br \/>\u2022 Poids : 1,83 kg<br \/>\u2022 Couleur : Noir.<\/p>\n","protected":false},"excerpt":{"rendered":"<p>Capacit\u00e9 : 12L<\/p>\n","protected":false},"featured_media":107200,"comment_status":"open","ping_status":"closed","template":"","meta":[],"product_brand":[],"product_cat":[1277,1297],"product_tag":[],"class_list":{"0":"post-111038","1":"product","2":"type-product","3":"status-publish","4":"has-post-thumbnail","6":"product_cat-divers-principal","7":"product_cat-non-palettisable","8":"product_shipping_class-free-shipping","10":"first","11":"outofstock","12":"featured","13":"taxable","14":"shipping-taxable","15":"purchasable","16":"product-type-simple"},"_links":{"self":[{"href":"https:\/\/abinox-chr-clim.com\/index.php\/wp-json\/wp\/v2\/product\/111038","targetHints":{"allow":["GET"]}}],"collection":[{"href":"https:\/\/abinox-chr-clim.com\/index.php\/wp-json\/wp\/v2\/product"}],"about":[{"href":"https:\/\/abinox-chr-clim.com\/index.php\/wp-json\/wp\/v2\/types\/product"}],"replies":[{"embeddable":true,"href":"https:\/\/abinox-chr-clim.com\/index.php\/wp-json\/wp\/v2\/comments?post=111038"}],"wp:featuredmedia":[{"embeddable":true,"href":"https:\/\/abinox-chr-clim.com\/index.php\/wp-json\/wp\/v2\/media\/107200"}],"wp:attachment":[{"href":"https:\/\/abinox-chr-clim.com\/index.php\/wp-json\/wp\/v2\/media?parent=111038"}],"wp:term":[{"taxonomy":"product_brand","embeddable":true,"href":"https:\/\/abinox-chr-clim.com\/index.php\/wp-json\/wp\/v2\/product_brand?post=111038"},{"taxonomy":"product_cat","embeddable":true,"href":"https:\/\/abinox-chr-clim.com\/index.php\/wp-json\/wp\/v2\/product_cat?post=111038"},{"taxonomy":"product_tag","embeddable":true,"href":"https:\/\/abinox-chr-clim.com\/index.php\/wp-json\/wp\/v2\/product_tag?post=111038"}],"curies":[{"name":"wp","href":"https:\/\/api.w.org\/{rel}","templated":true}]}}