{"id":111035,"date":"2025-05-29T12:16:40","date_gmt":"2025-05-29T10:16:40","guid":{"rendered":"https:\/\/abinox-chr-clim.com\/index.php\/product\/copeaux-de-bois-de-fumage-big-k-caryer-8l\/"},"modified":"2026-04-15T10:29:46","modified_gmt":"2026-04-15T08:29:46","slug":"copeaux-de-bois-de-fumage-big-k-caryer-8l","status":"publish","type":"product","link":"https:\/\/abinox-chr-clim.com\/index.php\/product\/copeaux-de-bois-de-fumage-big-k-caryer-8l\/","title":{"rendered":"Copeaux de bois de fumage Big K caryer 8L"},"content":{"rendered":"<p>Profitez de la saveur authentique fum\u00e9e de hickory des copeaux de bois de fumage Big K, l&rsquo;am\u00e9liorateur de saveur parfait pour vos barbecues au feu de bois, au charbon ou au gaz. Fabriqu\u00e9s \u00e0 partir de bois 100% naturel et d\u00e9pourvus de tout additif chimique, ces copeaux de bois garantissent une combustion propre. Ajoutez-les simplement \u00e0 votre tas de charbon pour impr\u00e9gner vos aliments d&rsquo;une saveur classique de hickory qui se marie bien avec le saumon, le b\u0153uf et le porc.<\/p>\n<p>\u2022 Parfait pour ajouter une petite touche de saveur et peut \u00eatre utilis\u00e9 dans certains fumoirs \u00e0 gaz et \u00e9lectriques<br \/>\u2022 Forte saveur fum\u00e9e<br \/>\u2022 Le caryer se marie bien avec les bois fruitiers<br \/>\u2022 Petits copeaux de bois<br \/>\u2022 Sac pratique de 8 litres <\/p>\n","protected":false},"excerpt":{"rendered":"<p>8 litres<\/p>\n","protected":false},"featured_media":106426,"comment_status":"open","ping_status":"closed","template":"","meta":[],"product_brand":[],"product_cat":[1277,1297],"product_tag":[],"class_list":{"0":"post-111035","1":"product","2":"type-product","3":"status-publish","4":"has-post-thumbnail","6":"product_cat-divers-principal","7":"product_cat-non-palettisable","8":"product_shipping_class-free-shipping","10":"first","11":"instock","12":"featured","13":"taxable","14":"shipping-taxable","15":"purchasable","16":"product-type-simple"},"_links":{"self":[{"href":"https:\/\/abinox-chr-clim.com\/index.php\/wp-json\/wp\/v2\/product\/111035","targetHints":{"allow":["GET"]}}],"collection":[{"href":"https:\/\/abinox-chr-clim.com\/index.php\/wp-json\/wp\/v2\/product"}],"about":[{"href":"https:\/\/abinox-chr-clim.com\/index.php\/wp-json\/wp\/v2\/types\/product"}],"replies":[{"embeddable":true,"href":"https:\/\/abinox-chr-clim.com\/index.php\/wp-json\/wp\/v2\/comments?post=111035"}],"wp:featuredmedia":[{"embeddable":true,"href":"https:\/\/abinox-chr-clim.com\/index.php\/wp-json\/wp\/v2\/media\/106426"}],"wp:attachment":[{"href":"https:\/\/abinox-chr-clim.com\/index.php\/wp-json\/wp\/v2\/media?parent=111035"}],"wp:term":[{"taxonomy":"product_brand","embeddable":true,"href":"https:\/\/abinox-chr-clim.com\/index.php\/wp-json\/wp\/v2\/product_brand?post=111035"},{"taxonomy":"product_cat","embeddable":true,"href":"https:\/\/abinox-chr-clim.com\/index.php\/wp-json\/wp\/v2\/product_cat?post=111035"},{"taxonomy":"product_tag","embeddable":true,"href":"https:\/\/abinox-chr-clim.com\/index.php\/wp-json\/wp\/v2\/product_tag?post=111035"}],"curies":[{"name":"wp","href":"https:\/\/api.w.org\/{rel}","templated":true}]}}