{"id":111034,"date":"2025-05-29T12:16:38","date_gmt":"2025-05-29T10:16:38","guid":{"rendered":"https:\/\/abinox-chr-clim.com\/index.php\/product\/ensemble-dustensiles-6-pieces-barbecue-vogue\/"},"modified":"2026-01-12T09:29:01","modified_gmt":"2026-01-12T08:29:01","slug":"ensemble-dustensiles-6-pieces-barbecue-vogue","status":"publish","type":"product","link":"https:\/\/abinox-chr-clim.com\/index.php\/product\/ensemble-dustensiles-6-pieces-barbecue-vogue\/","title":{"rendered":"Ensemble d&rsquo;ustensiles 6 pi\u00e8ces barbecue Vogue"},"content":{"rendered":"<p>Ce set BBQ Vogue de 6 pi\u00e8ces comprend tous les essentiels pour servir de d\u00e9licieux plats de barbecue. Tout d&rsquo;abord, la spatule Vogue avec bord dentel\u00e9, la fourchette Vogue, les pinces Vogue et le couteau Vogue vous aident \u00e0 pr\u00e9parer, positionner et servir viandes, fruits de mer et l\u00e9gumes de barbecue avec facilit\u00e9. \u00c9galement inclus, un pinceau en silicone pratique &#8211; parfait pour napper ou badigeonner sauces ou liquides sur vos aliments de barbecue.Une fois termin\u00e9, la brosse de grillage robuste est id\u00e9ale pour nettoyer votre barbecue, pr\u00eat pour la prochaine utilisation. Toutes ces pi\u00e8ces sont fournies dans une housse de transport en nylon Vogue pratique, vous permettant d&#8217;emporter le set o\u00f9 que vous alliez.<\/p>\n<p>\u2022 Les ustensiles sont faciles \u00e0 nettoyer et passent au lave-vaisselle<br \/>\u2022 Tous les ustensiles inclus dans le kit comprennent une boucle de suspension sur la poign\u00e9e pour le rangement<br \/>\u2022 Ustensiles de haute qualit\u00e9 pour une r\u00e9sistance et une durabilit\u00e9 \u00e9lev\u00e9es<br \/>\u2022 La longue poign\u00e9e ergonomique de chaque ustensile permet une manipulation plus s\u00fbre lorsque les aliments sont \u00e0 des temp\u00e9ratures \u00e9lev\u00e9es<br \/>\u2022 Le sac de transport en nylon comprend des sangles pour que les ustensiles soient maintenus solidement en place.<br \/>\u2022 Dimensions\u00a0: 147 mm x 50 mm x 32,5 mm<\/p>\n<p><b><u>Caract\u00e9ristiques du produit :<\/u><\/b><br \/>\u2022 Couleur : Noir.<\/p>\n","protected":false},"excerpt":{"rendered":"<p>Spatule, fourchette, pince, pinceau, couteau, brosse et \u00e9tui<\/p>\n","protected":false},"featured_media":108932,"comment_status":"open","ping_status":"closed","template":"","meta":[],"product_brand":[],"product_cat":[1023,1031,1297],"product_tag":[],"class_list":{"0":"post-111034","1":"product","2":"type-product","3":"status-publish","4":"has-post-thumbnail","6":"product_cat-art-de-la-table","7":"product_cat-couverts","8":"product_cat-non-palettisable","9":"product_shipping_class-free-shipping","11":"first","12":"outofstock","13":"featured","14":"taxable","15":"shipping-taxable","16":"purchasable","17":"product-type-simple"},"_links":{"self":[{"href":"https:\/\/abinox-chr-clim.com\/index.php\/wp-json\/wp\/v2\/product\/111034","targetHints":{"allow":["GET"]}}],"collection":[{"href":"https:\/\/abinox-chr-clim.com\/index.php\/wp-json\/wp\/v2\/product"}],"about":[{"href":"https:\/\/abinox-chr-clim.com\/index.php\/wp-json\/wp\/v2\/types\/product"}],"replies":[{"embeddable":true,"href":"https:\/\/abinox-chr-clim.com\/index.php\/wp-json\/wp\/v2\/comments?post=111034"}],"wp:featuredmedia":[{"embeddable":true,"href":"https:\/\/abinox-chr-clim.com\/index.php\/wp-json\/wp\/v2\/media\/108932"}],"wp:attachment":[{"href":"https:\/\/abinox-chr-clim.com\/index.php\/wp-json\/wp\/v2\/media?parent=111034"}],"wp:term":[{"taxonomy":"product_brand","embeddable":true,"href":"https:\/\/abinox-chr-clim.com\/index.php\/wp-json\/wp\/v2\/product_brand?post=111034"},{"taxonomy":"product_cat","embeddable":true,"href":"https:\/\/abinox-chr-clim.com\/index.php\/wp-json\/wp\/v2\/product_cat?post=111034"},{"taxonomy":"product_tag","embeddable":true,"href":"https:\/\/abinox-chr-clim.com\/index.php\/wp-json\/wp\/v2\/product_tag?post=111034"}],"curies":[{"name":"wp","href":"https:\/\/api.w.org\/{rel}","templated":true}]}}