{"id":111033,"date":"2025-05-29T12:16:36","date_gmt":"2025-05-29T10:16:36","guid":{"rendered":"https:\/\/abinox-chr-clim.com\/index.php\/product\/pinceau-en-silicone-pour-barbecue-vogue\/"},"modified":"2026-01-12T09:29:00","modified_gmt":"2026-01-12T08:29:00","slug":"pinceau-en-silicone-pour-barbecue-vogue","status":"publish","type":"product","link":"https:\/\/abinox-chr-clim.com\/index.php\/product\/pinceau-en-silicone-pour-barbecue-vogue\/","title":{"rendered":"Pinceau en silicone pour barbecue Vogue"},"content":{"rendered":"<p>Le pinceau en silicone Vogue BBQ est une excellente solution pour badigeonner ou appliquer des sauces\/liquides sur les l\u00e9gumes et la viande grill\u00e9s. Gr\u00e2ce \u00e0 son silicone extra-r\u00e9sistant et durable, les aliments sont facilement enrob\u00e9s, m\u00eame si vous appliquez directement sur des viandes chaudes. Le design du pinceau le rend compatible avec le lave-vaisselle, ce qui le rend beaucoup plus facile \u00e0 nettoyer par rapport aux pinceaux en bois traditionnels.<\/p>\n<p>\u2022 Pinceau en silicone durable permettant de huiler les aliments sans les endommager<br \/>\u2022 Conception facile \u00e0 nettoyer passe au lave-vaisselle<br \/>\u2022 Boucle de suspension sur la poign\u00e9e pour le rangement<br \/>\u2022 Haute r\u00e9sistance et durabilit\u00e9<br \/>\u2022 La longue poign\u00e9e ergonomique facilite une manipulation plus s\u00fbre lorsque les aliments sont \u00e0 des temp\u00e9ratures \u00e9lev\u00e9es<br \/>\u2022 Dimensions 456x63x70mm<\/p>\n<p><b><u>Caract\u00e9ristiques du produit :<\/u><\/b><br \/>\u2022 Couleur : Argent.<\/p>\n","protected":false},"excerpt":{"rendered":"<p>Longueur : 456 mm<\/p>\n","protected":false},"featured_media":105695,"comment_status":"open","ping_status":"closed","template":"","meta":[],"product_brand":[],"product_cat":[1023,1031,1297],"product_tag":[],"class_list":{"0":"post-111033","1":"product","2":"type-product","3":"status-publish","4":"has-post-thumbnail","6":"product_cat-art-de-la-table","7":"product_cat-couverts","8":"product_cat-non-palettisable","9":"product_shipping_class-free-shipping","11":"first","12":"outofstock","13":"featured","14":"taxable","15":"shipping-taxable","16":"purchasable","17":"product-type-simple"},"_links":{"self":[{"href":"https:\/\/abinox-chr-clim.com\/index.php\/wp-json\/wp\/v2\/product\/111033","targetHints":{"allow":["GET"]}}],"collection":[{"href":"https:\/\/abinox-chr-clim.com\/index.php\/wp-json\/wp\/v2\/product"}],"about":[{"href":"https:\/\/abinox-chr-clim.com\/index.php\/wp-json\/wp\/v2\/types\/product"}],"replies":[{"embeddable":true,"href":"https:\/\/abinox-chr-clim.com\/index.php\/wp-json\/wp\/v2\/comments?post=111033"}],"wp:featuredmedia":[{"embeddable":true,"href":"https:\/\/abinox-chr-clim.com\/index.php\/wp-json\/wp\/v2\/media\/105695"}],"wp:attachment":[{"href":"https:\/\/abinox-chr-clim.com\/index.php\/wp-json\/wp\/v2\/media?parent=111033"}],"wp:term":[{"taxonomy":"product_brand","embeddable":true,"href":"https:\/\/abinox-chr-clim.com\/index.php\/wp-json\/wp\/v2\/product_brand?post=111033"},{"taxonomy":"product_cat","embeddable":true,"href":"https:\/\/abinox-chr-clim.com\/index.php\/wp-json\/wp\/v2\/product_cat?post=111033"},{"taxonomy":"product_tag","embeddable":true,"href":"https:\/\/abinox-chr-clim.com\/index.php\/wp-json\/wp\/v2\/product_tag?post=111033"}],"curies":[{"name":"wp","href":"https:\/\/api.w.org\/{rel}","templated":true}]}}