{"id":111032,"date":"2025-05-29T12:16:35","date_gmt":"2025-05-29T10:16:35","guid":{"rendered":"https:\/\/abinox-chr-clim.com\/index.php\/product\/pince-a-barbecue-robuste-vogue\/"},"modified":"2025-06-30T12:28:59","modified_gmt":"2025-06-30T10:28:59","slug":"pince-a-barbecue-robuste-vogue","status":"publish","type":"product","link":"https:\/\/abinox-chr-clim.com\/index.php\/product\/pince-a-barbecue-robuste-vogue\/","title":{"rendered":"Pince \u00e0 barbecue robuste Vogue"},"content":{"rendered":"<p>Con\u00e7u pour les professionnels, les pinces \u00e0 BBQ robustes Vogue disposent d&rsquo;un long manche \u00e9tendu, offrant une distance de s\u00e9curit\u00e9 avec la source de chaleur, garantissant que les aliments peuvent \u00eatre pr\u00e9par\u00e9s, cuits et servis facilement. Tr\u00e8s polyvalentes, les pinces peuvent \u00eatre verrouill\u00e9es en place lorsqu&rsquo;elles ne sont pas utilis\u00e9es, assurant un rangement s\u00fbr et s\u00e9curis\u00e9. Et gr\u00e2ce \u00e0 leur construction en m\u00e9tal solide, les pinces sont \u00e9galement compatibles avec le lave-vaisselle.<\/p>\n<p>\u2022 La pince se referme solidement lorsqu&rsquo;elle n&rsquo;est pas utilis\u00e9e<br \/>\u2022 Conception facile \u00e0 nettoyer passe au lave-vaisselle<br \/>\u2022 Boucle de suspension sur la poign\u00e9e pour le rangement<br \/>\u2022 Y compris une poign\u00e9e sur le c\u00f4t\u00e9 de la poign\u00e9e pour plus de confort et de soutien<br \/>\u2022 Haute r\u00e9sistance et durabilit\u00e9<br \/>\u2022 Dimensions 436x49x22mm<\/p>\n<p><b><u>Caract\u00e9ristiques du produit :<\/u><\/b><br \/>\u2022 Couleur : Argent.<\/p>\n","protected":false},"excerpt":{"rendered":"<p>Longueur : 436 mm<\/p>\n","protected":false},"featured_media":108931,"comment_status":"open","ping_status":"closed","template":"","meta":[],"product_brand":[],"product_cat":[1023,1031,1297],"product_tag":[],"class_list":{"0":"post-111032","1":"product","2":"type-product","3":"status-publish","4":"has-post-thumbnail","6":"product_cat-art-de-la-table","7":"product_cat-couverts","8":"product_cat-non-palettisable","9":"product_shipping_class-free-shipping","11":"first","12":"outofstock","13":"featured","14":"taxable","15":"shipping-taxable","16":"purchasable","17":"product-type-simple"},"_links":{"self":[{"href":"https:\/\/abinox-chr-clim.com\/index.php\/wp-json\/wp\/v2\/product\/111032","targetHints":{"allow":["GET"]}}],"collection":[{"href":"https:\/\/abinox-chr-clim.com\/index.php\/wp-json\/wp\/v2\/product"}],"about":[{"href":"https:\/\/abinox-chr-clim.com\/index.php\/wp-json\/wp\/v2\/types\/product"}],"replies":[{"embeddable":true,"href":"https:\/\/abinox-chr-clim.com\/index.php\/wp-json\/wp\/v2\/comments?post=111032"}],"wp:featuredmedia":[{"embeddable":true,"href":"https:\/\/abinox-chr-clim.com\/index.php\/wp-json\/wp\/v2\/media\/108931"}],"wp:attachment":[{"href":"https:\/\/abinox-chr-clim.com\/index.php\/wp-json\/wp\/v2\/media?parent=111032"}],"wp:term":[{"taxonomy":"product_brand","embeddable":true,"href":"https:\/\/abinox-chr-clim.com\/index.php\/wp-json\/wp\/v2\/product_brand?post=111032"},{"taxonomy":"product_cat","embeddable":true,"href":"https:\/\/abinox-chr-clim.com\/index.php\/wp-json\/wp\/v2\/product_cat?post=111032"},{"taxonomy":"product_tag","embeddable":true,"href":"https:\/\/abinox-chr-clim.com\/index.php\/wp-json\/wp\/v2\/product_tag?post=111032"}],"curies":[{"name":"wp","href":"https:\/\/api.w.org\/{rel}","templated":true}]}}