{"id":111031,"date":"2025-05-29T12:16:33","date_gmt":"2025-05-29T10:16:33","guid":{"rendered":"https:\/\/abinox-chr-clim.com\/index.php\/product\/spatule-pour-barbecue-vogue-458-mm\/"},"modified":"2025-06-30T12:28:58","modified_gmt":"2025-06-30T10:28:58","slug":"spatule-pour-barbecue-vogue-458-mm","status":"publish","type":"product","link":"https:\/\/abinox-chr-clim.com\/index.php\/product\/spatule-pour-barbecue-vogue-458-mm\/","title":{"rendered":"Spatule pour barbecue Vogue 458 mm"},"content":{"rendered":"<p>La spatule Vogue BBQ est une solution durable et pratique pour soulever, tourner et servir la viande, les l\u00e9gumes ou les fruits de mer sur un barbecue. Avec son long manche et son bord dentel\u00e9, la spatule Vogue vous permet \u00e9galement de couper les aliments directement sur le gril, puis de les soulever ou de les tourner selon les besoins.La spatule est con\u00e7ue pour r\u00e9sister \u00e0 la chaleur et \u00eatre tr\u00e8s durable, ce qui la rend adapt\u00e9e \u00e0 une utilisation quotidienne, ainsi qu&rsquo;\u00e0 un nettoyage s\u00fbr au lave-vaisselle. Une spatule superbe pour un usage professionnel.<\/p>\n<p>\u2022 Conception ajour\u00e9e avec c\u00f4t\u00e9 dentel\u00e9 facilitant la coupe des aliments sur le gril<br \/>\u2022 Conception facile \u00e0 nettoyer passe au lave-vaisselle<br \/>\u2022 Boucle de suspension sur la poign\u00e9e pour le rangement<br \/>\u2022 Dimensions\u00a0: 458(L)x100(P)x45(H)mm<br \/>\u2022 Haute r\u00e9sistance et durabilit\u00e9<br \/>\u2022 La longue poign\u00e9e ergonomique facilite une manipulation plus s\u00fbre lorsque les aliments sont \u00e0 haute temp\u00e9rature<\/p>\n<p><b><u>Caract\u00e9ristiques du produit :<\/u><\/b><br \/>\u2022 Couleur : Argent.<\/p>\n","protected":false},"excerpt":{"rendered":"<p>Longueur : 458 mm<\/p>\n","protected":false},"featured_media":108930,"comment_status":"open","ping_status":"closed","template":"","meta":[],"product_brand":[],"product_cat":[1023,1031,1297],"product_tag":[],"class_list":{"0":"post-111031","1":"product","2":"type-product","3":"status-publish","4":"has-post-thumbnail","6":"product_cat-art-de-la-table","7":"product_cat-couverts","8":"product_cat-non-palettisable","9":"product_shipping_class-free-shipping","11":"first","12":"outofstock","13":"featured","14":"taxable","15":"shipping-taxable","16":"purchasable","17":"product-type-simple"},"_links":{"self":[{"href":"https:\/\/abinox-chr-clim.com\/index.php\/wp-json\/wp\/v2\/product\/111031","targetHints":{"allow":["GET"]}}],"collection":[{"href":"https:\/\/abinox-chr-clim.com\/index.php\/wp-json\/wp\/v2\/product"}],"about":[{"href":"https:\/\/abinox-chr-clim.com\/index.php\/wp-json\/wp\/v2\/types\/product"}],"replies":[{"embeddable":true,"href":"https:\/\/abinox-chr-clim.com\/index.php\/wp-json\/wp\/v2\/comments?post=111031"}],"wp:featuredmedia":[{"embeddable":true,"href":"https:\/\/abinox-chr-clim.com\/index.php\/wp-json\/wp\/v2\/media\/108930"}],"wp:attachment":[{"href":"https:\/\/abinox-chr-clim.com\/index.php\/wp-json\/wp\/v2\/media?parent=111031"}],"wp:term":[{"taxonomy":"product_brand","embeddable":true,"href":"https:\/\/abinox-chr-clim.com\/index.php\/wp-json\/wp\/v2\/product_brand?post=111031"},{"taxonomy":"product_cat","embeddable":true,"href":"https:\/\/abinox-chr-clim.com\/index.php\/wp-json\/wp\/v2\/product_cat?post=111031"},{"taxonomy":"product_tag","embeddable":true,"href":"https:\/\/abinox-chr-clim.com\/index.php\/wp-json\/wp\/v2\/product_tag?post=111031"}],"curies":[{"name":"wp","href":"https:\/\/api.w.org\/{rel}","templated":true}]}}