{"id":111030,"date":"2025-05-29T12:16:30","date_gmt":"2025-05-29T10:16:30","guid":{"rendered":"https:\/\/abinox-chr-clim.com\/index.php\/product\/chauffe-eau-nisbets-essentials-36l\/"},"modified":"2026-04-13T08:33:57","modified_gmt":"2026-04-13T06:33:57","slug":"chauffe-eau-nisbets-essentials-36l","status":"publish","type":"product","link":"https:\/\/abinox-chr-clim.com\/index.php\/product\/chauffe-eau-nisbets-essentials-36l\/","title":{"rendered":"Chauffe-eau Nisbets Essentials 3,6L"},"content":{"rendered":"<p>Chauffe-eau portable pour une distribution sur simple pression d&rsquo;un bouton. Efficace, l\u00e9ger et facile \u00e0 utiliser.<\/p>\n<p>\u2022 Capacit\u00e9 g\u00e9n\u00e9reuse de 3,6 litres<br \/>\u2022 Bouton de verrouillage\/d\u00e9verrouillage<br \/>\u2022 R\u00e9f\u00e9rence soumise \u00e0 une Eco-participation de 0.16\u20ac par unit\u00e9 vendue applicable en France uniquement\u00a0<br \/>\u2022 Fonction de s\u00e9lection de temp\u00e9rature &#8211; 98,85 ou 65\u00b0C<br \/>\u2022 Le mode \u00e9conomie d&rsquo;\u00e9nergie r\u00e9duit les co\u00fbts de fonctionnement<br \/>\u2022 S\u00e9curit\u00e9 contre la chauffe \u00e0 sec<br \/>\u2022 Rotation \u00e0 360\u00b0 facile d&rsquo;acc\u00e8s<br \/>\u2022 Temps de chauffe 35-40mn<br \/>\u2022 Plus \u00e9conome en \u00e9nergie que les bouilloires \u00e9lectriques traditionnelles<br \/>\u2022 Affichage num\u00e9rique pr\u00e9cis de la temp\u00e9rature &#8211; visualisez la temp\u00e9rature en un coup d&rsquo;\u0153il<\/p>\n<p><b><u>Caract\u00e9ristiques du produit :<\/u><\/b><br \/>\u2022 Capacit\u00e9 : 3,6 L<br \/>\u2022 Dim. : 335(H) x 220(\u00d8)mm<br \/>\u2022 Puissance : 750 W<br \/>\u2022 Voltage : 220-240V<br \/>\u2022 Poids : 2,80 kg<br \/>\u2022 Couleur : Argent.<\/p>\n","protected":false},"excerpt":{"rendered":"<p>750W. Capacit\u00e9 : 3,6L<\/p>\n","protected":false},"featured_media":107658,"comment_status":"open","ping_status":"closed","template":"","meta":[],"product_brand":[],"product_cat":[1164,1166,1160,1297],"product_tag":[],"class_list":{"0":"post-111030","1":"product","2":"type-product","3":"status-publish","4":"has-post-thumbnail","6":"product_cat-cafeterie","7":"product_cat-chauffe-eau","8":"product_cat-materiel-electrique-et-de-cuisson","9":"product_cat-non-palettisable","10":"product_shipping_class-free-shipping","12":"first","13":"outofstock","14":"featured","15":"taxable","16":"shipping-taxable","17":"purchasable","18":"product-type-simple"},"_links":{"self":[{"href":"https:\/\/abinox-chr-clim.com\/index.php\/wp-json\/wp\/v2\/product\/111030","targetHints":{"allow":["GET"]}}],"collection":[{"href":"https:\/\/abinox-chr-clim.com\/index.php\/wp-json\/wp\/v2\/product"}],"about":[{"href":"https:\/\/abinox-chr-clim.com\/index.php\/wp-json\/wp\/v2\/types\/product"}],"replies":[{"embeddable":true,"href":"https:\/\/abinox-chr-clim.com\/index.php\/wp-json\/wp\/v2\/comments?post=111030"}],"wp:featuredmedia":[{"embeddable":true,"href":"https:\/\/abinox-chr-clim.com\/index.php\/wp-json\/wp\/v2\/media\/107658"}],"wp:attachment":[{"href":"https:\/\/abinox-chr-clim.com\/index.php\/wp-json\/wp\/v2\/media?parent=111030"}],"wp:term":[{"taxonomy":"product_brand","embeddable":true,"href":"https:\/\/abinox-chr-clim.com\/index.php\/wp-json\/wp\/v2\/product_brand?post=111030"},{"taxonomy":"product_cat","embeddable":true,"href":"https:\/\/abinox-chr-clim.com\/index.php\/wp-json\/wp\/v2\/product_cat?post=111030"},{"taxonomy":"product_tag","embeddable":true,"href":"https:\/\/abinox-chr-clim.com\/index.php\/wp-json\/wp\/v2\/product_tag?post=111030"}],"curies":[{"name":"wp","href":"https:\/\/api.w.org\/{rel}","templated":true}]}}