{"id":111029,"date":"2025-05-29T12:16:28","date_gmt":"2025-05-29T10:16:28","guid":{"rendered":"https:\/\/abinox-chr-clim.com\/index.php\/product\/poubelle-a-roulettes-avec-pedale-jantex-120l-verte\/"},"modified":"2026-04-15T10:55:52","modified_gmt":"2026-04-15T08:55:52","slug":"poubelle-a-roulettes-avec-pedale-jantex-120l-verte","status":"publish","type":"product","link":"https:\/\/abinox-chr-clim.com\/index.php\/product\/poubelle-a-roulettes-avec-pedale-jantex-120l-verte\/","title":{"rendered":"Poubelle \u00e0 roulettes  avec p\u00e9dale Jantex 120L verte"},"content":{"rendered":"<p>\u2022 Comprend deux couvercles : un grand pour les sacs poubelles et le vidage de la poubelle et un plus petit pour des utilisations comme le recyclage des canettes<br \/>\u2022 La p\u00e9dale sur le c\u00f4t\u00e9 permet de soulever le grand couvercle sans les mains, facilitant la mise en place de sacs dans la poubelle<br \/>\u2022 \u00c9quip\u00e9e de deux grandes roues \u00e0 l&rsquo;arri\u00e8re<br \/>\u2022 La p\u00e9dale lib\u00e8re les deux mains pour une \u00e9limination des d\u00e9chets plus s\u00fbre et plus hygi\u00e9nique<\/p>\n<p><b><u>Caract\u00e9ristiques du produit :<\/u><\/b><br \/>\u2022 Capacit\u00e9 : 120 L<br \/>\u2022 Dim. : 887(H) x 445(L)mm<br \/>\u2022 Couleur : Vert.<\/p>\n","protected":false},"excerpt":{"rendered":"<p>Capacit\u00e9 : 120L<\/p>\n","protected":false},"featured_media":108929,"comment_status":"open","ping_status":"closed","template":"","meta":[],"product_brand":[],"product_cat":[1217,1296,1219,1216],"product_tag":[],"class_list":{"0":"post-111029","1":"product","2":"type-product","3":"status-publish","4":"has-post-thumbnail","6":"product_cat-collecte-des-dechets","7":"product_cat-palettisable","8":"product_cat-poubelles","9":"product_cat-usage-unique-et-entretien","10":"product_shipping_class-free-shipping","12":"first","13":"instock","14":"featured","15":"taxable","16":"shipping-taxable","17":"purchasable","18":"product-type-simple"},"_links":{"self":[{"href":"https:\/\/abinox-chr-clim.com\/index.php\/wp-json\/wp\/v2\/product\/111029","targetHints":{"allow":["GET"]}}],"collection":[{"href":"https:\/\/abinox-chr-clim.com\/index.php\/wp-json\/wp\/v2\/product"}],"about":[{"href":"https:\/\/abinox-chr-clim.com\/index.php\/wp-json\/wp\/v2\/types\/product"}],"replies":[{"embeddable":true,"href":"https:\/\/abinox-chr-clim.com\/index.php\/wp-json\/wp\/v2\/comments?post=111029"}],"wp:featuredmedia":[{"embeddable":true,"href":"https:\/\/abinox-chr-clim.com\/index.php\/wp-json\/wp\/v2\/media\/108929"}],"wp:attachment":[{"href":"https:\/\/abinox-chr-clim.com\/index.php\/wp-json\/wp\/v2\/media?parent=111029"}],"wp:term":[{"taxonomy":"product_brand","embeddable":true,"href":"https:\/\/abinox-chr-clim.com\/index.php\/wp-json\/wp\/v2\/product_brand?post=111029"},{"taxonomy":"product_cat","embeddable":true,"href":"https:\/\/abinox-chr-clim.com\/index.php\/wp-json\/wp\/v2\/product_cat?post=111029"},{"taxonomy":"product_tag","embeddable":true,"href":"https:\/\/abinox-chr-clim.com\/index.php\/wp-json\/wp\/v2\/product_tag?post=111029"}],"curies":[{"name":"wp","href":"https:\/\/api.w.org\/{rel}","templated":true}]}}