{"id":111026,"date":"2025-05-29T12:16:23","date_gmt":"2025-05-29T10:16:23","guid":{"rendered":"https:\/\/abinox-chr-clim.com\/index.php\/product\/distributeur-de-cereales-olympia-simple-4l\/"},"modified":"2026-04-14T11:25:42","modified_gmt":"2026-04-14T09:25:42","slug":"distributeur-de-cereales-olympia-simple-4l","status":"publish","type":"product","link":"https:\/\/abinox-chr-clim.com\/index.php\/product\/distributeur-de-cereales-olympia-simple-4l\/","title":{"rendered":"Distributeur de c\u00e9r\u00e9ales Olympia simple 4L"},"content":{"rendered":"<p>Permet de conserver la fra\u00eecheur des c\u00e9r\u00e9ales du petit-d\u00e9jeuner et de contr\u00f4ler les portions. Comprend un m\u00e9canisme de distribution par robinet et une large ouverture sur le dessus pour des remplissages faciles et sans g\u00e2chis.<\/p>\n<p>\u2022 Distributeur de c\u00e9r\u00e9ales double \u00e9galement disponible &#8211; voir code HC897<br \/>\u2022 Rapide et facile \u00e0 recharger avec des c\u00e9r\u00e9ales<br \/>\u2022 Facile \u00e0 utiliser lors des buffers de petit-d\u00e9jeuner charg\u00e9s<br \/>\u2022 R\u00e9servoir en plastique transparent pour une identification rapide<\/p>\n<p><b><u>Caract\u00e9ristiques du produit :<\/u><\/b><br \/>\u2022 Capacit\u00e9 : 4 L<br \/>\u2022 Dim. : 605(H) x 235(L) mm<br \/>\u2022 Mati\u00e8re : Inox<br \/>\u2022 Poids : 2,55 kg<br \/>\u2022 Couleur : Argent.<\/p>\n","protected":false},"excerpt":{"rendered":"<p>4L. 605(H) x 235(L) x 185(P)mm<\/p>\n","protected":false},"featured_media":108927,"comment_status":"open","ping_status":"closed","template":"","meta":[],"product_brand":[],"product_cat":[1114,1118,1297,1106],"product_tag":[],"class_list":{"0":"post-111026","1":"product","2":"type-product","3":"status-publish","4":"has-post-thumbnail","6":"product_cat-buffet","7":"product_cat-distributeurs-de-cereales","8":"product_cat-non-palettisable","9":"product_cat-restaurant-bar-et-hotel","10":"product_shipping_class-free-shipping","12":"first","13":"instock","14":"featured","15":"taxable","16":"shipping-taxable","17":"purchasable","18":"product-type-simple"},"_links":{"self":[{"href":"https:\/\/abinox-chr-clim.com\/index.php\/wp-json\/wp\/v2\/product\/111026","targetHints":{"allow":["GET"]}}],"collection":[{"href":"https:\/\/abinox-chr-clim.com\/index.php\/wp-json\/wp\/v2\/product"}],"about":[{"href":"https:\/\/abinox-chr-clim.com\/index.php\/wp-json\/wp\/v2\/types\/product"}],"replies":[{"embeddable":true,"href":"https:\/\/abinox-chr-clim.com\/index.php\/wp-json\/wp\/v2\/comments?post=111026"}],"wp:featuredmedia":[{"embeddable":true,"href":"https:\/\/abinox-chr-clim.com\/index.php\/wp-json\/wp\/v2\/media\/108927"}],"wp:attachment":[{"href":"https:\/\/abinox-chr-clim.com\/index.php\/wp-json\/wp\/v2\/media?parent=111026"}],"wp:term":[{"taxonomy":"product_brand","embeddable":true,"href":"https:\/\/abinox-chr-clim.com\/index.php\/wp-json\/wp\/v2\/product_brand?post=111026"},{"taxonomy":"product_cat","embeddable":true,"href":"https:\/\/abinox-chr-clim.com\/index.php\/wp-json\/wp\/v2\/product_cat?post=111026"},{"taxonomy":"product_tag","embeddable":true,"href":"https:\/\/abinox-chr-clim.com\/index.php\/wp-json\/wp\/v2\/product_tag?post=111026"}],"curies":[{"name":"wp","href":"https:\/\/api.w.org\/{rel}","templated":true}]}}