{"id":111025,"date":"2025-05-29T12:16:21","date_gmt":"2025-05-29T10:16:21","guid":{"rendered":"https:\/\/abinox-chr-clim.com\/index.php\/product\/roulettes-pour-tables-inox-vogue-lot-de-4\/"},"modified":"2026-04-02T09:40:04","modified_gmt":"2026-04-02T07:40:04","slug":"roulettes-pour-tables-inox-vogue-lot-de-4","status":"publish","type":"product","link":"https:\/\/abinox-chr-clim.com\/index.php\/product\/roulettes-pour-tables-inox-vogue-lot-de-4\/","title":{"rendered":"Roulettes pour tables inox Vogue (lot de 4)"},"content":{"rendered":"<p>\u2022 2 roulettes avec frein et 2 sans frein<br \/>\u2022 Maintient vos tables en place lorsque les freins sont enclench\u00e9s<br \/>\u2022 Apporte \u00e0 vos tables de pr\u00e9paration de la mobilit\u00e9 pour plus de commodit\u00e9 et un nettoyage plus facile<br \/>\u2022 R\u00e9f\u00e9rence soumise \u00e0 une Eco-participation de 0.11\u20ac par unit\u00e9 vendue applicable en France uniquement\u00a0<br \/>\u2022 En acier galvanis\u00e9 extr\u00eamement durable<br \/>\u2022 Diam\u00e8tre de l&rsquo;\u00e9crou noir : 12 mm. La bague en plastique correspond \u00e0 l&rsquo;\u00e9crou. Sa taille est \u00e9galement de 12 mm<\/p>\n<p><b><u>Caract\u00e9ristiques du produit :<\/u><\/b><br \/>\u2022 Lot : 4.0<br \/>\u2022 Poids : 2,40 kg.<\/p>\n","protected":false},"excerpt":{"rendered":"<p>Roulettes en acier galvanis\u00e9. 2 avec frein et 2 sans frein.<\/p>\n","protected":false},"featured_media":108926,"comment_status":"open","ping_status":"closed","template":"","meta":[],"product_brand":[],"product_cat":[1146,1296,1159,1155],"product_tag":[],"class_list":{"0":"post-111025","1":"product","2":"type-product","3":"status-publish","4":"has-post-thumbnail","6":"product_cat-mobilier-de-cuisine-chariots-et-echelles","7":"product_cat-palettisable","8":"product_cat-tables-de-preparation","9":"product_cat-tables-et-plonges","10":"product_shipping_class-free-shipping","12":"first","13":"instock","14":"featured","15":"taxable","16":"shipping-taxable","17":"purchasable","18":"product-type-simple"},"_links":{"self":[{"href":"https:\/\/abinox-chr-clim.com\/index.php\/wp-json\/wp\/v2\/product\/111025","targetHints":{"allow":["GET"]}}],"collection":[{"href":"https:\/\/abinox-chr-clim.com\/index.php\/wp-json\/wp\/v2\/product"}],"about":[{"href":"https:\/\/abinox-chr-clim.com\/index.php\/wp-json\/wp\/v2\/types\/product"}],"replies":[{"embeddable":true,"href":"https:\/\/abinox-chr-clim.com\/index.php\/wp-json\/wp\/v2\/comments?post=111025"}],"wp:featuredmedia":[{"embeddable":true,"href":"https:\/\/abinox-chr-clim.com\/index.php\/wp-json\/wp\/v2\/media\/108926"}],"wp:attachment":[{"href":"https:\/\/abinox-chr-clim.com\/index.php\/wp-json\/wp\/v2\/media?parent=111025"}],"wp:term":[{"taxonomy":"product_brand","embeddable":true,"href":"https:\/\/abinox-chr-clim.com\/index.php\/wp-json\/wp\/v2\/product_brand?post=111025"},{"taxonomy":"product_cat","embeddable":true,"href":"https:\/\/abinox-chr-clim.com\/index.php\/wp-json\/wp\/v2\/product_cat?post=111025"},{"taxonomy":"product_tag","embeddable":true,"href":"https:\/\/abinox-chr-clim.com\/index.php\/wp-json\/wp\/v2\/product_tag?post=111025"}],"curies":[{"name":"wp","href":"https:\/\/api.w.org\/{rel}","templated":true}]}}