{"id":110980,"date":"2025-05-29T12:14:46","date_gmt":"2025-05-29T10:14:46","guid":{"rendered":"https:\/\/abinox-chr-clim.com\/index.php\/product\/grande-gamelle-pour-chien-en-inox-bolero-230mm\/"},"modified":"2026-04-14T11:25:38","modified_gmt":"2026-04-14T09:25:38","slug":"grande-gamelle-pour-chien-en-inox-bolero-230mm","status":"publish","type":"product","link":"https:\/\/abinox-chr-clim.com\/index.php\/product\/grande-gamelle-pour-chien-en-inox-bolero-230mm\/","title":{"rendered":"Grande gamelle pour chien en inox Bolero 230mm"},"content":{"rendered":"<p>Parfait pour la nourriture et l&rsquo;eau, ce bol pour chien en acier inoxydable Bolero est id\u00e9al pour les h\u00f4tels, pubs et caf\u00e9s qui accueillent des chiens. Avec un design classique et une capacit\u00e9 g\u00e9n\u00e9reuse de 920 ml, il est particuli\u00e8rement adapt\u00e9 aux grandes races. Le bol est \u00e9quip\u00e9 d&rsquo;un anneau en caoutchouc antid\u00e9rapant \u00e0 la base pour \u00e9viter les glissades, et il passe au lave-vaisselle pour un nettoyage facile.<\/p>\n<p>\u2022 Parfait pour les h\u00f4tels, restaurants et caf\u00e9s acceptant les chiens<br \/>\u2022 Forme classique de gamelle pour chien<br \/>\u2022 Convient pour la nourriture et l&rsquo;eau<br \/>\u2022 Id\u00e9al pour les petites races<br \/>\u2022 La base poss\u00e8de un anneau en caoutchouc antid\u00e9rapant<br \/>\u2022 Capacit\u00e9 de 920ml<br \/>\u2022 Passe au lave-vaisselle<\/p>\n<p><b><u>Caract\u00e9ristiques du produit :<\/u><\/b><br \/>\u2022 Dim. : 230(\u00d8) x 60(H)mm<br \/>\u2022 Mati\u00e8re : Inox<br \/>\u2022 Poids : 200 g<br \/>\u2022 Couleur : Argent.<\/p>\n","protected":false},"excerpt":{"rendered":"<p>230(\u00d8)x60(H)mm<\/p>\n","protected":false},"featured_media":105908,"comment_status":"open","ping_status":"closed","template":"","meta":[],"product_brand":[],"product_cat":[1277,1297],"product_tag":[],"class_list":{"0":"post-110980","1":"product","2":"type-product","3":"status-publish","4":"has-post-thumbnail","6":"product_cat-divers-principal","7":"product_cat-non-palettisable","8":"product_shipping_class-free-shipping","10":"first","11":"outofstock","12":"featured","13":"taxable","14":"shipping-taxable","15":"purchasable","16":"product-type-simple"},"_links":{"self":[{"href":"https:\/\/abinox-chr-clim.com\/index.php\/wp-json\/wp\/v2\/product\/110980","targetHints":{"allow":["GET"]}}],"collection":[{"href":"https:\/\/abinox-chr-clim.com\/index.php\/wp-json\/wp\/v2\/product"}],"about":[{"href":"https:\/\/abinox-chr-clim.com\/index.php\/wp-json\/wp\/v2\/types\/product"}],"replies":[{"embeddable":true,"href":"https:\/\/abinox-chr-clim.com\/index.php\/wp-json\/wp\/v2\/comments?post=110980"}],"wp:featuredmedia":[{"embeddable":true,"href":"https:\/\/abinox-chr-clim.com\/index.php\/wp-json\/wp\/v2\/media\/105908"}],"wp:attachment":[{"href":"https:\/\/abinox-chr-clim.com\/index.php\/wp-json\/wp\/v2\/media?parent=110980"}],"wp:term":[{"taxonomy":"product_brand","embeddable":true,"href":"https:\/\/abinox-chr-clim.com\/index.php\/wp-json\/wp\/v2\/product_brand?post=110980"},{"taxonomy":"product_cat","embeddable":true,"href":"https:\/\/abinox-chr-clim.com\/index.php\/wp-json\/wp\/v2\/product_cat?post=110980"},{"taxonomy":"product_tag","embeddable":true,"href":"https:\/\/abinox-chr-clim.com\/index.php\/wp-json\/wp\/v2\/product_tag?post=110980"}],"curies":[{"name":"wp","href":"https:\/\/api.w.org\/{rel}","templated":true}]}}