{"id":110976,"date":"2025-05-29T12:14:37","date_gmt":"2025-05-29T10:14:37","guid":{"rendered":"https:\/\/abinox-chr-clim.com\/index.php\/product\/marchepied-roulant-autobloquant-vogue-noir\/"},"modified":"2026-04-14T11:31:42","modified_gmt":"2026-04-14T09:31:42","slug":"marchepied-roulant-autobloquant-vogue-noir","status":"publish","type":"product","link":"https:\/\/abinox-chr-clim.com\/index.php\/product\/marchepied-roulant-autobloquant-vogue-noir\/","title":{"rendered":"Marchepied roulant autobloquant Vogue noir"},"content":{"rendered":"<p>\u2022 Construction l\u00e9g\u00e8re &#8211; facile \u00e0 soulever et \u00e0 d\u00e9placer<br \/>\u2022 \u00c9quip\u00e9 de roulettes r\u00e9tractables durables &#8211; se r\u00e9tractent automatiquement lorsque le tabouret est charg\u00e9<br \/>\u2022 Construction solide et durable, con\u00e7ue pour un usage commercial quotidien<br \/>\u2022 Capacit\u00e9 de poids maximale de 150 kg<br \/>\u2022 Marches de s\u00e9curit\u00e9 antid\u00e9rapantes<br \/>\u2022 Fournis en 2 sections qui s&#8217;embo\u00eetent de fa\u00e7on permanente<br \/>\u2022 R\u00e9sistant aux bosses, \u00e0 la rouille et aux rayures<br \/>\u2022 \u00c9quip\u00e9 d&rsquo;un anneau de base en TPE pour prot\u00e9ger le sol<\/p>\n<p><b><u>Caract\u00e9ristiques du produit :<\/u><\/b><br \/>\u2022 Couleur : Noir.<\/p>\n","protected":false},"excerpt":{"rendered":"<p>Hauteur : 432 mm. Capacit\u00e9 de poids maximale : 150 kg<\/p>\n","protected":false},"featured_media":106785,"comment_status":"open","ping_status":"closed","template":"","meta":[],"product_brand":[],"product_cat":[1277,1297],"product_tag":[],"class_list":{"0":"post-110976","1":"product","2":"type-product","3":"status-publish","4":"has-post-thumbnail","6":"product_cat-divers-principal","7":"product_cat-non-palettisable","8":"product_shipping_class-free-shipping","10":"first","11":"instock","12":"featured","13":"taxable","14":"shipping-taxable","15":"purchasable","16":"product-type-simple"},"_links":{"self":[{"href":"https:\/\/abinox-chr-clim.com\/index.php\/wp-json\/wp\/v2\/product\/110976","targetHints":{"allow":["GET"]}}],"collection":[{"href":"https:\/\/abinox-chr-clim.com\/index.php\/wp-json\/wp\/v2\/product"}],"about":[{"href":"https:\/\/abinox-chr-clim.com\/index.php\/wp-json\/wp\/v2\/types\/product"}],"replies":[{"embeddable":true,"href":"https:\/\/abinox-chr-clim.com\/index.php\/wp-json\/wp\/v2\/comments?post=110976"}],"wp:featuredmedia":[{"embeddable":true,"href":"https:\/\/abinox-chr-clim.com\/index.php\/wp-json\/wp\/v2\/media\/106785"}],"wp:attachment":[{"href":"https:\/\/abinox-chr-clim.com\/index.php\/wp-json\/wp\/v2\/media?parent=110976"}],"wp:term":[{"taxonomy":"product_brand","embeddable":true,"href":"https:\/\/abinox-chr-clim.com\/index.php\/wp-json\/wp\/v2\/product_brand?post=110976"},{"taxonomy":"product_cat","embeddable":true,"href":"https:\/\/abinox-chr-clim.com\/index.php\/wp-json\/wp\/v2\/product_cat?post=110976"},{"taxonomy":"product_tag","embeddable":true,"href":"https:\/\/abinox-chr-clim.com\/index.php\/wp-json\/wp\/v2\/product_tag?post=110976"}],"curies":[{"name":"wp","href":"https:\/\/api.w.org\/{rel}","templated":true}]}}