{"id":110974,"date":"2025-05-29T12:14:33","date_gmt":"2025-05-29T10:14:33","guid":{"rendered":"https:\/\/abinox-chr-clim.com\/index.php\/product\/couvercles-en-pet-fiesta-recyclable-pour-pots-a-sauce-lot-de-1000\/"},"modified":"2026-04-24T11:02:40","modified_gmt":"2026-04-24T09:02:40","slug":"couvercles-en-pet-fiesta-recyclable-pour-pots-a-sauce-lot-de-1000","status":"publish","type":"product","link":"https:\/\/abinox-chr-clim.com\/index.php\/product\/couvercles-en-pet-fiesta-recyclable-pour-pots-a-sauce-lot-de-1000\/","title":{"rendered":"Couvercles en PET Fiesta Recyclable pour pots \u00e0 sauce (lot de 1000)"},"content":{"rendered":"<p>Les couvercles en PET sont compatibles avec tous nos pots \u00e0 sauce Fiesta Recyclable HC265, HC266, HC267. Les couvercles peuvent \u00eatre recycl\u00e9s dans les m\u00eames fili\u00e8res de recyclage que les gobelets pour boissons chaudes.<\/p>\n<p>\u2022 Pots en papier vendus s\u00e9par\u00e9ment (50 ml &#8211; HC265, 80 ml &#8211; HC266, 100 ml &#8211; HC267)<br \/>\u2022 Le PET est un plastique largement recyclable<\/p>\n<p><b><u>Caract\u00e9ristiques du produit :<\/u><\/b><br \/>\u2022 Lot : 1000.0<br \/>\u2022 Dim. : 6(H) mm<br \/>\u2022 Couleur : Transparent.<\/p>\n","protected":false},"excerpt":{"rendered":"<p>Convient aux pots en papier Fiesta Recyclable de 50\/80\/100 ml. Quantit\u00e9 par paquet : 1000<\/p>\n","protected":false},"featured_media":108903,"comment_status":"open","ping_status":"closed","template":"","meta":[],"product_brand":[],"product_cat":[1241,1297,1238,1216],"product_tag":[],"class_list":{"0":"post-110974","1":"product","2":"type-product","3":"status-publish","4":"has-post-thumbnail","6":"product_cat-emballages-vente-a-emporter","7":"product_cat-non-palettisable","8":"product_cat-produits-a-usage-unique","9":"product_cat-usage-unique-et-entretien","10":"product_shipping_class-free-shipping","12":"first","13":"instock","14":"featured","15":"taxable","16":"shipping-taxable","17":"purchasable","18":"product-type-simple"},"_links":{"self":[{"href":"https:\/\/abinox-chr-clim.com\/index.php\/wp-json\/wp\/v2\/product\/110974","targetHints":{"allow":["GET"]}}],"collection":[{"href":"https:\/\/abinox-chr-clim.com\/index.php\/wp-json\/wp\/v2\/product"}],"about":[{"href":"https:\/\/abinox-chr-clim.com\/index.php\/wp-json\/wp\/v2\/types\/product"}],"replies":[{"embeddable":true,"href":"https:\/\/abinox-chr-clim.com\/index.php\/wp-json\/wp\/v2\/comments?post=110974"}],"wp:featuredmedia":[{"embeddable":true,"href":"https:\/\/abinox-chr-clim.com\/index.php\/wp-json\/wp\/v2\/media\/108903"}],"wp:attachment":[{"href":"https:\/\/abinox-chr-clim.com\/index.php\/wp-json\/wp\/v2\/media?parent=110974"}],"wp:term":[{"taxonomy":"product_brand","embeddable":true,"href":"https:\/\/abinox-chr-clim.com\/index.php\/wp-json\/wp\/v2\/product_brand?post=110974"},{"taxonomy":"product_cat","embeddable":true,"href":"https:\/\/abinox-chr-clim.com\/index.php\/wp-json\/wp\/v2\/product_cat?post=110974"},{"taxonomy":"product_tag","embeddable":true,"href":"https:\/\/abinox-chr-clim.com\/index.php\/wp-json\/wp\/v2\/product_tag?post=110974"}],"curies":[{"name":"wp","href":"https:\/\/api.w.org\/{rel}","templated":true}]}}