{"id":110971,"date":"2025-05-29T12:14:27","date_gmt":"2025-05-29T10:14:27","guid":{"rendered":"https:\/\/abinox-chr-clim.com\/index.php\/product\/pots-a-sauce-fiesta-recyclable-50-ml-lot-de-1000\/"},"modified":"2026-04-24T11:02:38","modified_gmt":"2026-04-24T09:02:38","slug":"pots-a-sauce-fiesta-recyclable-50-ml-lot-de-1000","status":"publish","type":"product","link":"https:\/\/abinox-chr-clim.com\/index.php\/product\/pots-a-sauce-fiesta-recyclable-50-ml-lot-de-1000\/","title":{"rendered":"Pots \u00e0 sauce Fiesta Recyclable 50 ml (lot de 1000)"},"content":{"rendered":"<p>Pots \u00e0 sauce recyclables doubl\u00e9s en PE pour \u00e9viter les fuites. Couvercles vendus s\u00e9par\u00e9ment.<\/p>\n<p>\u2022 Peut \u00eatre recycl\u00e9 gr\u00e2ce aux m\u00eames syst\u00e8mes de recyclage que les gobelets<br \/>\u2022 La doublure en PE emp\u00eache les pots de fuir<br \/>\u2022 Les couvercles en papier (HC269) et PET (HC268) pour ces pots sont disponibles s\u00e9par\u00e9ment<br \/>\u2022 Voir d&rsquo;autres formats dans la gamme 100 ml (HC267) et 80 ml (HC266)<\/p>\n<p><b><u>Caract\u00e9ristiques du produit :<\/u><\/b><br \/>\u2022 Lot : 1000.0<br \/>\u2022 Capacit\u00e9 : 5 cl<br \/>\u2022 Dim. : 39,5(H) mm<br \/>\u2022 Mati\u00e8re : Papier<br \/>\u2022 Couleur : Marron.<\/p>\n","protected":false},"excerpt":{"rendered":"<p>50 ml. Quantit\u00e9 par paquet : 1000<\/p>\n","protected":false},"featured_media":106784,"comment_status":"open","ping_status":"closed","template":"","meta":[],"product_brand":[],"product_cat":[1241,1297,1238,1216],"product_tag":[],"class_list":{"0":"post-110971","1":"product","2":"type-product","3":"status-publish","4":"has-post-thumbnail","6":"product_cat-emballages-vente-a-emporter","7":"product_cat-non-palettisable","8":"product_cat-produits-a-usage-unique","9":"product_cat-usage-unique-et-entretien","10":"product_shipping_class-free-shipping","12":"first","13":"instock","14":"featured","15":"taxable","16":"shipping-taxable","17":"purchasable","18":"product-type-simple"},"_links":{"self":[{"href":"https:\/\/abinox-chr-clim.com\/index.php\/wp-json\/wp\/v2\/product\/110971","targetHints":{"allow":["GET"]}}],"collection":[{"href":"https:\/\/abinox-chr-clim.com\/index.php\/wp-json\/wp\/v2\/product"}],"about":[{"href":"https:\/\/abinox-chr-clim.com\/index.php\/wp-json\/wp\/v2\/types\/product"}],"replies":[{"embeddable":true,"href":"https:\/\/abinox-chr-clim.com\/index.php\/wp-json\/wp\/v2\/comments?post=110971"}],"wp:featuredmedia":[{"embeddable":true,"href":"https:\/\/abinox-chr-clim.com\/index.php\/wp-json\/wp\/v2\/media\/106784"}],"wp:attachment":[{"href":"https:\/\/abinox-chr-clim.com\/index.php\/wp-json\/wp\/v2\/media?parent=110971"}],"wp:term":[{"taxonomy":"product_brand","embeddable":true,"href":"https:\/\/abinox-chr-clim.com\/index.php\/wp-json\/wp\/v2\/product_brand?post=110971"},{"taxonomy":"product_cat","embeddable":true,"href":"https:\/\/abinox-chr-clim.com\/index.php\/wp-json\/wp\/v2\/product_cat?post=110971"},{"taxonomy":"product_tag","embeddable":true,"href":"https:\/\/abinox-chr-clim.com\/index.php\/wp-json\/wp\/v2\/product_tag?post=110971"}],"curies":[{"name":"wp","href":"https:\/\/api.w.org\/{rel}","templated":true}]}}