{"id":110966,"date":"2025-05-29T12:14:17","date_gmt":"2025-05-29T10:14:17","guid":{"rendered":"https:\/\/abinox-chr-clim.com\/index.php\/product\/chiffons-en-microfibre-nisbets-essentials-bleus-300x300m\/"},"modified":"2026-04-14T11:17:04","modified_gmt":"2026-04-14T09:17:04","slug":"chiffons-en-microfibre-nisbets-essentials-bleus-300x300m","status":"publish","type":"product","link":"https:\/\/abinox-chr-clim.com\/index.php\/product\/chiffons-en-microfibre-nisbets-essentials-bleus-300x300m\/","title":{"rendered":"Chiffons en microfibre Nisbets Essentials bleus 300x300m"},"content":{"rendered":"<p>Nettoyez la poussi\u00e8re et la salet\u00e9 que les chiffons traditionnels ne peuvent pas atteindre avec ce rouleau de chiffons en microfibre bleu Nisbets Essentials. Chaque chiffon poss\u00e8de de minuscules fibres non abrasives qui peuvent p\u00e9n\u00e9trer dans les zones, les interstices et les coins les plus petits. 300mm x 300mm. 50 feuilles par rouleau.<\/p>\n<p>\u2022 Rouleau de 50 chiffons pr\u00e9d\u00e9coup\u00e9s<br \/>\u2022 Peut \u00eatre utilis\u00e9 humide ou sec pour une flexibilit\u00e9 maximale<br \/>\u2022 Couleur bleue pour une utilisation dans les syst\u00e8mes de nettoyage \u00e0 code couleur<br \/>\u2022 Fabriqu\u00e9 \u00e0 partir de minuscules fibres non abrasives qui peuvent p\u00e9n\u00e9trer dans les plus petits recoins<\/p>\n<p><b><u>Caract\u00e9ristiques du produit :<\/u><\/b><br \/>\u2022 Lot : 50.0<br \/>\u2022 Dim. : 300(L) x 300(P)mm<br \/>\u2022 Mati\u00e8re : 90% polyester\/ 10% polyamide<br \/>\u2022 Couleur : Bleu.<\/p>\n","protected":false},"excerpt":{"rendered":"<p>300(L)x300(P)mm. Rouleau de 50 feuilles d\u00e9tachables<\/p>\n","protected":false},"featured_media":108900,"comment_status":"open","ping_status":"closed","template":"","meta":[],"product_brand":[],"product_cat":[1230,1227,1297,1216],"product_tag":[],"class_list":{"0":"post-110966","1":"product","2":"type-product","3":"status-publish","4":"has-post-thumbnail","6":"product_cat-chiffons-et-eponges","7":"product_cat-nettoyage","8":"product_cat-non-palettisable","9":"product_cat-usage-unique-et-entretien","10":"product_shipping_class-free-shipping","12":"first","13":"outofstock","14":"featured","15":"taxable","16":"shipping-taxable","17":"purchasable","18":"product-type-simple"},"_links":{"self":[{"href":"https:\/\/abinox-chr-clim.com\/index.php\/wp-json\/wp\/v2\/product\/110966","targetHints":{"allow":["GET"]}}],"collection":[{"href":"https:\/\/abinox-chr-clim.com\/index.php\/wp-json\/wp\/v2\/product"}],"about":[{"href":"https:\/\/abinox-chr-clim.com\/index.php\/wp-json\/wp\/v2\/types\/product"}],"replies":[{"embeddable":true,"href":"https:\/\/abinox-chr-clim.com\/index.php\/wp-json\/wp\/v2\/comments?post=110966"}],"wp:featuredmedia":[{"embeddable":true,"href":"https:\/\/abinox-chr-clim.com\/index.php\/wp-json\/wp\/v2\/media\/108900"}],"wp:attachment":[{"href":"https:\/\/abinox-chr-clim.com\/index.php\/wp-json\/wp\/v2\/media?parent=110966"}],"wp:term":[{"taxonomy":"product_brand","embeddable":true,"href":"https:\/\/abinox-chr-clim.com\/index.php\/wp-json\/wp\/v2\/product_brand?post=110966"},{"taxonomy":"product_cat","embeddable":true,"href":"https:\/\/abinox-chr-clim.com\/index.php\/wp-json\/wp\/v2\/product_cat?post=110966"},{"taxonomy":"product_tag","embeddable":true,"href":"https:\/\/abinox-chr-clim.com\/index.php\/wp-json\/wp\/v2\/product_tag?post=110966"}],"curies":[{"name":"wp","href":"https:\/\/api.w.org\/{rel}","templated":true}]}}