{"id":110952,"date":"2025-05-29T12:13:48","date_gmt":"2025-05-29T10:13:48","guid":{"rendered":"https:\/\/abinox-chr-clim.com\/index.php\/product\/couteaux-a-steak-rivetes-olympia-premium-avec-manches-en-abs-noir-lot-de-6\/"},"modified":"2026-04-14T11:16:59","modified_gmt":"2026-04-14T09:16:59","slug":"couteaux-a-steak-rivetes-olympia-premium-avec-manches-en-abs-noir-lot-de-6","status":"publish","type":"product","link":"https:\/\/abinox-chr-clim.com\/index.php\/product\/couteaux-a-steak-rivetes-olympia-premium-avec-manches-en-abs-noir-lot-de-6\/","title":{"rendered":"Couteaux \u00e0 steak rivet\u00e9s Olympia Premium avec manches en ABS noir (lot de 6)"},"content":{"rendered":"<p>Lame dent\u00e9e de premi\u00e8re qualit\u00e9 qui coupe la viande sans effort. Le manche noir pleine masse est fix\u00e9 par des rivets pour une plus grande durabilit\u00e9. Lavable au lave-vaisselle.<\/p>\n<p>\u2022 Lavable au lave-vaisselle<br \/>\u2022 Manche fix\u00e9 avec des rivets pour une durabilit\u00e9 accrue<br \/>\u2022 Lame dent\u00e9e coupe facilement le steak<br \/>\u2022 L&rsquo;acier inoxydable garantit une utilisation durable sans dommages<\/p>\n<p><b><u>Caract\u00e9ristiques du produit :<\/u><\/b><br \/>\u2022 Lot : 6.0<br \/>\u2022 Dim. : 243(L) mm<br \/>\u2022 Mati\u00e8re : Inox<br \/>\u2022 Couleur : Noir.<\/p>\n","protected":false},"excerpt":{"rendered":"<p>Quantit\u00e9 du lot : 6. 243mm<\/p>\n","protected":false},"featured_media":108892,"comment_status":"open","ping_status":"closed","template":"","meta":[],"product_brand":[],"product_cat":[1023,1035,1031,1297],"product_tag":[],"class_list":{"0":"post-110952","1":"product","2":"type-product","3":"status-publish","4":"has-post-thumbnail","6":"product_cat-art-de-la-table","7":"product_cat-couteaux-et-fourchettes-a-steak","8":"product_cat-couverts","9":"product_cat-non-palettisable","10":"product_shipping_class-free-shipping","12":"first","13":"instock","14":"featured","15":"taxable","16":"shipping-taxable","17":"purchasable","18":"product-type-simple"},"_links":{"self":[{"href":"https:\/\/abinox-chr-clim.com\/index.php\/wp-json\/wp\/v2\/product\/110952","targetHints":{"allow":["GET"]}}],"collection":[{"href":"https:\/\/abinox-chr-clim.com\/index.php\/wp-json\/wp\/v2\/product"}],"about":[{"href":"https:\/\/abinox-chr-clim.com\/index.php\/wp-json\/wp\/v2\/types\/product"}],"replies":[{"embeddable":true,"href":"https:\/\/abinox-chr-clim.com\/index.php\/wp-json\/wp\/v2\/comments?post=110952"}],"wp:featuredmedia":[{"embeddable":true,"href":"https:\/\/abinox-chr-clim.com\/index.php\/wp-json\/wp\/v2\/media\/108892"}],"wp:attachment":[{"href":"https:\/\/abinox-chr-clim.com\/index.php\/wp-json\/wp\/v2\/media?parent=110952"}],"wp:term":[{"taxonomy":"product_brand","embeddable":true,"href":"https:\/\/abinox-chr-clim.com\/index.php\/wp-json\/wp\/v2\/product_brand?post=110952"},{"taxonomy":"product_cat","embeddable":true,"href":"https:\/\/abinox-chr-clim.com\/index.php\/wp-json\/wp\/v2\/product_cat?post=110952"},{"taxonomy":"product_tag","embeddable":true,"href":"https:\/\/abinox-chr-clim.com\/index.php\/wp-json\/wp\/v2\/product_tag?post=110952"}],"curies":[{"name":"wp","href":"https:\/\/api.w.org\/{rel}","templated":true}]}}