{"id":110951,"date":"2025-05-29T12:13:46","date_gmt":"2025-05-29T10:13:46","guid":{"rendered":"https:\/\/abinox-chr-clim.com\/index.php\/product\/table-pliante-carree-marron-bolero-620mm\/"},"modified":"2026-04-14T11:16:58","modified_gmt":"2026-04-14T09:16:58","slug":"table-pliante-carree-marron-bolero-620mm","status":"publish","type":"product","link":"https:\/\/abinox-chr-clim.com\/index.php\/product\/table-pliante-carree-marron-bolero-620mm\/","title":{"rendered":"Table pliante carr\u00e9e marron Bolero 620mm"},"content":{"rendered":"<p>Besoin d&rsquo;un espace de table suppl\u00e9mentaire \u00e0 la fois pratique et polyvalent &#63; Alors cette table carr\u00e9e pliante de Bolero est id\u00e9ale. Construite de mani\u00e8re robuste avec un plateau en poly\u00e9thyl\u00e8ne haute densit\u00e9 et des pieds en acier rev\u00eatus de poudre, elle est parfaite pour une utilisation int\u00e9rieure ou ext\u00e9rieure. Elle peut \u00eatre install\u00e9e et repli\u00e9e rapidement et peut \u00eatre stock\u00e9e sans prendre beaucoup de place lorsqu&rsquo;elle n&rsquo;est pas utilis\u00e9e. Cela en fait une excellente solution gain de place pour les entreprises de restauration mobile, les restaurants et les pubs. Pour plus de commodit\u00e9, la table est fournie enti\u00e8rement assembl\u00e9e avec des bouchons de pieds pour aider \u00e0 prot\u00e9ger les sols des \u00e9raflures et des marques.<\/p>\n<p>\u2022 Les pieds pliants permettent un transport facile et un rangement peu encombrant, les pieds se verrouillent en place lorsque la table est ouverte<br \/>\u2022 Convient pour une utilisation int\u00e9rieure et ext\u00e9rieure<br \/>\u2022 Facile \u00e0 nettoyer, r\u00e9sistant aux taches<br \/>\u2022 Fournie enti\u00e8rement assembl\u00e9e pour une utilisation directe<br \/>\u2022 Fournie avec des patins pour aider \u00e0 prot\u00e9ger les sols<br \/>\u2022 Dessus imitation rotin<br \/>\u2022 Utilisation polyvalente &#8211; convient pour les repas en plein air, les buffets, les mariages et les \u00e9v\u00e9nements<br \/>\u2022 Dessus en PEHD et pieds en acier pour un mobilier durable dans tous les environnements commerciaux occup\u00e9s<\/p>\n<p><b><u>Caract\u00e9ristiques du produit :<\/u><\/b><br \/>\u2022 Dim. : 730(H) x 620(L) x 620(P)mm<br \/>\u2022 Poids : 5,4kg<br \/>\u2022 Couleur : Marron.<\/p>\n","protected":false},"excerpt":{"rendered":"<p>730(H)x620(L)x620(P)mm<\/p>\n","protected":false},"featured_media":106598,"comment_status":"open","ping_status":"closed","template":"","meta":[],"product_brand":[],"product_cat":[1208,1201,1297,1212],"product_tag":[],"class_list":{"0":"post-110951","1":"product","2":"type-product","3":"status-publish","4":"has-post-thumbnail","6":"product_cat-interieur","7":"product_cat-mobilier","8":"product_cat-non-palettisable","9":"product_cat-tables-interieur","10":"product_shipping_class-free-shipping","12":"first","13":"outofstock","14":"featured","15":"taxable","16":"shipping-taxable","17":"purchasable","18":"product-type-simple"},"_links":{"self":[{"href":"https:\/\/abinox-chr-clim.com\/index.php\/wp-json\/wp\/v2\/product\/110951","targetHints":{"allow":["GET"]}}],"collection":[{"href":"https:\/\/abinox-chr-clim.com\/index.php\/wp-json\/wp\/v2\/product"}],"about":[{"href":"https:\/\/abinox-chr-clim.com\/index.php\/wp-json\/wp\/v2\/types\/product"}],"replies":[{"embeddable":true,"href":"https:\/\/abinox-chr-clim.com\/index.php\/wp-json\/wp\/v2\/comments?post=110951"}],"wp:featuredmedia":[{"embeddable":true,"href":"https:\/\/abinox-chr-clim.com\/index.php\/wp-json\/wp\/v2\/media\/106598"}],"wp:attachment":[{"href":"https:\/\/abinox-chr-clim.com\/index.php\/wp-json\/wp\/v2\/media?parent=110951"}],"wp:term":[{"taxonomy":"product_brand","embeddable":true,"href":"https:\/\/abinox-chr-clim.com\/index.php\/wp-json\/wp\/v2\/product_brand?post=110951"},{"taxonomy":"product_cat","embeddable":true,"href":"https:\/\/abinox-chr-clim.com\/index.php\/wp-json\/wp\/v2\/product_cat?post=110951"},{"taxonomy":"product_tag","embeddable":true,"href":"https:\/\/abinox-chr-clim.com\/index.php\/wp-json\/wp\/v2\/product_tag?post=110951"}],"curies":[{"name":"wp","href":"https:\/\/api.w.org\/{rel}","templated":true}]}}