{"id":110949,"date":"2025-05-29T12:13:40","date_gmt":"2025-05-29T10:13:40","guid":{"rendered":"https:\/\/abinox-chr-clim.com\/index.php\/product\/table-pliante-rectangulaire-en-rotin-pe-bolero-marron\/"},"modified":"2026-03-16T12:50:32","modified_gmt":"2026-03-16T11:50:32","slug":"table-pliante-rectangulaire-en-rotin-pe-bolero-marron","status":"publish","type":"product","link":"https:\/\/abinox-chr-clim.com\/index.php\/product\/table-pliante-rectangulaire-en-rotin-pe-bolero-marron\/","title":{"rendered":"Table pliante rectangulaire en rotin PE Bolero marron"},"content":{"rendered":"<p>Pratiques, robustes et faciles \u00e0 ranger, nos tables pliantes en rotin sont parfaites pour les traiteurs en d\u00e9placement. Dot\u00e9es d&rsquo;une poign\u00e9e de transport pratique, elles se replient \u00e0 la moiti\u00e9 de leur taille, ce qui facilite leur transport et leur rangement.<\/p>\n<p>\u2022 Les pieds pliants permettent un transport facile et un rangement peu encombrant, les pieds se verrouillent en place lorsque la table est ouverte<br \/>\u2022 Convient pour une utilisation int\u00e9rieure et ext\u00e9rieure<br \/>\u2022 Facile \u00e0 nettoyer, r\u00e9sistant aux taches<br \/>\u2022 Fournie enti\u00e8rement assembl\u00e9e pour une utilisation directe<br \/>\u2022 Fournie avec des patins pour aider \u00e0 prot\u00e9ger les sols<br \/>\u2022 Dessus imitation rotin<br \/>\u2022 Utilisation polyvalente &#8211; convient pour les repas en plein air, les buffets, les mariages et les \u00e9v\u00e9nements<br \/>\u2022 Dessus en PEHD et pieds en acier pour un mobilier durable dans tous les environnements commerciaux occup\u00e9s<\/p>\n<p><b><u>Caract\u00e9ristiques du produit :<\/u><\/b><br \/>\u2022 Dim. : 728(H) x 743(L) mm<br \/>\u2022 Mati\u00e8re : Acier rev\u00eatu de poudre<br \/>\u2022 Poids : 11,66 kg<br \/>\u2022 Couleur : Marron.<\/p>\n","protected":false},"excerpt":{"rendered":"<p>728(H)x1829(L)x743(P)mm<\/p>\n","protected":false},"featured_media":108890,"comment_status":"open","ping_status":"closed","template":"","meta":[],"product_brand":[],"product_cat":[1208,1201,1297,1212],"product_tag":[],"class_list":{"0":"post-110949","1":"product","2":"type-product","3":"status-publish","4":"has-post-thumbnail","6":"product_cat-interieur","7":"product_cat-mobilier","8":"product_cat-non-palettisable","9":"product_cat-tables-interieur","10":"product_shipping_class-free-shipping","12":"first","13":"outofstock","14":"featured","15":"taxable","16":"shipping-taxable","17":"purchasable","18":"product-type-simple"},"_links":{"self":[{"href":"https:\/\/abinox-chr-clim.com\/index.php\/wp-json\/wp\/v2\/product\/110949","targetHints":{"allow":["GET"]}}],"collection":[{"href":"https:\/\/abinox-chr-clim.com\/index.php\/wp-json\/wp\/v2\/product"}],"about":[{"href":"https:\/\/abinox-chr-clim.com\/index.php\/wp-json\/wp\/v2\/types\/product"}],"replies":[{"embeddable":true,"href":"https:\/\/abinox-chr-clim.com\/index.php\/wp-json\/wp\/v2\/comments?post=110949"}],"wp:featuredmedia":[{"embeddable":true,"href":"https:\/\/abinox-chr-clim.com\/index.php\/wp-json\/wp\/v2\/media\/108890"}],"wp:attachment":[{"href":"https:\/\/abinox-chr-clim.com\/index.php\/wp-json\/wp\/v2\/media?parent=110949"}],"wp:term":[{"taxonomy":"product_brand","embeddable":true,"href":"https:\/\/abinox-chr-clim.com\/index.php\/wp-json\/wp\/v2\/product_brand?post=110949"},{"taxonomy":"product_cat","embeddable":true,"href":"https:\/\/abinox-chr-clim.com\/index.php\/wp-json\/wp\/v2\/product_cat?post=110949"},{"taxonomy":"product_tag","embeddable":true,"href":"https:\/\/abinox-chr-clim.com\/index.php\/wp-json\/wp\/v2\/product_tag?post=110949"}],"curies":[{"name":"wp","href":"https:\/\/api.w.org\/{rel}","templated":true}]}}