{"id":110946,"date":"2025-05-29T12:13:35","date_gmt":"2025-05-29T10:13:35","guid":{"rendered":"https:\/\/abinox-chr-clim.com\/index.php\/product\/couteau-a-raclette-louis-tellier\/"},"modified":"2026-01-12T09:21:35","modified_gmt":"2026-01-12T08:21:35","slug":"couteau-a-raclette-louis-tellier","status":"publish","type":"product","link":"https:\/\/abinox-chr-clim.com\/index.php\/product\/couteau-a-raclette-louis-tellier\/","title":{"rendered":"Couteau \u00e0 raclette Louis Tellier"},"content":{"rendered":"<p>Id\u00e9al pour racler le fromage de la meule, le couteau \u00e0 raclette Louis Tellier est un outil indispensable pour les restaurants servant de la cuisine fran\u00e7aise. Le couteau \u00e0 raclette dispose d&rsquo;un design \u00e0 double face &#8211; un c\u00f4t\u00e9 lisse pour racler et un c\u00f4t\u00e9 micro-dent\u00e9 pour couper. Cela en fait un outil flexible et un excellent ajout \u00e0 votre \u00e9quipement de raclette.<\/p>\n<p>\u2022 Dispose d&rsquo;un c\u00f4t\u00e9 lisse pour gratter et d&rsquo;un c\u00f4t\u00e9 micro-dent\u00e9 pour couper<br \/>\u2022 L&rsquo;acier inoxydable est tr\u00e8s durable et facile \u00e0 nettoyer<br \/>\u2022 Le manche en bois assure une utilisation confortable<\/p>\n<p><b><u>Caract\u00e9ristiques du produit :<\/u><\/b><br \/>\u2022 Couleur : Marron.<\/p>\n","protected":false},"excerpt":{"rendered":"<p>200(H) x 200(L) x 250(P)mm<\/p>\n","protected":false},"featured_media":108887,"comment_status":"open","ping_status":"closed","template":"","meta":[],"product_brand":[],"product_cat":[1023,1031,1297],"product_tag":[],"class_list":{"0":"post-110946","1":"product","2":"type-product","3":"status-publish","4":"has-post-thumbnail","6":"product_cat-art-de-la-table","7":"product_cat-couverts","8":"product_cat-non-palettisable","9":"product_shipping_class-free-shipping","11":"first","12":"outofstock","13":"featured","14":"taxable","15":"shipping-taxable","16":"purchasable","17":"product-type-simple"},"_links":{"self":[{"href":"https:\/\/abinox-chr-clim.com\/index.php\/wp-json\/wp\/v2\/product\/110946","targetHints":{"allow":["GET"]}}],"collection":[{"href":"https:\/\/abinox-chr-clim.com\/index.php\/wp-json\/wp\/v2\/product"}],"about":[{"href":"https:\/\/abinox-chr-clim.com\/index.php\/wp-json\/wp\/v2\/types\/product"}],"replies":[{"embeddable":true,"href":"https:\/\/abinox-chr-clim.com\/index.php\/wp-json\/wp\/v2\/comments?post=110946"}],"wp:featuredmedia":[{"embeddable":true,"href":"https:\/\/abinox-chr-clim.com\/index.php\/wp-json\/wp\/v2\/media\/108887"}],"wp:attachment":[{"href":"https:\/\/abinox-chr-clim.com\/index.php\/wp-json\/wp\/v2\/media?parent=110946"}],"wp:term":[{"taxonomy":"product_brand","embeddable":true,"href":"https:\/\/abinox-chr-clim.com\/index.php\/wp-json\/wp\/v2\/product_brand?post=110946"},{"taxonomy":"product_cat","embeddable":true,"href":"https:\/\/abinox-chr-clim.com\/index.php\/wp-json\/wp\/v2\/product_cat?post=110946"},{"taxonomy":"product_tag","embeddable":true,"href":"https:\/\/abinox-chr-clim.com\/index.php\/wp-json\/wp\/v2\/product_tag?post=110946"}],"curies":[{"name":"wp","href":"https:\/\/api.w.org\/{rel}","templated":true}]}}