{"id":110930,"date":"2025-05-29T12:13:03","date_gmt":"2025-05-29T10:13:03","guid":{"rendered":"https:\/\/abinox-chr-clim.com\/index.php\/product\/pansements-impermeables-detectaplast-25x72mm-lot-de-100\/"},"modified":"2026-04-13T07:56:57","modified_gmt":"2026-04-13T05:56:57","slug":"pansements-impermeables-detectaplast-25x72mm-lot-de-100","status":"publish","type":"product","link":"https:\/\/abinox-chr-clim.com\/index.php\/product\/pansements-impermeables-detectaplast-25x72mm-lot-de-100\/","title":{"rendered":"Pansements imperm\u00e9ables Detectaplast 25x72mm (lot de 100)"},"content":{"rendered":"<p>Les pansements d\u00e9tectables bleus, pansements de restauration, sont largement utilis\u00e9s dans les zones de pr\u00e9paration des aliments, des sandwicheries aux bouchers en passant par les fabricants de g\u00e2teaux jusqu&rsquo;aux lignes de production alimentaire \u00e0 grande \u00e9chelle. Les pansements sont directement d\u00e9tect\u00e9s en raison de leur couleur bleue (il n&rsquo;existe pas de produits alimentaires naturels bleus) mais aussi \u00e0 cause d&rsquo;une feuille d&rsquo;aluminium sous la compresse, qui peut \u00eatre d\u00e9tect\u00e9e par des d\u00e9tecteurs de m\u00e9taux.<\/p>\n<p>\u2022 Fabriqu\u00e9 en PE (poly\u00e9thyl\u00e8ne) tr\u00e8s r\u00e9sistant<br \/>\u2022 R\u00e9sistant \u00e0 l&rsquo;eau et \u00e0 la salet\u00e9<br \/>\u2022 D\u00e9tectable visuellement et \u00e9lectromagn\u00e9tiquement, couleur bleue pour faciliter la d\u00e9tection<br \/>\u2022 Un adh\u00e9sif hypoallerg\u00e9nique puissant garantit moins de r\u00e9actions cutan\u00e9es, le tampon absorbant ne colle pas \u00e0 la plaie<br \/>\u2022 Bande d&rsquo;aluminium sans latex sous le coussinet prot\u00e8ge-plaie<br \/>\u2022 Selon les normes HACCP, IFS, BRC<\/p>\n<p><b><u>Caract\u00e9ristiques du produit :<\/u><\/b><br \/>\u2022 Lot : 100.0<br \/>\u2022 Dim. : 90(H) x 90(L) mm<br \/>\u2022 Poids : 70 g.<\/p>\n","protected":false},"excerpt":{"rendered":"<p>25x72mm<\/p>\n","protected":false},"featured_media":106597,"comment_status":"open","ping_status":"closed","template":"","meta":[],"product_brand":[],"product_cat":[1234,1297,1233,1216],"product_tag":[],"class_list":{"0":"post-110930","1":"product","2":"type-product","3":"status-publish","4":"has-post-thumbnail","6":"product_cat-bandages-et-pansements","7":"product_cat-non-palettisable","8":"product_cat-premiers-soins","9":"product_cat-usage-unique-et-entretien","10":"product_shipping_class-free-shipping","12":"first","13":"instock","14":"featured","15":"taxable","16":"shipping-taxable","17":"purchasable","18":"product-type-simple"},"_links":{"self":[{"href":"https:\/\/abinox-chr-clim.com\/index.php\/wp-json\/wp\/v2\/product\/110930","targetHints":{"allow":["GET"]}}],"collection":[{"href":"https:\/\/abinox-chr-clim.com\/index.php\/wp-json\/wp\/v2\/product"}],"about":[{"href":"https:\/\/abinox-chr-clim.com\/index.php\/wp-json\/wp\/v2\/types\/product"}],"replies":[{"embeddable":true,"href":"https:\/\/abinox-chr-clim.com\/index.php\/wp-json\/wp\/v2\/comments?post=110930"}],"wp:featuredmedia":[{"embeddable":true,"href":"https:\/\/abinox-chr-clim.com\/index.php\/wp-json\/wp\/v2\/media\/106597"}],"wp:attachment":[{"href":"https:\/\/abinox-chr-clim.com\/index.php\/wp-json\/wp\/v2\/media?parent=110930"}],"wp:term":[{"taxonomy":"product_brand","embeddable":true,"href":"https:\/\/abinox-chr-clim.com\/index.php\/wp-json\/wp\/v2\/product_brand?post=110930"},{"taxonomy":"product_cat","embeddable":true,"href":"https:\/\/abinox-chr-clim.com\/index.php\/wp-json\/wp\/v2\/product_cat?post=110930"},{"taxonomy":"product_tag","embeddable":true,"href":"https:\/\/abinox-chr-clim.com\/index.php\/wp-json\/wp\/v2\/product_tag?post=110930"}],"curies":[{"name":"wp","href":"https:\/\/api.w.org\/{rel}","templated":true}]}}