{"id":110929,"date":"2025-05-29T12:13:01","date_gmt":"2025-05-29T10:13:01","guid":{"rendered":"https:\/\/abinox-chr-clim.com\/index.php\/product\/gobelets-hi-ball-olympia-eva-350-ml-lot-de-6\/"},"modified":"2026-04-24T11:09:50","modified_gmt":"2026-04-24T09:09:50","slug":"gobelets-hi-ball-olympia-eva-350-ml-lot-de-6","status":"publish","type":"product","link":"https:\/\/abinox-chr-clim.com\/index.php\/product\/gobelets-hi-ball-olympia-eva-350-ml-lot-de-6\/","title":{"rendered":"Gobelets Hi Ball Olympia Eva 350 ml (lot de 6)"},"content":{"rendered":"<p>Verre d&rsquo;inspiration vintage, avec un petit motif diamant sur le corps du verre. Bord roul\u00e9 pour la durabilit\u00e9 et la pr\u00e9vention des \u00e9clats. Lavable au lave-verres.<\/p>\n<p>\u2022 Dimensions 79(\u00d8)x 128(H)mm<br \/>\u2022 Mat\u00e9riau Verre sodocalcique<br \/>\u2022 Poids 432g<br \/>\u2022 Capacit\u00e9 350 ml<br \/>\u2022 Couleur Claire<br \/>\u2022 Verres \u00e0 cocktail de style vintage<br \/>\u2022 La construction lavable au lave-verres permet un nettoyage rapide et en profondeur<br \/>\u2022 Design minimaliste pour servir une large gamme de boissons<\/p>\n<p><b><u>Caract\u00e9ristiques du produit :<\/u><\/b><br \/>\u2022 Lot : 6.0<br \/>\u2022 Capacit\u00e9 : 35 cl<br \/>\u2022 Dim. : 128(H) x 79(\u00d8) mm<br \/>\u2022 Mati\u00e8re : Savon<br \/>\u2022 Poids : 432 g<br \/>\u2022 Couleur : Transparent.<\/p>\n","protected":false},"excerpt":{"rendered":"<p>350 ml &#8211; Lot de 6<\/p>\n","protected":false},"featured_media":107652,"comment_status":"open","ping_status":"closed","template":"","meta":[],"product_brand":[],"product_cat":[1023,1055,1297,1051],"product_tag":[],"class_list":{"0":"post-110929","1":"product","2":"type-product","3":"status-publish","4":"has-post-thumbnail","6":"product_cat-art-de-la-table","7":"product_cat-chopes-et-gobelets","8":"product_cat-non-palettisable","9":"product_cat-verrerie","10":"product_shipping_class-free-shipping","12":"first","13":"instock","14":"featured","15":"taxable","16":"shipping-taxable","17":"purchasable","18":"product-type-simple"},"_links":{"self":[{"href":"https:\/\/abinox-chr-clim.com\/index.php\/wp-json\/wp\/v2\/product\/110929","targetHints":{"allow":["GET"]}}],"collection":[{"href":"https:\/\/abinox-chr-clim.com\/index.php\/wp-json\/wp\/v2\/product"}],"about":[{"href":"https:\/\/abinox-chr-clim.com\/index.php\/wp-json\/wp\/v2\/types\/product"}],"replies":[{"embeddable":true,"href":"https:\/\/abinox-chr-clim.com\/index.php\/wp-json\/wp\/v2\/comments?post=110929"}],"wp:featuredmedia":[{"embeddable":true,"href":"https:\/\/abinox-chr-clim.com\/index.php\/wp-json\/wp\/v2\/media\/107652"}],"wp:attachment":[{"href":"https:\/\/abinox-chr-clim.com\/index.php\/wp-json\/wp\/v2\/media?parent=110929"}],"wp:term":[{"taxonomy":"product_brand","embeddable":true,"href":"https:\/\/abinox-chr-clim.com\/index.php\/wp-json\/wp\/v2\/product_brand?post=110929"},{"taxonomy":"product_cat","embeddable":true,"href":"https:\/\/abinox-chr-clim.com\/index.php\/wp-json\/wp\/v2\/product_cat?post=110929"},{"taxonomy":"product_tag","embeddable":true,"href":"https:\/\/abinox-chr-clim.com\/index.php\/wp-json\/wp\/v2\/product_tag?post=110929"}],"curies":[{"name":"wp","href":"https:\/\/api.w.org\/{rel}","templated":true}]}}