{"id":110927,"date":"2025-05-29T12:12:57","date_gmt":"2025-05-29T10:12:57","guid":{"rendered":"https:\/\/abinox-chr-clim.com\/index.php\/product\/desinsectiseur-professionnel-led-avec-plaques-de-glu-eazyzap\/"},"modified":"2026-04-13T08:12:55","modified_gmt":"2026-04-13T06:12:55","slug":"desinsectiseur-professionnel-led-avec-plaques-de-glu-eazyzap","status":"publish","type":"product","link":"https:\/\/abinox-chr-clim.com\/index.php\/product\/desinsectiseur-professionnel-led-avec-plaques-de-glu-eazyzap\/","title":{"rendered":"D\u00e9sinsectiseur professionnel LED avec plaques de glu Eazyzap"},"content":{"rendered":"<p>Alternative efficace aux d\u00e9sinsectiseurs traditionnels pour la lutte contre les nuisibles \u00e0 l&rsquo;aide de plaques de glu. Con\u00e7u pour un fonctionnement silencieux et une maintenance r\u00e9duite.<\/p>\n<p>\u2022 Couverture 100m\u00b2<br \/>\u2022 Ampoules LED longue dur\u00e9e \u00e0 \u00e9conomie d&rsquo;\u00e9nergie<br \/>\u2022 Retrait et installation faciles des plaques de glu sur le c\u00f4t\u00e9 de l&rsquo;appareil<br \/>\u2022 Fa\u00e7ade en acier inoxydable &#8211; Joli design professionnel<br \/>\u2022 Montage mural par l&rsquo;arri\u00e8re de l&rsquo;appareil<br \/>\u2022 Fonctionnement sans d\u00e9chets. Pas de d\u00e9charges \/ pas de d\u00e9bris d&rsquo;insectes<br \/>\u2022 Facile \u00e0 entretenir &#8211; changer la plaque de glu environ une fois par mois<\/p>\n<p><b><u>Caract\u00e9ristiques du produit :<\/u><\/b><br \/>\u2022 Dim. : 305(H) x 525(L) x 80(P)mm<br \/>\u2022 Mati\u00e8re : Inox<br \/>\u2022 Voltage : 220-240V<br \/>\u2022 Poids : 3 kg<br \/>\u2022 Couleur : Argent.<\/p>\n","protected":false},"excerpt":{"rendered":"<p>12W. Couverture 100m\u00b2<\/p>\n","protected":false},"featured_media":105905,"comment_status":"open","ping_status":"closed","template":"","meta":[],"product_brand":[],"product_cat":[1248,1297,1216],"product_tag":[],"class_list":{"0":"post-110927","1":"product","2":"type-product","3":"status-publish","4":"has-post-thumbnail","6":"product_cat-desinsectisation","7":"product_cat-non-palettisable","8":"product_cat-usage-unique-et-entretien","9":"product_shipping_class-free-shipping","11":"first","12":"instock","13":"featured","14":"taxable","15":"shipping-taxable","16":"purchasable","17":"product-type-simple"},"_links":{"self":[{"href":"https:\/\/abinox-chr-clim.com\/index.php\/wp-json\/wp\/v2\/product\/110927","targetHints":{"allow":["GET"]}}],"collection":[{"href":"https:\/\/abinox-chr-clim.com\/index.php\/wp-json\/wp\/v2\/product"}],"about":[{"href":"https:\/\/abinox-chr-clim.com\/index.php\/wp-json\/wp\/v2\/types\/product"}],"replies":[{"embeddable":true,"href":"https:\/\/abinox-chr-clim.com\/index.php\/wp-json\/wp\/v2\/comments?post=110927"}],"wp:featuredmedia":[{"embeddable":true,"href":"https:\/\/abinox-chr-clim.com\/index.php\/wp-json\/wp\/v2\/media\/105905"}],"wp:attachment":[{"href":"https:\/\/abinox-chr-clim.com\/index.php\/wp-json\/wp\/v2\/media?parent=110927"}],"wp:term":[{"taxonomy":"product_brand","embeddable":true,"href":"https:\/\/abinox-chr-clim.com\/index.php\/wp-json\/wp\/v2\/product_brand?post=110927"},{"taxonomy":"product_cat","embeddable":true,"href":"https:\/\/abinox-chr-clim.com\/index.php\/wp-json\/wp\/v2\/product_cat?post=110927"},{"taxonomy":"product_tag","embeddable":true,"href":"https:\/\/abinox-chr-clim.com\/index.php\/wp-json\/wp\/v2\/product_tag?post=110927"}],"curies":[{"name":"wp","href":"https:\/\/api.w.org\/{rel}","templated":true}]}}