{"id":110920,"date":"2025-05-29T12:12:45","date_gmt":"2025-05-29T10:12:45","guid":{"rendered":"https:\/\/abinox-chr-clim.com\/index.php\/product\/comptoir-de-preparation-positif-econome-en-energie-polar-serie-g-4-x-gn-1-3\/"},"modified":"2026-04-14T11:13:51","modified_gmt":"2026-04-14T09:13:51","slug":"comptoir-de-preparation-positif-econome-en-energie-polar-serie-g-4-x-gn-1-3","status":"publish","type":"product","link":"https:\/\/abinox-chr-clim.com\/index.php\/product\/comptoir-de-preparation-positif-econome-en-energie-polar-serie-g-4-x-gn-1-3\/","title":{"rendered":"Comptoir de pr\u00e9paration positif \u00e9conome en \u00e9nergie Polar S\u00e9rie G 4 x GN 1\/3"},"content":{"rendered":"<p>Un comptoir r\u00e9frig\u00e9r\u00e9 \u00e9l\u00e9gant, id\u00e9al pour garder les ingr\u00e9dients ou les garnitures au frais et faciles d&rsquo;acc\u00e8s. Comprend une planche \u00e0 d\u00e9couper\/de pr\u00e9paration int\u00e9gr\u00e9e et un \u00e9l\u00e9gant couvercle \u00e0 charni\u00e8re en verre incurv\u00e9.<\/p>\n<p>\u2022 Pieds robustes pour un positionnement s\u00e9curis\u00e9<br \/>\u2022 Construction en acier inoxydable et en verre solide et facile \u00e0 nettoyer<br \/>\u2022 Refroidissement statique &#8211; pas de ventilateurs bruyants<br \/>\u2022 Couvercle incurv\u00e9 \u00e9l\u00e9gant<br \/>\u2022 D\u00e9givrage manuel<br \/>\u2022 Commandes num\u00e9riques conviviales<br \/>\u2022 Tr\u00e8s polyvalent &#8211; Configuration de 4x GN 1\/3 ou 8x GN 1\/6<\/p>\n<p><b><u>Caract\u00e9ristiques du produit :<\/u><\/b><br \/>\u2022 Capacit\u00e9 : 67 L<br \/>\u2022 Dim. : 328(H) x 767(L) x 612(P) mm<br \/>\u2022 Mati\u00e8re : Inox et verre<br \/>\u2022 Fr\u00e9on : R600a \/ GWP 3<br \/>\u2022 Temp\u00e9rature : 0 \u00b0C \u00e0 12 \u00b0C<br \/>\u2022 Voltage : 220-240V<br \/>\u2022 Poids : 22,5 kg<br \/>\u2022 Classe \u00e9nerg\u00e9tique : 45851<br \/>\u2022 Classe climatique : 4<br \/>\u2022 Temp\u00e9rature ambiante MAX : 30 \u00b0C<br \/>\u2022 Couleur : Argent.<\/p>\n","protected":false},"excerpt":{"rendered":"<p>105W. Largeur : 767 mm. Capacit\u00e9 : 4x GN 1\/3<\/p>\n","protected":false},"featured_media":107183,"comment_status":"open","ping_status":"closed","template":"","meta":[],"product_brand":[],"product_cat":[1249,1296,1255],"product_tag":[],"class_list":{"0":"post-110920","1":"product","2":"type-product","3":"status-publish","4":"has-post-thumbnail","6":"product_cat-froid","7":"product_cat-palettisable","8":"product_cat-tables-refrigerees","9":"product_shipping_class-free-shipping","11":"first","12":"instock","13":"featured","14":"taxable","15":"shipping-taxable","16":"purchasable","17":"product-type-simple"},"_links":{"self":[{"href":"https:\/\/abinox-chr-clim.com\/index.php\/wp-json\/wp\/v2\/product\/110920","targetHints":{"allow":["GET"]}}],"collection":[{"href":"https:\/\/abinox-chr-clim.com\/index.php\/wp-json\/wp\/v2\/product"}],"about":[{"href":"https:\/\/abinox-chr-clim.com\/index.php\/wp-json\/wp\/v2\/types\/product"}],"replies":[{"embeddable":true,"href":"https:\/\/abinox-chr-clim.com\/index.php\/wp-json\/wp\/v2\/comments?post=110920"}],"wp:featuredmedia":[{"embeddable":true,"href":"https:\/\/abinox-chr-clim.com\/index.php\/wp-json\/wp\/v2\/media\/107183"}],"wp:attachment":[{"href":"https:\/\/abinox-chr-clim.com\/index.php\/wp-json\/wp\/v2\/media?parent=110920"}],"wp:term":[{"taxonomy":"product_brand","embeddable":true,"href":"https:\/\/abinox-chr-clim.com\/index.php\/wp-json\/wp\/v2\/product_brand?post=110920"},{"taxonomy":"product_cat","embeddable":true,"href":"https:\/\/abinox-chr-clim.com\/index.php\/wp-json\/wp\/v2\/product_cat?post=110920"},{"taxonomy":"product_tag","embeddable":true,"href":"https:\/\/abinox-chr-clim.com\/index.php\/wp-json\/wp\/v2\/product_tag?post=110920"}],"curies":[{"name":"wp","href":"https:\/\/api.w.org\/{rel}","templated":true}]}}