{"id":110911,"date":"2025-05-29T12:12:27","date_gmt":"2025-05-29T10:12:27","guid":{"rendered":"https:\/\/abinox-chr-clim.com\/index.php\/product\/planche-a-pizza-ronde-avec-poignee-aps-effet-chene-300mm\/"},"modified":"2026-04-15T10:28:06","modified_gmt":"2026-04-15T08:28:06","slug":"planche-a-pizza-ronde-avec-poignee-aps-effet-chene-300mm","status":"publish","type":"product","link":"https:\/\/abinox-chr-clim.com\/index.php\/product\/planche-a-pizza-ronde-avec-poignee-aps-effet-chene-300mm\/","title":{"rendered":"Planche \u00e0 pizza ronde avec poign\u00e9e APS effet ch\u00eane 300mm"},"content":{"rendered":"<p>Planche durable en m\u00e9lamine effet bois de ch\u00eane id\u00e9ale pour la pr\u00e9sentation des aliments. Empilable et lavable au lave-vaisselle.<\/p>\n<p>\u2022 En m\u00e9lamine imitation bois<br \/>\u2022 R\u00e9sistant aux \u00e9clats<br \/>\u2022 R\u00e9sistant aux rayures<br \/>\u2022 Pratiquement incassable<br \/>\u2022 Passe au lave-vaisselle<\/p>\n<p><b><u>Caract\u00e9ristiques du produit :<\/u><\/b><br \/>\u2022 Dim. : 15(H) x 300(\u00d8) mm<br \/>\u2022 Mati\u00e8re : M\u00e9lamine<br \/>\u2022 Poids : 960 g<br \/>\u2022 Couleur : Marron.<\/p>\n","protected":false},"excerpt":{"rendered":"<p>15(H) x 300(\u00d8)mm. Poign\u00e9e 120mm<\/p>\n","protected":false},"featured_media":106418,"comment_status":"open","ping_status":"closed","template":"","meta":[],"product_brand":[],"product_cat":[1277,1297],"product_tag":[],"class_list":{"0":"post-110911","1":"product","2":"type-product","3":"status-publish","4":"has-post-thumbnail","6":"product_cat-divers-principal","7":"product_cat-non-palettisable","8":"product_shipping_class-free-shipping","10":"first","11":"outofstock","12":"featured","13":"taxable","14":"shipping-taxable","15":"purchasable","16":"product-type-simple"},"_links":{"self":[{"href":"https:\/\/abinox-chr-clim.com\/index.php\/wp-json\/wp\/v2\/product\/110911","targetHints":{"allow":["GET"]}}],"collection":[{"href":"https:\/\/abinox-chr-clim.com\/index.php\/wp-json\/wp\/v2\/product"}],"about":[{"href":"https:\/\/abinox-chr-clim.com\/index.php\/wp-json\/wp\/v2\/types\/product"}],"replies":[{"embeddable":true,"href":"https:\/\/abinox-chr-clim.com\/index.php\/wp-json\/wp\/v2\/comments?post=110911"}],"wp:featuredmedia":[{"embeddable":true,"href":"https:\/\/abinox-chr-clim.com\/index.php\/wp-json\/wp\/v2\/media\/106418"}],"wp:attachment":[{"href":"https:\/\/abinox-chr-clim.com\/index.php\/wp-json\/wp\/v2\/media?parent=110911"}],"wp:term":[{"taxonomy":"product_brand","embeddable":true,"href":"https:\/\/abinox-chr-clim.com\/index.php\/wp-json\/wp\/v2\/product_brand?post=110911"},{"taxonomy":"product_cat","embeddable":true,"href":"https:\/\/abinox-chr-clim.com\/index.php\/wp-json\/wp\/v2\/product_cat?post=110911"},{"taxonomy":"product_tag","embeddable":true,"href":"https:\/\/abinox-chr-clim.com\/index.php\/wp-json\/wp\/v2\/product_tag?post=110911"}],"curies":[{"name":"wp","href":"https:\/\/api.w.org\/{rel}","templated":true}]}}