{"id":110910,"date":"2025-05-29T12:12:26","date_gmt":"2025-05-29T10:12:26","guid":{"rendered":"https:\/\/abinox-chr-clim.com\/index.php\/product\/grands-sacs-poubelle-noirs-utilisation-courante-jantex-80l-lot-de-10\/"},"modified":"2025-07-10T12:38:09","modified_gmt":"2025-07-10T10:38:09","slug":"grands-sacs-poubelle-noirs-utilisation-courante-jantex-80l-lot-de-10","status":"publish","type":"product","link":"https:\/\/abinox-chr-clim.com\/index.php\/product\/grands-sacs-poubelle-noirs-utilisation-courante-jantex-80l-lot-de-10\/","title":{"rendered":"Grands sacs poubelle noirs utilisation courante Jantex 80L (lot de 10)"},"content":{"rendered":"<p>GF278 &#8211; Capacit\u00e9 25L. Usage standard &#8211; 5kg. 380 x 610 x 610mm.GK688 &#8211; Capacit\u00e9 70L. Usage standard &#8211; 10kg. 460 x 740 x 838mm. GN399 &#8211; Capacit\u00e9 80L. Usage standard &#8211; 10kg. 460 x 740 x 860mm.GK687 &#8211; Capacit\u00e9 90L. Tr\u00e8s r\u00e9sistants. 20kg. 965 x 737(ouvert) ou 457mm.<\/p>\n<p>\u2022 Le poly\u00e9thyl\u00e8ne sp\u00e9cialement formul\u00e9 offre une excellente r\u00e9sistance.<br \/>\u2022 La conception r\u00e9sistante \u00e0 la d\u00e9chirure et \u00e0 la perforation emp\u00eache les d\u00e9versements<br \/>\u2022 La capacit\u00e9 de charge maximale de 10 kg en fait la solution id\u00e9ale pour l&rsquo;\u00e9limination des d\u00e9chets de taille moyenne.<br \/>\u2022 Id\u00e9al pour une utilisation commerciale gr\u00e2ce \u00e0 sa grande capacit\u00e9 de 80 litres.<br \/>\u2022 Ces sacs poubelle en polyth\u00e8ne peuvent \u00eatre recycl\u00e9s<br \/>\u2022 V\u00e9rifiez d&rsquo;abord aupr\u00e8s de votre service de gestion des d\u00e9chets avant de les envoyer pour recyclage<br \/>\u2022 Conforme \u00e0 la r\u00e9glementation CHSA<br \/>\u2022 Largeur ouvert : 737mm<br \/>\u2022 Longueur : 965mm<br \/>\u2022 Ces sacs poubelle en polyth\u00e8ne peuvent \u00eatre recycl\u00e9s<br \/>\u2022 V\u00e9rifiez d&rsquo;abord aupr\u00e8s de votre service de gestion des d\u00e9chets avant de les envoyer pour recyclage<\/p>\n<p><b><u>Caract\u00e9ristiques du produit :<\/u><\/b><br \/>\u2022 Lot : 10.0<br \/>\u2022 Capacit\u00e9 : 80L | 10kg<br \/>\u2022 Dim. : 406(l pli\u00e9) x 737(l ouvert) x 965(L)mm<br \/>\u2022 Mati\u00e8re : Poly\u00e9thyl\u00e8ne recycl\u00e9<br \/>\u2022 Poids : 30 g<br \/>\u2022 Couleur : Noir.<\/p>\n","protected":false},"excerpt":{"rendered":"<p>Capacit\u00e9 : 80L | 10kg. Lot de 10<\/p>\n","protected":false},"featured_media":108845,"comment_status":"open","ping_status":"closed","template":"","meta":[],"product_brand":[],"product_cat":[1217,1297,1219,1216],"product_tag":[],"class_list":{"0":"post-110910","1":"product","2":"type-product","3":"status-publish","4":"has-post-thumbnail","6":"product_cat-collecte-des-dechets","7":"product_cat-non-palettisable","8":"product_cat-poubelles","9":"product_cat-usage-unique-et-entretien","10":"product_shipping_class-free-shipping","12":"first","13":"outofstock","14":"featured","15":"taxable","16":"shipping-taxable","17":"purchasable","18":"product-type-simple"},"_links":{"self":[{"href":"https:\/\/abinox-chr-clim.com\/index.php\/wp-json\/wp\/v2\/product\/110910","targetHints":{"allow":["GET"]}}],"collection":[{"href":"https:\/\/abinox-chr-clim.com\/index.php\/wp-json\/wp\/v2\/product"}],"about":[{"href":"https:\/\/abinox-chr-clim.com\/index.php\/wp-json\/wp\/v2\/types\/product"}],"replies":[{"embeddable":true,"href":"https:\/\/abinox-chr-clim.com\/index.php\/wp-json\/wp\/v2\/comments?post=110910"}],"wp:featuredmedia":[{"embeddable":true,"href":"https:\/\/abinox-chr-clim.com\/index.php\/wp-json\/wp\/v2\/media\/108845"}],"wp:attachment":[{"href":"https:\/\/abinox-chr-clim.com\/index.php\/wp-json\/wp\/v2\/media?parent=110910"}],"wp:term":[{"taxonomy":"product_brand","embeddable":true,"href":"https:\/\/abinox-chr-clim.com\/index.php\/wp-json\/wp\/v2\/product_brand?post=110910"},{"taxonomy":"product_cat","embeddable":true,"href":"https:\/\/abinox-chr-clim.com\/index.php\/wp-json\/wp\/v2\/product_cat?post=110910"},{"taxonomy":"product_tag","embeddable":true,"href":"https:\/\/abinox-chr-clim.com\/index.php\/wp-json\/wp\/v2\/product_tag?post=110910"}],"curies":[{"name":"wp","href":"https:\/\/api.w.org\/{rel}","templated":true}]}}