{"id":110903,"date":"2025-05-29T12:12:13","date_gmt":"2025-05-29T10:12:13","guid":{"rendered":"https:\/\/abinox-chr-clim.com\/index.php\/product\/marmite-a-soupe-rowlett-10l\/"},"modified":"2026-04-15T10:54:35","modified_gmt":"2026-04-15T08:54:35","slug":"marmite-a-soupe-rowlett-10l","status":"publish","type":"product","link":"https:\/\/abinox-chr-clim.com\/index.php\/product\/marmite-a-soupe-rowlett-10l\/","title":{"rendered":"Marmite \u00e0 soupe Rowlett 10L"},"content":{"rendered":"<p>Parfaite pour r\u00e9chauffer et servir les soupes. Con\u00e7ue pour un usage commercial, cette marmite \u00e0 soupe assure un contr\u00f4le constant de la temp\u00e9rature, ce qui la rend id\u00e9ale pour les cuisines occup\u00e9es et les \u00e9v\u00e9nements de restauration.<\/p>\n<p>\u2022 Panneau de contr\u00f4le num\u00e9rique intuitif<br \/>\u2022 Plage de temp\u00e9rature r\u00e9glable 40-90\u00b0C par incr\u00e9ments de 1\u00b0C<br \/>\u2022 Chaleur s\u00e8che &#8211; pas de bain d&rsquo;eau et pas besoin de remplissage\/vidange<br \/>\u2022 Cuve int\u00e9rieure adapt\u00e9e \u00e0 toutes les plaques de cuisson, y compris \u00e0 induction<br \/>\u2022 Finition \u00e9l\u00e9gante, id\u00e9ale pour les espaces face aux clients<br \/>\u2022 Alimentation par simple branchement &#8211; id\u00e9al pour le service traiteur \u00e9v\u00e9nementiel<\/p>\n<p><b><u>Caract\u00e9ristiques du produit :<\/u><\/b><br \/>\u2022 Dim. : 418(H) mm<br \/>\u2022 Mati\u00e8re : Inox et aluminium<br \/>\u2022 Temp\u00e9rature : 40 \u00b0C \u00e0 90 \u00b0C<br \/>\u2022 Voltage : 220-240V<br \/>\u2022 Couleur : Noir.<\/p>\n","protected":false},"excerpt":{"rendered":"<p>450W. Chaleur s\u00e8che<\/p>\n","protected":false},"featured_media":107188,"comment_status":"open","ping_status":"closed","template":"","meta":[],"product_brand":[],"product_cat":[1180,1160,1297,1179],"product_tag":[],"class_list":{"0":"post-110903","1":"product","2":"type-product","3":"status-publish","4":"has-post-thumbnail","6":"product_cat-chauffe-aliments","7":"product_cat-materiel-electrique-et-de-cuisson","8":"product_cat-non-palettisable","9":"product_cat-petit-materiel","10":"product_shipping_class-free-shipping","12":"first","13":"instock","14":"featured","15":"taxable","16":"shipping-taxable","17":"purchasable","18":"product-type-simple"},"_links":{"self":[{"href":"https:\/\/abinox-chr-clim.com\/index.php\/wp-json\/wp\/v2\/product\/110903","targetHints":{"allow":["GET"]}}],"collection":[{"href":"https:\/\/abinox-chr-clim.com\/index.php\/wp-json\/wp\/v2\/product"}],"about":[{"href":"https:\/\/abinox-chr-clim.com\/index.php\/wp-json\/wp\/v2\/types\/product"}],"replies":[{"embeddable":true,"href":"https:\/\/abinox-chr-clim.com\/index.php\/wp-json\/wp\/v2\/comments?post=110903"}],"wp:featuredmedia":[{"embeddable":true,"href":"https:\/\/abinox-chr-clim.com\/index.php\/wp-json\/wp\/v2\/media\/107188"}],"wp:attachment":[{"href":"https:\/\/abinox-chr-clim.com\/index.php\/wp-json\/wp\/v2\/media?parent=110903"}],"wp:term":[{"taxonomy":"product_brand","embeddable":true,"href":"https:\/\/abinox-chr-clim.com\/index.php\/wp-json\/wp\/v2\/product_brand?post=110903"},{"taxonomy":"product_cat","embeddable":true,"href":"https:\/\/abinox-chr-clim.com\/index.php\/wp-json\/wp\/v2\/product_cat?post=110903"},{"taxonomy":"product_tag","embeddable":true,"href":"https:\/\/abinox-chr-clim.com\/index.php\/wp-json\/wp\/v2\/product_tag?post=110903"}],"curies":[{"name":"wp","href":"https:\/\/api.w.org\/{rel}","templated":true}]}}