{"id":110895,"date":"2025-05-29T12:11:56","date_gmt":"2025-05-29T10:11:56","guid":{"rendered":"https:\/\/abinox-chr-clim.com\/index.php\/product\/couteau-a-huitres-vogue-2\/"},"modified":"2026-04-14T11:24:17","modified_gmt":"2026-04-14T09:24:17","slug":"couteau-a-huitres-vogue-2","status":"publish","type":"product","link":"https:\/\/abinox-chr-clim.com\/index.php\/product\/couteau-a-huitres-vogue-2\/","title":{"rendered":"Couteau \u00e0 hu\u00eetres Vogue"},"content":{"rendered":"<p>Couteau \u00e0 hu\u00eetres commercial robuste avec une lame en acier inoxydable de haute qualit\u00e9. Poign\u00e9e sp\u00e9cialement con\u00e7ue pour faciliter l&rsquo;ouverture fluide et confortable des hu\u00eetres. Compatible lave-vaisselle.<\/p>\n<p>\u2022 Dot\u00e9 d&rsquo;un prot\u00e8ge-mitre pour \u00e9viter que votre main ne glisse sur la lame, le couteau assure votre s\u00e9curit\u00e9 lors de la pr\u00e9paration des hu\u00eetres.<br \/>\u2022 Le manche est \u00e9galement con\u00e7u de mani\u00e8re ergonomique, vous offrant un confort suppl\u00e9mentaire lorsque vous utilisez le couteau pour des t\u00e2ches de longue dur\u00e9e.<br \/>\u2022 Lave-vaisselle<br \/>\u2022 Lame en acier inoxydable de 60 mm<br \/>\u2022 Manche en polypropyl\u00e8ne noir<\/p>\n<p><b><u>Caract\u00e9ristiques du produit :<\/u><\/b><br \/>\u2022 Mati\u00e8re : Inox<br \/>\u2022 Couleur : Noir.<\/p>\n","protected":false},"excerpt":{"rendered":"<p>Manche noir<\/p>\n","protected":false},"featured_media":107648,"comment_status":"open","ping_status":"closed","template":"","meta":[],"product_brand":[],"product_cat":[1023,1031,1297],"product_tag":[],"class_list":{"0":"post-110895","1":"product","2":"type-product","3":"status-publish","4":"has-post-thumbnail","6":"product_cat-art-de-la-table","7":"product_cat-couverts","8":"product_cat-non-palettisable","9":"product_shipping_class-free-shipping","11":"first","12":"instock","13":"featured","14":"taxable","15":"shipping-taxable","16":"purchasable","17":"product-type-simple"},"_links":{"self":[{"href":"https:\/\/abinox-chr-clim.com\/index.php\/wp-json\/wp\/v2\/product\/110895","targetHints":{"allow":["GET"]}}],"collection":[{"href":"https:\/\/abinox-chr-clim.com\/index.php\/wp-json\/wp\/v2\/product"}],"about":[{"href":"https:\/\/abinox-chr-clim.com\/index.php\/wp-json\/wp\/v2\/types\/product"}],"replies":[{"embeddable":true,"href":"https:\/\/abinox-chr-clim.com\/index.php\/wp-json\/wp\/v2\/comments?post=110895"}],"wp:featuredmedia":[{"embeddable":true,"href":"https:\/\/abinox-chr-clim.com\/index.php\/wp-json\/wp\/v2\/media\/107648"}],"wp:attachment":[{"href":"https:\/\/abinox-chr-clim.com\/index.php\/wp-json\/wp\/v2\/media?parent=110895"}],"wp:term":[{"taxonomy":"product_brand","embeddable":true,"href":"https:\/\/abinox-chr-clim.com\/index.php\/wp-json\/wp\/v2\/product_brand?post=110895"},{"taxonomy":"product_cat","embeddable":true,"href":"https:\/\/abinox-chr-clim.com\/index.php\/wp-json\/wp\/v2\/product_cat?post=110895"},{"taxonomy":"product_tag","embeddable":true,"href":"https:\/\/abinox-chr-clim.com\/index.php\/wp-json\/wp\/v2\/product_tag?post=110895"}],"curies":[{"name":"wp","href":"https:\/\/api.w.org\/{rel}","templated":true}]}}